{"id":56903,"date":"2022-12-01T11:28:16","date_gmt":"2022-12-01T10:28:16","guid":{"rendered":"https:\/\/cndestetik.ch\/prodotto\/wellness-kraeutertee-starterpaket\/"},"modified":"2024-01-16T00:00:24","modified_gmt":"2024-01-15T23:00:24","slug":"starter-kit-tisane-of-wellness","status":"publish","type":"product","link":"https:\/\/cndestetik.ch\/de\/prodotto\/starter-kit-tisane-of-wellness\/","title":{"rendered":"Wellness-Kr\u00e4utertee-Starterpaket"},"content":{"rendered":"<p>Unsere Wellness-Kr\u00e4utertees, in einem einzigartigen Set mit Poster.<\/p>\n<p>Entgiftung:<\/p>\n<p><span data-sheets-value=\"{\"1\":2,\"2\":\"INGREDIENTI: Rooibos, finocchio, foglia di moringa, menta piperita, buccia di rosa canina, fiori di ibisco, pezzi di mela, buccia di arancia. Ricca di minerali come calcio, magnesio e fluoro, di Vitamina C, \u00e8 un valido aiuto per rafforzare il sistema immunitario mentre stimola il drenaggio ed elimina le tossine stimolando la diuresi. Ottimo per purificare il sangue, sostenere i reni e depurare. Sapore gradevole a tratti dolciastro. Infusione 5-10 min. 90 gradi. Bere 1-2 tazze al giornoper massimo 7 giorni consecutivi. Abbinare almeno 30 minuti di camminata leggera al giorno.In cabina da abbinare come inizio di trattamenti depurativi, eliminare le tossine dal corpo e dalla pelle favorisce il raggiungimento degli obbiettivi e una migliore capacit\u00e0 del corpo di assorbire gli attivi e di reagire ad essi. Sono ottimi nei cambi di stagione per preparare il corpo al cambiamento e predisporsi all'arrivo della nuova stagione. Trattamenti da abbinare consigliati ESFOLIAZIONE DEL CORPO\/TRATTAMENTO CORPO DEPURATIVO\/MASSAGGIO CORPO DEPURATIVO\\nLe nostre tisane sono confezionate in filtri piramidali con certificazione di biodegradabilit\u00e0 e compostabilit\u00e0, che sono fatti di PLA (acido polilattico) un materiale che proviene dalla sintesi delle piante naturali e che dopo l'utilizzo pu\u00f2 essere gettato nell'umido, nel pieno rispetto dell'ambiente. Sono filtri certificati di nuova generazione, a emissioni zero, ideati per non creare alcun danno ed all'ambiente, nel rispetto del concetto di economia circolare.\\nLe nostre tisane sono confezionate in filtri piramidali con certificazione di biodegradabilit\u00e0 e compostabilit\u00e0, che sono fatti di PLA (acido polilattico) un materiale che proviene dalla sintesi delle piante naturali e che dopo l'utilizzo pu\u00f2 essere gettato nell'umido, nel pieno rispetto dell'ambiente. Sono filtri certificati di nuova generazione, a emissioni zero, ideati per non creare alcun danno ed all'ambiente, nel rispetto del concetto di economia circolare.\"}\" data-sheets-userformat=\"{\"2\":15297,\"3\":{\"1\":0},\"9\":0,\"10\":2,\"11\":0,\"12\":0,\"14\":{\"1\":2,\"2\":0},\"15\":\"Calibri\",\"16\":11}\">Er ist reich an Mineralien wie Kalzium, Magnesium und Fluorid sowie an Vitamin C und tr\u00e4gt zur St\u00e4rkung des Immunsystems bei, w\u00e4hrend er gleichzeitig die Entw\u00e4sserung anregt und durch die Anregung der Diurese Giftstoffe ausscheidet. Ausgezeichnet zur Blutreinigung, zur Unterst\u00fctzung der Nieren und zur Entschlackung. Angenehmer Geschmack, manchmal s\u00fc\u00dflich. Aufguss 5-10 Minuten. 90 Grad. Trinken Sie 1-2 Tassen pro Tag an bis zu 7 aufeinanderfolgenden Tagen. Kombinieren Sie mindestens 30 Minuten leichtes Gehen pro Tag als Beginn der Entschlackungsbehandlungen. Das Entfernen von Giftstoffen aus dem K\u00f6rper und der Haut f\u00f6rdert das Erreichen der Ziele und eine bessere F\u00e4higkeit des K\u00f6rpers, die Wirkstoffe aufzunehmen und auf sie zu reagieren. Sie eignen sich hervorragend f\u00fcr den Wechsel der Jahreszeiten, um den K\u00f6rper auf den Wechsel vorzubereiten und ihn auf die Ankunft der neuen Jahreszeit einzustimmen.<\/span><\/p>\n<p><span data-sheets-value=\"{\"1\":2,\"2\":\"INGREDIENTI: Rooibos, finocchio, foglia di moringa, menta piperita, buccia di rosa canina, fiori di ibisco, pezzi di mela, buccia di arancia. Ricca di minerali come calcio, magnesio e fluoro, di Vitamina C, \u00e8 un valido aiuto per rafforzare il sistema immunitario mentre stimola il drenaggio ed elimina le tossine stimolando la diuresi. Ottimo per purificare il sangue, sostenere i reni e depurare. Sapore gradevole a tratti dolciastro. Infusione 5-10 min. 90 gradi. Bere 1-2 tazze al giornoper massimo 7 giorni consecutivi. Abbinare almeno 30 minuti di camminata leggera al giorno.In cabina da abbinare come inizio di trattamenti depurativi, eliminare le tossine dal corpo e dalla pelle favorisce il raggiungimento degli obbiettivi e una migliore capacit\u00e0 del corpo di assorbire gli attivi e di reagire ad essi. Sono ottimi nei cambi di stagione per preparare il corpo al cambiamento e predisporsi all'arrivo della nuova stagione. Trattamenti da abbinare consigliati ESFOLIAZIONE DEL CORPO\/TRATTAMENTO CORPO DEPURATIVO\/MASSAGGIO CORPO DEPURATIVO\\nLe nostre tisane sono confezionate in filtri piramidali con certificazione di biodegradabilit\u00e0 e compostabilit\u00e0, che sono fatti di PLA (acido polilattico) un materiale che proviene dalla sintesi delle piante naturali e che dopo l'utilizzo pu\u00f2 essere gettato nell'umido, nel pieno rispetto dell'ambiente. Sono filtri certificati di nuova generazione, a emissioni zero, ideati per non creare alcun danno ed all'ambiente, nel rispetto del concetto di economia circolare.\\nLe nostre tisane sono confezionate in filtri piramidali con certificazione di biodegradabilit\u00e0 e compostabilit\u00e0, che sono fatti di PLA (acido polilattico) un materiale che proviene dalla sintesi delle piante naturali e che dopo l'utilizzo pu\u00f2 essere gettato nell'umido, nel pieno rispetto dell'ambiente. Sono filtri certificati di nuova generazione, a emissioni zero, ideati per non creare alcun danno ed all'ambiente, nel rispetto del concetto di economia circolare.\"}\" data-sheets-userformat=\"{\"2\":15297,\"3\":{\"1\":0},\"9\":0,\"10\":2,\"11\":0,\"12\":0,\"14\":{\"1\":2,\"2\":0},\"15\":\"Calibri\",\"16\":11}\">ZUTATEN: Rooibos, Fenchel, Moringabl\u00e4tter, Pfefferminze, Hagebuttenschalen, Hibiskusbl\u00fcten, Apfelst\u00fccke, Orangenschalen.<\/span><\/p>\n<p>Abfluss:<\/p>\n<p><span data-sheets-value=\"{\"1\":2,\"2\":\"iNGREDIENTI: The Verde, finocchio, foglie di Melissa, foglie di Ortica, foglie di Moringa, ciliegia liofilizzata, scaglie di Ananas. Ricca di Vitamine C,E,A, aiuta la digestione e il rilassamento dell'addome per l'eliminazione dei liquidi. E' ottima per la ritenzione idrica e come antiossidante. Infusione 5-10 min. 90 gradi. Bere 1-2 tazze al giorno, meglio se consumate entro le 15. Sconsigliato alla sera. Abbinare almeno 30 minuti di camminata al giorno. Daabbinare a trattamenti drenanti che sono i pi\u00f9 richiesti durante tutto l'anno. Gambe gonfie e pesanti, accumulo di liquidi, rutenzione idrica, cellulite e quant'altro sono alcune delle cause che portano le donne a rivolgersi all'estetista. Questi trattamenti, all'interno di un pacchetto, sono una parte fondamentale e imprescindibile: costituiscono almeno il 50 % se non pi\u00f9 del percorso completo. I trattamenti ove \u00e8 pi\u00f9 consigliato l'abbinamento della nostra tisana sono BENDAGGI\/TRATTAMENTO CORPO DRENANTE\/TRATTAMENTI SPECIFICI PER EDEMI E VENE E CAPILLARI\/PRESSOTERAPIA\\nLe nostre tisane sono confezionate in filtri piramidali con certificazione di biodegradabilit\u00e0 e compostabilit\u00e0, che sono fatti di PLA (acido polilattico) un materiale che proviene dalla sintesi delle piante naturali e che dopo l'utilizzo pu\u00f2 essere gettato nell'umido, nel pieno rispetto dell'ambiente. Sono filtri certificati di nuova generazione, a emissioni zero, ideati per non creare alcun danno ed all'ambiente, nel rispetto del concetto di economia circolare.\"}\" data-sheets-userformat=\"{\"2\":15297,\"3\":{\"1\":0},\"9\":0,\"10\":2,\"11\":0,\"12\":0,\"14\":{\"1\":2,\"2\":0},\"15\":\"Calibri\",\"16\":11}\">Er ist reich an den Vitaminen C, E und A und f\u00f6rdert die Verdauung und die Entspannung des Bauches durch Ausscheidung von Fl\u00fcssigkeiten. Es eignet sich hervorragend zur Wasserbindung und als Antioxidans. Aufguss 5-10 Minuten. 90 Grad. Trinken Sie 1-2 Tassen pro Tag, vorzugsweise bis 15 Uhr. Am Abend nicht zu empfehlen. Kombinieren Sie mindestens 30 Minuten Gehen pro Tag. Zu kombinieren mit Drainagebehandlungen, die das ganze Jahr \u00fcber am beliebtesten sind. Geschwollene und schwere Beine, Fl\u00fcssigkeitsansammlungen, Wassereinlagerungen, Cellulite usw. sind einige der Gr\u00fcnde, die Frauen dazu veranlassen, zur Kosmetikerin zu gehen. Diese Behandlungen sind innerhalb eines Pakets ein grundlegender und unverzichtbarer Bestandteil: Sie machen mindestens 50 %, wenn nicht mehr, des Gesamtpakets aus.<\/span><\/p>\n<p><span data-sheets-value=\"{\"1\":2,\"2\":\"iNGREDIENTI: The Verde, finocchio, foglie di Melissa, foglie di Ortica, foglie di Moringa, ciliegia liofilizzata, scaglie di Ananas. Ricca di Vitamine C,E,A, aiuta la digestione e il rilassamento dell'addome per l'eliminazione dei liquidi. E' ottima per la ritenzione idrica e come antiossidante. Infusione 5-10 min. 90 gradi. Bere 1-2 tazze al giorno, meglio se consumate entro le 15. Sconsigliato alla sera. Abbinare almeno 30 minuti di camminata al giorno. Daabbinare a trattamenti drenanti che sono i pi\u00f9 richiesti durante tutto l'anno. Gambe gonfie e pesanti, accumulo di liquidi, rutenzione idrica, cellulite e quant'altro sono alcune delle cause che portano le donne a rivolgersi all'estetista. Questi trattamenti, all'interno di un pacchetto, sono una parte fondamentale e imprescindibile: costituiscono almeno il 50 % se non pi\u00f9 del percorso completo. I trattamenti ove \u00e8 pi\u00f9 consigliato l'abbinamento della nostra tisana sono BENDAGGI\/TRATTAMENTO CORPO DRENANTE\/TRATTAMENTI SPECIFICI PER EDEMI E VENE E CAPILLARI\/PRESSOTERAPIA\\nLe nostre tisane sono confezionate in filtri piramidali con certificazione di biodegradabilit\u00e0 e compostabilit\u00e0, che sono fatti di PLA (acido polilattico) un materiale che proviene dalla sintesi delle piante naturali e che dopo l'utilizzo pu\u00f2 essere gettato nell'umido, nel pieno rispetto dell'ambiente. Sono filtri certificati di nuova generazione, a emissioni zero, ideati per non creare alcun danno ed all'ambiente, nel rispetto del concetto di economia circolare.\"}\" data-sheets-userformat=\"{\"2\":15297,\"3\":{\"1\":0},\"9\":0,\"10\":2,\"11\":0,\"12\":0,\"14\":{\"1\":2,\"2\":0},\"15\":\"Calibri\",\"16\":11}\">ZUTATEN: Gr\u00fcner Tee, Fenchel, Melissenbl\u00e4tter, Brennnesselbl\u00e4tter, Moringa-Bl\u00e4tter, gefriergetrocknete Kirsche, Ananasflocken.<\/span><\/p>\n<p>Die Form:<\/p>\n<p><span data-sheets-value=\"{\"1\":2,\"2\":\"INGREDIENTI: The Verde, lemongrass, zenzero, mate Brasiliano, finocchio, foglie di ortica, buccia di Limone, bacche di goji, scaglie di ananas. Ricca di Vitamine C,E,A,B e di sali minerali, \u00e8 un valido aiuto per aumentare i livelli di energie. I suoi ingredienti aiutano a prolungare il senso di saziet\u00e0 e a stimolare il metabolismo. Riduce i grassi ed \u00e8 ottima per ridurre la ritenzione idrica. Infusione 5-10 min. 90 gradi. Bere 1-2 tazze al giorno, vicine ai pasti. Sconsigliato alla sera. Abbinare almeno 60 minuti di camminata leggera al giorno oppure attivit\u00e0 sportiva. Da abbinare ai trattamenti snellenti che sono sia i pi\u00f9 ambiti che i pi\u00f9 insidiosi. Il risultato sta tutto nella \\\"buona educazione della cliente\\\". I trattamenti abbinabili alla nostra tisana consigliati sono: TRATTAMENTO CORPO SNELLENTE\/MASSAGGIO ANTICELLULITE RASSODANTE\/TERMOTERAPIA\"}\" data-sheets-userformat=\"{\"2\":15297,\"3\":{\"1\":0},\"9\":0,\"10\":2,\"11\":0,\"12\":0,\"14\":{\"1\":2,\"2\":0},\"15\":\"Calibri\",\"16\":11}\">Reich an den Vitaminen C, E, A, B und Mineralien ist er ein wertvolles Hilfsmittel zur Steigerung des Energieniveaus. Seine Inhaltsstoffe helfen, das S\u00e4ttigungsgef\u00fchl zu verl\u00e4ngern und den Stoffwechsel anzuregen. Es baut Fett ab und ist gut f\u00fcr den Abbau von Wassereinlagerungen. Aufguss 5-10 Minuten. 90 Grad. Trinken Sie 1-2 Tassen pro Tag, in der N\u00e4he der Mahlzeiten. Am Abend nicht zu empfehlen. Kombinieren Sie mindestens 60 Minuten leichtes Gehen pro Tag oder sportliche Aktivit\u00e4t.<\/span><\/p>\n<p><span data-sheets-value=\"{\"1\":2,\"2\":\"INGREDIENTI: The Verde, lemongrass, zenzero, mate Brasiliano, finocchio, foglie di ortica, buccia di Limone, bacche di goji, scaglie di ananas. Ricca di Vitamine C,E,A,B e di sali minerali, \u00e8 un valido aiuto per aumentare i livelli di energie. I suoi ingredienti aiutano a prolungare il senso di saziet\u00e0 e a stimolare il metabolismo. Riduce i grassi ed \u00e8 ottima per ridurre la ritenzione idrica. Infusione 5-10 min. 90 gradi. Bere 1-2 tazze al giorno, vicine ai pasti. Sconsigliato alla sera. Abbinare almeno 60 minuti di camminata leggera al giorno oppure attivit\u00e0 sportiva. Da abbinare ai trattamenti snellenti che sono sia i pi\u00f9 ambiti che i pi\u00f9 insidiosi. Il risultato sta tutto nella \\\"buona educazione della cliente\\\". I trattamenti abbinabili alla nostra tisana consigliati sono: TRATTAMENTO CORPO SNELLENTE\/MASSAGGIO ANTICELLULITE RASSODANTE\/TERMOTERAPIA\"}\" data-sheets-userformat=\"{\"2\":15297,\"3\":{\"1\":0},\"9\":0,\"10\":2,\"11\":0,\"12\":0,\"14\":{\"1\":2,\"2\":0},\"15\":\"Calibri\",\"16\":11}\">ZUTATEN: Gr\u00fcner Tee, Zitronengras, Ingwer, brasilianischer Mate, Fenchel, Brennnesselbl\u00e4tter, Zitronenschalen, Gojibeeren, Ananasflocken.<\/span><\/p>\n<p>12 Pakete = 7.9 CHF &#8211; 24 Pakete = 7.5 CHF pro Paket &#8211; 36 Pakete = 7 CHF pro Paket<\/p>\n","protected":false},"excerpt":{"rendered":"<p>Unsere Kr\u00e4utertees in einem einzigartigen Set mit Poster.<\/p>\n","protected":false},"featured_media":40591,"template":"","meta":{"_acf_changed":false},"product_brand":[],"product_cat":[1995],"product_tag":[2022,2046,2033,2007,9855],"class_list":{"0":"post-56903","1":"product","2":"type-product","3":"status-publish","4":"has-post-thumbnail","6":"product_cat-wellness-krautertees","7":"product_tag-ablauf","8":"product_tag-entgiftung-de","9":"product_tag-form-de","10":"product_tag-krautertees","11":"product_tag-wellness-de","12":"pa_pacchetto-12-pakete","13":"pa_pacchetto-24-pakete","14":"pa_pacchetto-36-pakete","15":"pa_pacchetto-6-pakete","17":"first","18":"instock","19":"taxable","20":"shipping-taxable","21":"purchasable","22":"product-type-variable"},"acf":[],"jetpack_sharing_enabled":true,"_links":{"self":[{"href":"https:\/\/cndestetik.ch\/de\/wp-json\/wp\/v2\/product\/56903","targetHints":{"allow":["GET"]}}],"collection":[{"href":"https:\/\/cndestetik.ch\/de\/wp-json\/wp\/v2\/product"}],"about":[{"href":"https:\/\/cndestetik.ch\/de\/wp-json\/wp\/v2\/types\/product"}],"wp:featuredmedia":[{"embeddable":true,"href":"https:\/\/cndestetik.ch\/de\/wp-json\/wp\/v2\/media\/40591"}],"wp:attachment":[{"href":"https:\/\/cndestetik.ch\/de\/wp-json\/wp\/v2\/media?parent=56903"}],"wp:term":[{"taxonomy":"product_brand","embeddable":true,"href":"https:\/\/cndestetik.ch\/de\/wp-json\/wp\/v2\/product_brand?post=56903"},{"taxonomy":"product_cat","embeddable":true,"href":"https:\/\/cndestetik.ch\/de\/wp-json\/wp\/v2\/product_cat?post=56903"},{"taxonomy":"product_tag","embeddable":true,"href":"https:\/\/cndestetik.ch\/de\/wp-json\/wp\/v2\/product_tag?post=56903"}],"curies":[{"name":"wp","href":"https:\/\/api.w.org\/{rel}","templated":true}]}}