{"id":56332,"date":"2022-11-21T00:01:37","date_gmt":"2022-11-20T23:01:37","guid":{"rendered":"https:\/\/cndestetik.ch\/prodotto\/schwarzer-koerper-spagyria-kit\/"},"modified":"2023-03-06T15:24:51","modified_gmt":"2023-03-06T14:24:51","slug":"black-kit-spagyria-body","status":"publish","type":"product","link":"https:\/\/cndestetik.ch\/de\/prodotto\/black-kit-spagyria-body\/","title":{"rendered":"Schwarzer K\u00f6rper Spagyria Kit"},"content":{"rendered":"<p>Erm\u00e4\u00dfigte K\u00f6rper\u00f6le in gro\u00dfen (500ml) und kleinen (100ml) Gr\u00f6\u00dfen<\/p>\n<p>Aktivator<\/p>\n<p>Straffung<\/p>\n<p>Entspannend<\/p>\n<p>Cellulite-Behandlung<\/p>\n<p>Venen und Kapillaren<\/p>\n<p>Heilung<\/p>\n<p>Entleeren<\/p>\n","protected":false},"excerpt":{"rendered":"<p>K\u00f6rper\u00f6le in gro\u00dfen und kleinen Gr\u00f6\u00dfen erm\u00e4\u00dfigt<\/p>\n","protected":false},"featured_media":56040,"template":"","meta":{"_acf_changed":false},"product_brand":[],"product_cat":[1495,12980],"product_tag":[389,2345,2116,5435,434,4823],"class_list":{"0":"post-56332","1":"product","2":"type-product","3":"status-publish","4":"has-post-thumbnail","6":"product_cat-kosmetik","7":"product_cat-mikrokosmos","8":"product_tag-bausatz","9":"product_tag-korper","10":"product_tag-oleolith","11":"product_tag-schwarz","12":"product_tag-spagyrik","13":"product_tag-spagyrische","15":"first","16":"instock","17":"sale","18":"taxable","19":"shipping-taxable","20":"purchasable","21":"product-type-simple"},"acf":[],"jetpack_sharing_enabled":true,"_links":{"self":[{"href":"https:\/\/cndestetik.ch\/de\/wp-json\/wp\/v2\/product\/56332","targetHints":{"allow":["GET"]}}],"collection":[{"href":"https:\/\/cndestetik.ch\/de\/wp-json\/wp\/v2\/product"}],"about":[{"href":"https:\/\/cndestetik.ch\/de\/wp-json\/wp\/v2\/types\/product"}],"wp:featuredmedia":[{"embeddable":true,"href":"https:\/\/cndestetik.ch\/de\/wp-json\/wp\/v2\/media\/56040"}],"wp:attachment":[{"href":"https:\/\/cndestetik.ch\/de\/wp-json\/wp\/v2\/media?parent=56332"}],"wp:term":[{"taxonomy":"product_brand","embeddable":true,"href":"https:\/\/cndestetik.ch\/de\/wp-json\/wp\/v2\/product_brand?post=56332"},{"taxonomy":"product_cat","embeddable":true,"href":"https:\/\/cndestetik.ch\/de\/wp-json\/wp\/v2\/product_cat?post=56332"},{"taxonomy":"product_tag","embeddable":true,"href":"https:\/\/cndestetik.ch\/de\/wp-json\/wp\/v2\/product_tag?post=56332"}],"curies":[{"name":"wp","href":"https:\/\/api.w.org\/{rel}","templated":true}]}}