{"id":56331,"date":"2022-12-02T00:01:36","date_gmt":"2022-12-01T23:01:36","guid":{"rendered":"https:\/\/cndestetik.ch\/prodotto\/black-kit-haende-und-fuesse\/"},"modified":"2022-12-15T13:14:27","modified_gmt":"2022-12-15T12:14:27","slug":"schwarzer-bausatz-mann-und-fus","status":"publish","type":"product","link":"https:\/\/cndestetik.ch\/de\/prodotto\/schwarzer-bausatz-mann-und-fus\/","title":{"rendered":"Advent Hands and Feet Kit"},"content":{"rendered":"<p>1 gro\u00dfer Bausatz f\u00fcr H\u00e4nde und F\u00fc\u00dfe<\/p>\n<p>5 Baus\u00e4tze f\u00fcr kleine H\u00e4nde und F\u00fc\u00dfe<\/p>\n","protected":false},"excerpt":{"rendered":"<p>Hand- und Fu\u00dfsets in gro\u00dfen und kleinen Gr\u00f6\u00dfen, erm\u00e4\u00dfigt<\/p>\n","protected":false},"featured_media":56061,"template":"","meta":{"_acf_changed":false},"product_brand":[],"product_cat":[1495,12980],"product_tag":[10702,389,1455,3550],"class_list":{"0":"post-56331","1":"product","2":"type-product","3":"status-publish","4":"has-post-thumbnail","6":"product_cat-kosmetik","7":"product_cat-mikrokosmos","8":"product_tag-advent-de-2","9":"product_tag-bausatz","10":"product_tag-fuse","11":"product_tag-hande","13":"first","14":"instock","15":"taxable","16":"shipping-taxable","17":"purchasable","18":"product-type-simple"},"acf":[],"jetpack_sharing_enabled":true,"_links":{"self":[{"href":"https:\/\/cndestetik.ch\/de\/wp-json\/wp\/v2\/product\/56331","targetHints":{"allow":["GET"]}}],"collection":[{"href":"https:\/\/cndestetik.ch\/de\/wp-json\/wp\/v2\/product"}],"about":[{"href":"https:\/\/cndestetik.ch\/de\/wp-json\/wp\/v2\/types\/product"}],"wp:featuredmedia":[{"embeddable":true,"href":"https:\/\/cndestetik.ch\/de\/wp-json\/wp\/v2\/media\/56061"}],"wp:attachment":[{"href":"https:\/\/cndestetik.ch\/de\/wp-json\/wp\/v2\/media?parent=56331"}],"wp:term":[{"taxonomy":"product_brand","embeddable":true,"href":"https:\/\/cndestetik.ch\/de\/wp-json\/wp\/v2\/product_brand?post=56331"},{"taxonomy":"product_cat","embeddable":true,"href":"https:\/\/cndestetik.ch\/de\/wp-json\/wp\/v2\/product_cat?post=56331"},{"taxonomy":"product_tag","embeddable":true,"href":"https:\/\/cndestetik.ch\/de\/wp-json\/wp\/v2\/product_tag?post=56331"}],"curies":[{"name":"wp","href":"https:\/\/api.w.org\/{rel}","templated":true}]}}