{"id":55935,"date":"2022-11-21T00:01:18","date_gmt":"2022-11-20T23:01:18","guid":{"rendered":"https:\/\/cndestetik.ch\/?post_type=product&#038;p=55935"},"modified":"2023-03-06T15:25:55","modified_gmt":"2023-03-06T14:25:55","slug":"black-kit-tisane-wellbeing","status":"publish","type":"product","link":"https:\/\/cndestetik.ch\/de\/prodotto\/black-kit-tisane-wellbeing\/","title":{"rendered":"Schwarzes Wellness-Kr\u00e4utertee-Set"},"content":{"rendered":"<p>36 Wellness-Kr\u00e4utertees, 12 St\u00fcck von jeder Sorte zu einem Black Friday-Rabatt.<\/p>\n<p>12 Entgiftung<\/p>\n<p>12 Abfluss<\/p>\n<p>12 Form<\/p>\n","protected":false},"excerpt":{"rendered":"<p>36 Wellness-Kr\u00e4utertees, 12 St\u00fcck von jeder Sorte zu einem Black Friday-Rabatt.<\/p>\n","protected":false},"featured_media":40591,"template":"","meta":{"_acf_changed":false},"product_brand":[],"product_cat":[1495],"product_tag":[2022,2046,2033,2007,9855],"class_list":{"0":"post-55935","1":"product","2":"type-product","3":"status-publish","4":"has-post-thumbnail","6":"product_cat-kosmetik","7":"product_tag-ablauf","8":"product_tag-entgiftung-de","9":"product_tag-form-de","10":"product_tag-krautertees","11":"product_tag-wellness-de","13":"first","14":"instock","15":"taxable","16":"shipping-taxable","17":"purchasable","18":"product-type-simple"},"acf":[],"jetpack_sharing_enabled":true,"_links":{"self":[{"href":"https:\/\/cndestetik.ch\/de\/wp-json\/wp\/v2\/product\/55935","targetHints":{"allow":["GET"]}}],"collection":[{"href":"https:\/\/cndestetik.ch\/de\/wp-json\/wp\/v2\/product"}],"about":[{"href":"https:\/\/cndestetik.ch\/de\/wp-json\/wp\/v2\/types\/product"}],"wp:featuredmedia":[{"embeddable":true,"href":"https:\/\/cndestetik.ch\/de\/wp-json\/wp\/v2\/media\/40591"}],"wp:attachment":[{"href":"https:\/\/cndestetik.ch\/de\/wp-json\/wp\/v2\/media?parent=55935"}],"wp:term":[{"taxonomy":"product_brand","embeddable":true,"href":"https:\/\/cndestetik.ch\/de\/wp-json\/wp\/v2\/product_brand?post=55935"},{"taxonomy":"product_cat","embeddable":true,"href":"https:\/\/cndestetik.ch\/de\/wp-json\/wp\/v2\/product_cat?post=55935"},{"taxonomy":"product_tag","embeddable":true,"href":"https:\/\/cndestetik.ch\/de\/wp-json\/wp\/v2\/product_tag?post=55935"}],"curies":[{"name":"wp","href":"https:\/\/api.w.org\/{rel}","templated":true}]}}