{"id":55309,"date":"2022-11-04T11:51:25","date_gmt":"2022-11-04T10:51:25","guid":{"rendered":"https:\/\/cndestetik.ch\/prodotto\/cnd-painted-love-kollektion\/"},"modified":"2022-11-15T17:24:47","modified_gmt":"2022-11-15T16:24:47","slug":"kollektion-gemalt-liebe-cnd","status":"publish","type":"product","link":"https:\/\/cndestetik.ch\/de\/prodotto\/kollektion-gemalt-liebe-cnd\/","title":{"rendered":"CND &#8216;Painted Love&#8217; Schellack-Kollektion"},"content":{"rendered":"<p>Die neue CND-Kollektion vereint K\u00fchnheit und Eleganz in sechs modischen Farben.<\/p>\n<p>Ein Mix aus verschiedenen Farbt\u00f6nen f\u00fcr alle winterlichen Anl\u00e4sse.<\/p>\n<p>Stil und ein Hauch von Glamour f\u00fcr die Saison AW22-23<\/p>\n<p>Die Winterkollektion &#8216;Painted Love&#8217;, bestehend aus den Farben:<\/p>\n<p>Kuscheln<\/p>\n<p>Gl\u00fccklich, gl\u00fccklich, gl\u00fccklich<\/p>\n<p>F\u00fchlen Sie das Flattern<\/p>\n<p>In Lust<\/p>\n<p>Liebe Fizz<\/p>\n<p>Stahlk\u00fcsse<\/p>\n","protected":false},"excerpt":{"rendered":"<p>Die Winterkollektion &#8216;Painted Love&#8217;<\/p>\n","protected":false},"featured_media":55306,"template":"","meta":{"_acf_changed":false},"product_brand":[],"product_cat":[1504],"product_tag":[10381,10383,10382,835,10385,8500,10384,10386],"class_list":{"0":"post-55309","1":"product","2":"type-product","3":"status-publish","4":"has-post-thumbnail","6":"product_cat-nails-manikure-pedikure","7":"product_tag-gemalt","8":"product_tag-glucklich-glucklich-glucklich","9":"product_tag-kuscheln","10":"product_tag-liebe-de","11":"product_tag-liebe-fizz","12":"product_tag-sammlung","13":"product_tag-spuren-sie-das-flattern-in-der-lust","14":"product_tag-stahlkusse","16":"first","17":"instock","18":"taxable","19":"shipping-taxable","20":"purchasable","21":"product-type-simple"},"acf":[],"jetpack_sharing_enabled":true,"_links":{"self":[{"href":"https:\/\/cndestetik.ch\/de\/wp-json\/wp\/v2\/product\/55309","targetHints":{"allow":["GET"]}}],"collection":[{"href":"https:\/\/cndestetik.ch\/de\/wp-json\/wp\/v2\/product"}],"about":[{"href":"https:\/\/cndestetik.ch\/de\/wp-json\/wp\/v2\/types\/product"}],"wp:featuredmedia":[{"embeddable":true,"href":"https:\/\/cndestetik.ch\/de\/wp-json\/wp\/v2\/media\/55306"}],"wp:attachment":[{"href":"https:\/\/cndestetik.ch\/de\/wp-json\/wp\/v2\/media?parent=55309"}],"wp:term":[{"taxonomy":"product_brand","embeddable":true,"href":"https:\/\/cndestetik.ch\/de\/wp-json\/wp\/v2\/product_brand?post=55309"},{"taxonomy":"product_cat","embeddable":true,"href":"https:\/\/cndestetik.ch\/de\/wp-json\/wp\/v2\/product_cat?post=55309"},{"taxonomy":"product_tag","embeddable":true,"href":"https:\/\/cndestetik.ch\/de\/wp-json\/wp\/v2\/product_tag?post=55309"}],"curies":[{"name":"wp","href":"https:\/\/api.w.org\/{rel}","templated":true}]}}