{"id":55250,"date":"2022-11-04T10:32:20","date_gmt":"2022-11-04T09:32:20","guid":{"rendered":"https:\/\/cndestetik.ch\/prodotto\/base-wear-extender-top-coat-no-wipe\/"},"modified":"2024-01-11T11:30:30","modified_gmt":"2024-01-11T10:30:30","slug":"basis-verschleis-verlangerungs-top-beschichtung-no-wipe","status":"publish","type":"product","link":"https:\/\/cndestetik.ch\/de\/prodotto\/basis-verschleis-verlangerungs-top-beschichtung-no-wipe\/","title":{"rendered":"Base Wear Extender + Top Coat No Wipe"},"content":{"rendered":"<p>Der neue Base Wear Extender und der neue No Wipe Top in gro\u00dfer Gr\u00f6\u00dfe (12,5 ml).<\/p>\n<p>Kaufen Sie 2 Basen und 2 Oberteile und sparen Sie!<\/p>\n","protected":false},"excerpt":{"rendered":"<p>Kaufen Sie 2 Basen und 2 Oberteile und sparen Sie!<\/p>\n","protected":false},"featured_media":43671,"template":"","meta":{"_acf_changed":false},"product_brand":[],"product_cat":[1495],"product_tag":[10333,6698,6704,10330,1957,6649,10336],"class_list":{"0":"post-55250","1":"product","2":"type-product","3":"status-publish","4":"has-post-thumbnail","6":"product_cat-kosmetik","7":"product_tag-angebot","8":"product_tag-basis","9":"product_tag-extender-de","10":"product_tag-nein","11":"product_tag-top-de","12":"product_tag-tragen","13":"product_tag-wischen-de-2","15":"first","16":"instock","17":"taxable","18":"shipping-taxable","19":"purchasable","20":"product-type-simple"},"acf":[],"jetpack_sharing_enabled":true,"_links":{"self":[{"href":"https:\/\/cndestetik.ch\/de\/wp-json\/wp\/v2\/product\/55250","targetHints":{"allow":["GET"]}}],"collection":[{"href":"https:\/\/cndestetik.ch\/de\/wp-json\/wp\/v2\/product"}],"about":[{"href":"https:\/\/cndestetik.ch\/de\/wp-json\/wp\/v2\/types\/product"}],"wp:featuredmedia":[{"embeddable":true,"href":"https:\/\/cndestetik.ch\/de\/wp-json\/wp\/v2\/media\/43671"}],"wp:attachment":[{"href":"https:\/\/cndestetik.ch\/de\/wp-json\/wp\/v2\/media?parent=55250"}],"wp:term":[{"taxonomy":"product_brand","embeddable":true,"href":"https:\/\/cndestetik.ch\/de\/wp-json\/wp\/v2\/product_brand?post=55250"},{"taxonomy":"product_cat","embeddable":true,"href":"https:\/\/cndestetik.ch\/de\/wp-json\/wp\/v2\/product_cat?post=55250"},{"taxonomy":"product_tag","embeddable":true,"href":"https:\/\/cndestetik.ch\/de\/wp-json\/wp\/v2\/product_tag?post=55250"}],"curies":[{"name":"wp","href":"https:\/\/api.w.org\/{rel}","templated":true}]}}