{"id":53891,"date":"2022-10-21T00:01:16","date_gmt":"2022-10-20T22:01:16","guid":{"rendered":"https:\/\/cndestetik.ch\/prodotto\/drei-weihnachtssalze\/"},"modified":"2023-01-17T14:05:49","modified_gmt":"2023-01-17T13:05:49","slug":"drei-salz-weihnachten","status":"publish","type":"product","link":"https:\/\/cndestetik.ch\/de\/prodotto\/drei-salz-weihnachten\/","title":{"rendered":"Drei Weihnachtssalze"},"content":{"rendered":"<p>Ein Geschenk mit vielen Verwendungsm\u00f6glichkeiten. Dieses Set besteht aus drei verschiedenen Bittersalzen, die als Bade- oder Fu\u00dfbadesalz verwendet oder mit Petit Grein-Duft\u00f6l zu einem hervorragenden Peeling kombiniert werden k\u00f6nnen.<\/p>\n<p>Gr\u00f6\u00dfe: \u00d6l 50ml, Salze 50g<\/p>\n","protected":false},"excerpt":{"rendered":"<p>Ein Geschenk mit vielen Verwendungsm\u00f6glichkeiten. Empfohlenes Produkt 33.<\/p>\n","protected":false},"featured_media":53640,"template":"","meta":{"_acf_changed":false},"product_brand":[],"product_cat":[1495,12980],"product_tag":[443,3679,757,9714,9176,2345,9713,7152,615],"class_list":{"0":"post-53891","1":"product","2":"type-product","3":"status-publish","4":"has-post-thumbnail","6":"product_cat-kosmetik","7":"product_cat-mikrokosmos","8":"product_tag-blaubeere","9":"product_tag-epsom-de","10":"product_tag-gesicht","11":"product_tag-getreide-de","12":"product_tag-hallen","13":"product_tag-korper","14":"product_tag-petit-de","15":"product_tag-salis-de","16":"product_tag-schachtelhalm","17":"pa_pezzi-1-stuck","18":"pa_pezzi-10-stuck","20":"first","21":"instock","22":"taxable","23":"shipping-taxable","24":"purchasable","25":"product-type-simple"},"acf":[],"jetpack_sharing_enabled":true,"_links":{"self":[{"href":"https:\/\/cndestetik.ch\/de\/wp-json\/wp\/v2\/product\/53891","targetHints":{"allow":["GET"]}}],"collection":[{"href":"https:\/\/cndestetik.ch\/de\/wp-json\/wp\/v2\/product"}],"about":[{"href":"https:\/\/cndestetik.ch\/de\/wp-json\/wp\/v2\/types\/product"}],"wp:featuredmedia":[{"embeddable":true,"href":"https:\/\/cndestetik.ch\/de\/wp-json\/wp\/v2\/media\/53640"}],"wp:attachment":[{"href":"https:\/\/cndestetik.ch\/de\/wp-json\/wp\/v2\/media?parent=53891"}],"wp:term":[{"taxonomy":"product_brand","embeddable":true,"href":"https:\/\/cndestetik.ch\/de\/wp-json\/wp\/v2\/product_brand?post=53891"},{"taxonomy":"product_cat","embeddable":true,"href":"https:\/\/cndestetik.ch\/de\/wp-json\/wp\/v2\/product_cat?post=53891"},{"taxonomy":"product_tag","embeddable":true,"href":"https:\/\/cndestetik.ch\/de\/wp-json\/wp\/v2\/product_tag?post=53891"}],"curies":[{"name":"wp","href":"https:\/\/api.w.org\/{rel}","templated":true}]}}