{"id":53862,"date":"2022-10-21T00:01:31","date_gmt":"2022-10-20T22:01:31","guid":{"rendered":"https:\/\/cndestetik.ch\/prodotto\/weihnachtsumarmung\/"},"modified":"2023-02-23T14:26:31","modified_gmt":"2023-02-23T13:26:31","slug":"umarmung-weihnachten","status":"publish","type":"product","link":"https:\/\/cndestetik.ch\/de\/prodotto\/umarmung-weihnachten\/","title":{"rendered":"Weihnachtsumarmung"},"content":{"rendered":"<p>Schenken Sie zu Weihnachten warme Umarmungen mit einem reichhaltigen \u00d6l. Ein spagyrischer Oleolyt, der aus einer Synergie von Oleolithen und \u00e4therischen \u00d6len besteht und Herz und Geist erw\u00e4rmt. Zur Verwendung f\u00fcr sich selbst oder f\u00fcr die ganze Familie.<\/p>\n<p>Gr\u00f6\u00dfe: 100ml<\/p>\n","protected":false},"excerpt":{"rendered":"<p>Schenken Sie zu Weihnachten warme Umarmungen mit einem reichhaltigen \u00d6l. Empfohlener Preis 40.<\/p>\n","protected":false},"featured_media":53648,"template":"","meta":{"_acf_changed":false},"product_brand":[],"product_cat":[1495,12980],"product_tag":[2192,2116,4823,4309,10305],"class_list":{"0":"post-53862","1":"product","2":"type-product","3":"status-publish","4":"has-post-thumbnail","6":"product_cat-kosmetik","7":"product_cat-mikrokosmos","8":"product_tag-ol-de","9":"product_tag-oleolith","10":"product_tag-spagyrische","11":"product_tag-synergie-de","12":"product_tag-umarmen","13":"pa_pezzi-1-stuck","14":"pa_pezzi-10-stuck","16":"first","17":"outofstock","18":"taxable","19":"shipping-taxable","20":"purchasable","21":"product-type-simple"},"acf":[],"jetpack_sharing_enabled":true,"_links":{"self":[{"href":"https:\/\/cndestetik.ch\/de\/wp-json\/wp\/v2\/product\/53862","targetHints":{"allow":["GET"]}}],"collection":[{"href":"https:\/\/cndestetik.ch\/de\/wp-json\/wp\/v2\/product"}],"about":[{"href":"https:\/\/cndestetik.ch\/de\/wp-json\/wp\/v2\/types\/product"}],"wp:featuredmedia":[{"embeddable":true,"href":"https:\/\/cndestetik.ch\/de\/wp-json\/wp\/v2\/media\/53648"}],"wp:attachment":[{"href":"https:\/\/cndestetik.ch\/de\/wp-json\/wp\/v2\/media?parent=53862"}],"wp:term":[{"taxonomy":"product_brand","embeddable":true,"href":"https:\/\/cndestetik.ch\/de\/wp-json\/wp\/v2\/product_brand?post=53862"},{"taxonomy":"product_cat","embeddable":true,"href":"https:\/\/cndestetik.ch\/de\/wp-json\/wp\/v2\/product_cat?post=53862"},{"taxonomy":"product_tag","embeddable":true,"href":"https:\/\/cndestetik.ch\/de\/wp-json\/wp\/v2\/product_tag?post=53862"}],"curies":[{"name":"wp","href":"https:\/\/api.w.org\/{rel}","templated":true}]}}