{"id":53843,"date":"2022-10-21T00:01:35","date_gmt":"2022-10-20T22:01:35","guid":{"rendered":"https:\/\/cndestetik.ch\/prodotto\/wimpern-elixier-augenkontur-creme-weihnachten\/"},"modified":"2023-01-17T14:04:40","modified_gmt":"2023-01-17T13:04:40","slug":"elixier-wimpern-creme-kontur-augen-weihnachten","status":"publish","type":"product","link":"https:\/\/cndestetik.ch\/de\/prodotto\/elixier-wimpern-creme-kontur-augen-weihnachten\/","title":{"rendered":"Wimpern-Elixier + Augenkontur-Creme Weihnachten"},"content":{"rendered":"<p>Das richtige Geschenk f\u00fcr helle, bezaubernde Augen. Es besteht aus einem Wimpernelixier, das die Wimpern und Augenbrauen st\u00e4rkt und pflegt und t\u00e4glich angewendet werden kann, und einer Augenkonturcreme, die mit ihrer D\u00fcse das Auftragen erleichtert, die gesamte Augenpartie n\u00e4hrt und mit Feuchtigkeit versorgt, so dass Sie einen strahlenden und unbeschwerten Blick erhalten.<\/p>\n<p>Gr\u00f6\u00dfe: Elixier 5ml, Creme 15ml.<\/p>\n","protected":false},"excerpt":{"rendered":"<p>Das richtige Geschenk f\u00fcr helle und bezaubernde Augen. Empfohlener Verkaufspreis 37.<\/p>\n","protected":false},"featured_media":54028,"template":"","meta":{"_acf_changed":false},"product_brand":[],"product_cat":[1495,12980],"product_tag":[723,3836,3505,9085,7738,721],"class_list":{"0":"post-53843","1":"product","2":"type-product","3":"status-publish","4":"has-post-thumbnail","6":"product_cat-kosmetik","7":"product_cat-mikrokosmos","8":"product_tag-augen","9":"product_tag-creme-de","10":"product_tag-elixier","11":"product_tag-kontur-de","12":"product_tag-weihnachten-de-2","13":"product_tag-wimpern","14":"pa_pezzi-1-stuck","15":"pa_pezzi-10-stuck","17":"first","18":"instock","19":"taxable","20":"shipping-taxable","21":"purchasable","22":"product-type-simple"},"acf":[],"jetpack_sharing_enabled":true,"_links":{"self":[{"href":"https:\/\/cndestetik.ch\/de\/wp-json\/wp\/v2\/product\/53843","targetHints":{"allow":["GET"]}}],"collection":[{"href":"https:\/\/cndestetik.ch\/de\/wp-json\/wp\/v2\/product"}],"about":[{"href":"https:\/\/cndestetik.ch\/de\/wp-json\/wp\/v2\/types\/product"}],"wp:featuredmedia":[{"embeddable":true,"href":"https:\/\/cndestetik.ch\/de\/wp-json\/wp\/v2\/media\/54028"}],"wp:attachment":[{"href":"https:\/\/cndestetik.ch\/de\/wp-json\/wp\/v2\/media?parent=53843"}],"wp:term":[{"taxonomy":"product_brand","embeddable":true,"href":"https:\/\/cndestetik.ch\/de\/wp-json\/wp\/v2\/product_brand?post=53843"},{"taxonomy":"product_cat","embeddable":true,"href":"https:\/\/cndestetik.ch\/de\/wp-json\/wp\/v2\/product_cat?post=53843"},{"taxonomy":"product_tag","embeddable":true,"href":"https:\/\/cndestetik.ch\/de\/wp-json\/wp\/v2\/product_tag?post=53843"}],"curies":[{"name":"wp","href":"https:\/\/api.w.org\/{rel}","templated":true}]}}