{"id":53760,"date":"2022-10-21T00:01:04","date_gmt":"2022-10-20T22:01:04","guid":{"rendered":"https:\/\/cndestetik.ch\/prodotto\/make-up-entfernung-aleppo-seife-oelige-augen-make-up-entferner\/"},"modified":"2022-12-26T15:03:39","modified_gmt":"2022-12-26T14:03:39","slug":"make-up-seife-aleppo-make-up-augen-olig","status":"publish","type":"product","link":"https:\/\/cndestetik.ch\/de\/prodotto\/make-up-seife-aleppo-make-up-augen-olig\/","title":{"rendered":"Make-up-Entfernung &#8211; Aleppo-Seife + \u00f6lige Augen-Make-up-Entferner"},"content":{"rendered":"<p>Ein originelles und sehr n\u00fctzliches Geschenk! Sie besteht aus einem \u00f6ligen Make-up-Entferner, der f\u00fcr alle Hauttypen geeignet ist, besonders aber f\u00fcr die empfindlichste, der nicht nur reinigt, sondern auch viel Feuchtigkeit spendet und n\u00e4hrt, sowie aus Aleppo-Seifen in drei verschiedenen Formaten, die aus Oliven\u00f6l und Lorbeer bestehen, die ausgezeichnete Dermo-Balancer sind, den pH-Wert erhalten und sich hervorragend f\u00fcr Gesicht und K\u00f6rper eignen.<\/p>\n<p>Gr\u00f6\u00dfe: 30ml + 3 Seifenst\u00fccke<\/p>\n","protected":false},"excerpt":{"rendered":"<p>Besteht aus einem \u00f6ligen Make-up-Entferner, der f\u00fcr alle Hauttypen geeignet ist, und Aleppo-Seifen in drei verschiedenen Formaten. Empfohlener Verkaufspreis 19,90<\/p>\n","protected":false},"featured_media":53590,"template":"","meta":{"_acf_changed":false},"product_brand":[],"product_cat":[1495,12980],"product_tag":[10274,4579,723,4781,10273,1060],"class_list":{"0":"post-53760","1":"product","2":"type-product","3":"status-publish","4":"has-post-thumbnail","6":"product_cat-kosmetik","7":"product_cat-mikrokosmos","8":"product_tag-abschminken","9":"product_tag-aleppo-de","10":"product_tag-augen","11":"product_tag-make-up-entferner","12":"product_tag-olhaltig","13":"product_tag-seife","14":"pa_pezzi-1-stuck","15":"pa_pezzi-10-stuck","17":"first","18":"outofstock","19":"sale","20":"taxable","21":"shipping-taxable","22":"purchasable","23":"product-type-variable"},"acf":[],"jetpack_sharing_enabled":true,"_links":{"self":[{"href":"https:\/\/cndestetik.ch\/de\/wp-json\/wp\/v2\/product\/53760","targetHints":{"allow":["GET"]}}],"collection":[{"href":"https:\/\/cndestetik.ch\/de\/wp-json\/wp\/v2\/product"}],"about":[{"href":"https:\/\/cndestetik.ch\/de\/wp-json\/wp\/v2\/types\/product"}],"wp:featuredmedia":[{"embeddable":true,"href":"https:\/\/cndestetik.ch\/de\/wp-json\/wp\/v2\/media\/53590"}],"wp:attachment":[{"href":"https:\/\/cndestetik.ch\/de\/wp-json\/wp\/v2\/media?parent=53760"}],"wp:term":[{"taxonomy":"product_brand","embeddable":true,"href":"https:\/\/cndestetik.ch\/de\/wp-json\/wp\/v2\/product_brand?post=53760"},{"taxonomy":"product_cat","embeddable":true,"href":"https:\/\/cndestetik.ch\/de\/wp-json\/wp\/v2\/product_cat?post=53760"},{"taxonomy":"product_tag","embeddable":true,"href":"https:\/\/cndestetik.ch\/de\/wp-json\/wp\/v2\/product_tag?post=53760"}],"curies":[{"name":"wp","href":"https:\/\/api.w.org\/{rel}","templated":true}]}}