{"id":53757,"date":"2022-10-21T00:01:04","date_gmt":"2022-10-20T22:01:04","guid":{"rendered":"https:\/\/cndestetik.ch\/prodotto\/weihnachts-gesichtscreme-und-maske\/"},"modified":"2023-01-17T14:05:49","modified_gmt":"2023-01-17T13:05:49","slug":"creme-und-maske-gesicht-weihnachten","status":"publish","type":"product","link":"https:\/\/cndestetik.ch\/de\/prodotto\/creme-und-maske-gesicht-weihnachten\/","title":{"rendered":"Weihnachts-Gesichtscreme und -Maske"},"content":{"rendered":"<p>Eine zarte und feminine Duftreise mit zwei Basisprodukten f\u00fcr die Gesichtspflege: eine Creme, die die Haut n\u00e4hrt und elastisch macht, und eine Maske, die sich hervorragend f\u00fcr die Hautreinigung eignet und zweimal w\u00f6chentlich f\u00fcr 15 Minuten aufgetragen werden sollte. oder als Nachtcreme f\u00fcr eine weiche Haut verwenden.<\/p>\n<p>Gr\u00f6\u00dfe: 15ml beide<\/p>\n","protected":false},"excerpt":{"rendered":"<p>Eine zarte und feminine Duftreise mit zwei Basisprodukten f\u00fcr das Gesicht. Empfohlener Verkaufspreis 37.<\/p>\n","protected":false},"featured_media":53566,"template":"","meta":{"_acf_changed":false},"product_brand":[],"product_cat":[1495,12980],"product_tag":[3836,757,4729,844,7738],"class_list":{"0":"post-53757","1":"product","2":"type-product","3":"status-publish","4":"has-post-thumbnail","6":"product_cat-kosmetik","7":"product_cat-mikrokosmos","8":"product_tag-creme-de","9":"product_tag-gesicht","10":"product_tag-maske-de-2","11":"product_tag-mikrokosmos","12":"product_tag-weihnachten-de-2","13":"pa_pezzi-1-stuck","14":"pa_pezzi-10-stuck","16":"first","17":"instock","18":"taxable","19":"shipping-taxable","20":"purchasable","21":"product-type-simple"},"acf":[],"jetpack_sharing_enabled":true,"_links":{"self":[{"href":"https:\/\/cndestetik.ch\/de\/wp-json\/wp\/v2\/product\/53757","targetHints":{"allow":["GET"]}}],"collection":[{"href":"https:\/\/cndestetik.ch\/de\/wp-json\/wp\/v2\/product"}],"about":[{"href":"https:\/\/cndestetik.ch\/de\/wp-json\/wp\/v2\/types\/product"}],"wp:featuredmedia":[{"embeddable":true,"href":"https:\/\/cndestetik.ch\/de\/wp-json\/wp\/v2\/media\/53566"}],"wp:attachment":[{"href":"https:\/\/cndestetik.ch\/de\/wp-json\/wp\/v2\/media?parent=53757"}],"wp:term":[{"taxonomy":"product_brand","embeddable":true,"href":"https:\/\/cndestetik.ch\/de\/wp-json\/wp\/v2\/product_brand?post=53757"},{"taxonomy":"product_cat","embeddable":true,"href":"https:\/\/cndestetik.ch\/de\/wp-json\/wp\/v2\/product_cat?post=53757"},{"taxonomy":"product_tag","embeddable":true,"href":"https:\/\/cndestetik.ch\/de\/wp-json\/wp\/v2\/product_tag?post=53757"}],"curies":[{"name":"wp","href":"https:\/\/api.w.org\/{rel}","templated":true}]}}