{"id":53541,"date":"2022-10-11T00:01:33","date_gmt":"2022-10-10T22:01:33","guid":{"rendered":"https:\/\/cndestetik.ch\/prodotto\/ayurvedische-kraeutertees\/"},"modified":"2024-01-16T00:00:25","modified_gmt":"2024-01-15T23:00:25","slug":"ayurvedische-krautertees","status":"publish","type":"product","link":"https:\/\/cndestetik.ch\/de\/prodotto\/ayurvedische-krautertees\/","title":{"rendered":"Ayurvedische Kr\u00e4utertees"},"content":{"rendered":"<p>Unser Sortiment an nat\u00fcrlichen Heilmitteln wird durch drei Wellness-Kr\u00e4utertees bereichert. Diese Kr\u00e4utertees zeichnen sich durch biologische Gew\u00fcrzmischungen aus und sind reich an wohltuenden Eigenschaften f\u00fcr K\u00f6rper und Geist. Ayurveda befasst sich in jeder Hinsicht mit dem Wohlergehen des Menschen, in seinen k\u00f6rperlichen, geistigen und spirituellen Aspekten, und befasst sich sowohl mit Pathologien als auch mit dem normalen Gesundheitszustand. Sie begleiten die warme Jahreszeit mit wichtigen aromatischen Noten.<\/p>\n<p>Sie m\u00fcssen bei sehr hohen Temperaturen 10 bis 20 Minuten lang aufgegossen werden (um ihre Intensit\u00e4t zu variieren).<\/p>\n<ul>\n<li>Vata-Kr\u00e4utertee<\/li>\n<\/ul>\n<p>Indischer Chai-Tee mit Zimt und Ingwer zur Erw\u00e4rmung des Herzens, 100% biologisch Dieser Chai-Tee tr\u00e4gt zur Beruhigung und Erw\u00e4rmung von K\u00f6rper, Geist und Gef\u00fchlen bei. Eine w\u00e4rmende und reinigende Mischung aus Zimt, Ingwer und Kardamom, die das Wohlbefinden f\u00f6rdert. Voller Geschmack einer theinfreien (koffeinfreien) Kr\u00e4uter- und Gew\u00fcrzmischung, auch f\u00fcr den Abend geeignet.<\/p>\n<p>Zutaten: Zimtst\u00fccke bio, S\u00fc\u00dfholzwurzel bio, Ingwer bio, Fenchel bio, Orangenschalen bio, Kardamom bio.<\/p>\n<ul>\n<li>Pitta-Kr\u00e4utertee<\/li>\n<\/ul>\n<p>Eine ausgleichende Mischung aus Kr\u00e4utern und Gew\u00fcrzen, 100% biologisch. Diese Mischung hilft, den K\u00f6rper, den Geist und die Emotionen zu beruhigen und zu w\u00e4rmen. Zimt, Rosenbl\u00fcten und Fenchel mit ihren reinigenden und beruhigenden Eigenschaften treffen auf die W\u00e4rme von Kardamom, Lakritz und Koriander. Voller Geschmack einer theinfreien (koffeinfreien) Kr\u00e4uter- und Gew\u00fcrzmischung, auch f\u00fcr den Abend geeignet.<\/p>\n<p>Zutaten: Bio-Zimtst\u00fccke, Bio-S\u00fc\u00dfholzwurzel, Bio-Ingwer, Bio-Fenchel, Bio-Koriander, Bio-Kardamom, Bio-Rosenbl\u00fctenbl\u00e4tter.<\/p>\n<ul>\n<li>Kapha-Kr\u00e4utertee<\/li>\n<\/ul>\n<p>Eine energetisierende Mischung aus 100% biologischen Kr\u00e4utern und Gew\u00fcrzen. Diese Mischung hilft, den K\u00f6rper, den Geist und die Emotionen zu revitalisieren. Eine belebende Mischung mit trockenem, gemahlenem Ingwer, der eine w\u00fcrzige Note verleiht. Voller Geschmack einer Mischung aus Kr\u00e4utern und Gew\u00fcrzen ohne Thein (Koffein), auch f\u00fcr den Abend geeignet<\/p>\n<p>Zutaten: Ingwer bio, Koriander bio, Kurkumawurzel bio, Kardamom bio, Nelken bio, Muskatnuss bio.<\/p>\n<p>3 Packungen pro Sorte beim Kauf von 12\/24\/36 Packungen.<\/p>\n<p>12er Pack = 8.5 CHF\/Einzel &#8211; 24er Pack = 8 CHF\/Einzel &#8211; 36er Pack = 7.5 CHF\/Einzel<\/p>\n","protected":false},"excerpt":{"rendered":"<p>Diese Kr\u00e4utertees zeichnen sich durch biologische Gew\u00fcrzmischungen aus und sind reich an wohltuenden Eigenschaften f\u00fcr K\u00f6rper und Geist.<\/p>\n","protected":false},"featured_media":53516,"template":"","meta":{"_acf_changed":false},"product_brand":[],"product_cat":[1995],"product_tag":[10254,2007,10255,10253,9855],"class_list":{"0":"post-53541","1":"product","2":"type-product","3":"status-publish","4":"has-post-thumbnail","6":"product_cat-wellness-krautertees","7":"product_tag-kapha-de","8":"product_tag-krautertees","9":"product_tag-pitta-de","10":"product_tag-vata-de","11":"product_tag-wellness-de","12":"pa_tisane-ayurvediche-12er-pack","13":"pa_tisane-ayurvediche-24-stuck","14":"pa_tisane-ayurvediche-36-packung","16":"first","17":"instock","18":"taxable","19":"shipping-taxable","20":"purchasable","21":"product-type-variable"},"acf":[],"jetpack_sharing_enabled":true,"_links":{"self":[{"href":"https:\/\/cndestetik.ch\/de\/wp-json\/wp\/v2\/product\/53541","targetHints":{"allow":["GET"]}}],"collection":[{"href":"https:\/\/cndestetik.ch\/de\/wp-json\/wp\/v2\/product"}],"about":[{"href":"https:\/\/cndestetik.ch\/de\/wp-json\/wp\/v2\/types\/product"}],"wp:featuredmedia":[{"embeddable":true,"href":"https:\/\/cndestetik.ch\/de\/wp-json\/wp\/v2\/media\/53516"}],"wp:attachment":[{"href":"https:\/\/cndestetik.ch\/de\/wp-json\/wp\/v2\/media?parent=53541"}],"wp:term":[{"taxonomy":"product_brand","embeddable":true,"href":"https:\/\/cndestetik.ch\/de\/wp-json\/wp\/v2\/product_brand?post=53541"},{"taxonomy":"product_cat","embeddable":true,"href":"https:\/\/cndestetik.ch\/de\/wp-json\/wp\/v2\/product_cat?post=53541"},{"taxonomy":"product_tag","embeddable":true,"href":"https:\/\/cndestetik.ch\/de\/wp-json\/wp\/v2\/product_tag?post=53541"}],"curies":[{"name":"wp","href":"https:\/\/api.w.org\/{rel}","templated":true}]}}