{"id":53359,"date":"2022-09-30T11:29:18","date_gmt":"2022-09-30T09:29:18","guid":{"rendered":"https:\/\/cndestetik.ch\/prodotto\/hand-und-fusswickel\/"},"modified":"2025-01-23T09:27:47","modified_gmt":"2025-01-23T08:27:47","slug":"pack-hands-and-feet","status":"publish","type":"product","link":"https:\/\/cndestetik.ch\/de\/prodotto\/pack-hands-and-feet\/","title":{"rendered":"Hand- und Fu\u00dfwickel"},"content":{"rendered":"<p>Mit dem ersten kalten Wetter wird die Haut empfindlicher, und unweigerlich sind H\u00e4nde und F\u00fc\u00dfe die am meisten betroffenen K\u00f6rperteile, die trocken und rissig werden. Genau aus diesem Grund muss man sich um sie k\u00fcmmern.<\/p>\n<p>Dies ist das ideale Geschenk, um sich um andere zu k\u00fcmmern, mit einer einfachen und effektiven Geste.<\/p>\n<p>Wow-Effekt von der ersten Anwendung an, es ist eine einfache Maske mit einem zarten Duft, die auf die H\u00e4nde oder F\u00fc\u00dfe aufgetragen werden kann. Ein wahrer Moment der Entspannung und Verw\u00f6hnung!<\/p>\n<p>Gr\u00f6\u00dfe: 250ml<\/p>\n","protected":false},"excerpt":{"rendered":"<p>Dies ist das ideale Geschenk, um sich um andere zu k\u00fcmmern, mit einer einfachen und effektiven Geste.<\/p>\n","protected":false},"featured_media":53356,"template":"","meta":{"_acf_changed":false},"product_brand":[],"product_cat":[12985,1495,12980],"product_tag":[1455,3550,7738,4621],"class_list":{"0":"post-53359","1":"product","2":"type-product","3":"status-publish","4":"has-post-thumbnail","6":"product_cat-body","7":"product_cat-kosmetik","8":"product_cat-mikrokosmos","9":"product_tag-fuse","10":"product_tag-hande","11":"product_tag-weihnachten-de-2","12":"product_tag-wickeln","14":"first","15":"instock","16":"taxable","17":"shipping-taxable","18":"purchasable","19":"product-type-simple"},"acf":[],"jetpack_sharing_enabled":true,"_links":{"self":[{"href":"https:\/\/cndestetik.ch\/de\/wp-json\/wp\/v2\/product\/53359","targetHints":{"allow":["GET"]}}],"collection":[{"href":"https:\/\/cndestetik.ch\/de\/wp-json\/wp\/v2\/product"}],"about":[{"href":"https:\/\/cndestetik.ch\/de\/wp-json\/wp\/v2\/types\/product"}],"wp:featuredmedia":[{"embeddable":true,"href":"https:\/\/cndestetik.ch\/de\/wp-json\/wp\/v2\/media\/53356"}],"wp:attachment":[{"href":"https:\/\/cndestetik.ch\/de\/wp-json\/wp\/v2\/media?parent=53359"}],"wp:term":[{"taxonomy":"product_brand","embeddable":true,"href":"https:\/\/cndestetik.ch\/de\/wp-json\/wp\/v2\/product_brand?post=53359"},{"taxonomy":"product_cat","embeddable":true,"href":"https:\/\/cndestetik.ch\/de\/wp-json\/wp\/v2\/product_cat?post=53359"},{"taxonomy":"product_tag","embeddable":true,"href":"https:\/\/cndestetik.ch\/de\/wp-json\/wp\/v2\/product_tag?post=53359"}],"curies":[{"name":"wp","href":"https:\/\/api.w.org\/{rel}","templated":true}]}}