{"id":53194,"date":"2022-09-08T13:10:37","date_gmt":"2022-09-08T11:10:37","guid":{"rendered":"https:\/\/cndestetik.ch\/prodotto\/eye-relax-komplett-set\/"},"modified":"2024-01-16T00:00:22","modified_gmt":"2024-01-15T23:00:22","slug":"kit-komplette-augen-entspannung","status":"publish","type":"product","link":"https:\/\/cndestetik.ch\/de\/prodotto\/kit-komplette-augen-entspannung\/","title":{"rendered":"Eye Relax Komplett-Set"},"content":{"rendered":"<p>Eye Relax Kit komplett mit Produkten. Durch den Druck aus dem Computerbereich, eine intelligente Vibrationsmassage und die Infrarot-W\u00e4rmefunktion w\u00e4rmt und entlastet die Maske die Augenpartie, entspannt die Muskeln und mindert die Erm\u00fcdung der Augen und sorgt so f\u00fcr ein erholtes Aussehen.<\/p>\n<p>Der Bausatz enth\u00e4lt:<\/p>\n<ul>\n<li>Augenmassage<\/li>\n<li>Lavendel-Hydrolat<\/li>\n<li>Hammamelis-Hydroglycerinat<\/li>\n<li>Birke Spagyrischer Oleolith<\/li>\n<li>Rosshaar-B\u00fcrste<\/li>\n<li>Serum mit Hyalurons\u00e4ure, Augen- und Lippenkontur<\/li>\n<\/ul>\n","protected":false},"excerpt":{"rendered":"<p>Eye Relax Kit komplett mit Produkten.<\/p>\n","protected":false},"featured_media":54250,"template":"","meta":{"_acf_changed":false},"product_brand":[],"product_cat":[15],"product_tag":[7601,723,8902,7122,9333,9347,4184,515,7385,9342,2116,7120,7567],"class_list":{"0":"post-53194","1":"product","2":"type-product","3":"status-publish","4":"has-post-thumbnail","6":"product_cat-07-cosmetica","7":"product_tag-auge","8":"product_tag-augen","9":"product_tag-birke-de","10":"product_tag-burste-de-2","11":"product_tag-entspannen","12":"product_tag-hammamelis-de","13":"product_tag-hydrolat-de","14":"product_tag-lavendel","15":"product_tag-massage-de","16":"product_tag-massage-de-2","17":"product_tag-oleolith","18":"product_tag-rosshaar","19":"product_tag-serum-de-2","21":"first","22":"instock","23":"sale","24":"taxable","25":"shipping-taxable","26":"purchasable","27":"product-type-simple"},"acf":[],"jetpack_sharing_enabled":true,"_links":{"self":[{"href":"https:\/\/cndestetik.ch\/de\/wp-json\/wp\/v2\/product\/53194","targetHints":{"allow":["GET"]}}],"collection":[{"href":"https:\/\/cndestetik.ch\/de\/wp-json\/wp\/v2\/product"}],"about":[{"href":"https:\/\/cndestetik.ch\/de\/wp-json\/wp\/v2\/types\/product"}],"wp:featuredmedia":[{"embeddable":true,"href":"https:\/\/cndestetik.ch\/de\/wp-json\/wp\/v2\/media\/54250"}],"wp:attachment":[{"href":"https:\/\/cndestetik.ch\/de\/wp-json\/wp\/v2\/media?parent=53194"}],"wp:term":[{"taxonomy":"product_brand","embeddable":true,"href":"https:\/\/cndestetik.ch\/de\/wp-json\/wp\/v2\/product_brand?post=53194"},{"taxonomy":"product_cat","embeddable":true,"href":"https:\/\/cndestetik.ch\/de\/wp-json\/wp\/v2\/product_cat?post=53194"},{"taxonomy":"product_tag","embeddable":true,"href":"https:\/\/cndestetik.ch\/de\/wp-json\/wp\/v2\/product_tag?post=53194"}],"curies":[{"name":"wp","href":"https:\/\/api.w.org\/{rel}","templated":true}]}}