{"id":53185,"date":"2022-09-08T13:03:15","date_gmt":"2022-09-08T11:03:15","guid":{"rendered":"https:\/\/cndestetik.ch\/prodotto\/auge-entspannen\/"},"modified":"2025-02-11T14:32:40","modified_gmt":"2025-02-11T13:32:40","slug":"augenentspannung","status":"publish","type":"product","link":"https:\/\/cndestetik.ch\/de\/prodotto\/augenentspannung\/","title":{"rendered":"Auge entspannen"},"content":{"rendered":"<p>Pressomassage f\u00fcr die Augen. Es funktioniert durch Druck auf die betroffene Stelle, eine intelligente Vibrationsmassage und eine Infrarot-W\u00e4rmefunktion. Es w\u00e4rmt und beruhigt die Augenpartie, entspannt die Muskeln und lindert die Erm\u00fcdung der Augen f\u00fcr ein erholtes Aussehen. <\/p>\n<p>Empfohlener Verkaufspreis: 259 CHF<\/p>\n","protected":false},"excerpt":{"rendered":"<p>Funktioniert durch Druck auf die betroffene Stelle, eine intelligente Vibrationsmassage und eine Infrarot-W\u00e4rmefunktion<\/p>\n","protected":false},"featured_media":54044,"template":"","meta":{"_acf_changed":false},"product_brand":[],"product_cat":[15],"product_tag":[7601,723,9333,7385,9342,9338,9336],"class_list":{"0":"post-53185","1":"product","2":"type-product","3":"status-publish","4":"has-post-thumbnail","6":"product_cat-07-cosmetica","7":"product_tag-auge","8":"product_tag-augen","9":"product_tag-entspannen","10":"product_tag-massage-de","11":"product_tag-massage-de-2","12":"product_tag-pressomassage-de","13":"product_tag-unter-de-3","14":"pa_pezzi-1-stuck","15":"pa_pezzi-3-stuck","17":"first","18":"instock","19":"taxable","20":"shipping-taxable","21":"purchasable","22":"product-type-variable"},"acf":[],"jetpack_sharing_enabled":true,"_links":{"self":[{"href":"https:\/\/cndestetik.ch\/de\/wp-json\/wp\/v2\/product\/53185","targetHints":{"allow":["GET"]}}],"collection":[{"href":"https:\/\/cndestetik.ch\/de\/wp-json\/wp\/v2\/product"}],"about":[{"href":"https:\/\/cndestetik.ch\/de\/wp-json\/wp\/v2\/types\/product"}],"wp:featuredmedia":[{"embeddable":true,"href":"https:\/\/cndestetik.ch\/de\/wp-json\/wp\/v2\/media\/54044"}],"wp:attachment":[{"href":"https:\/\/cndestetik.ch\/de\/wp-json\/wp\/v2\/media?parent=53185"}],"wp:term":[{"taxonomy":"product_brand","embeddable":true,"href":"https:\/\/cndestetik.ch\/de\/wp-json\/wp\/v2\/product_brand?post=53185"},{"taxonomy":"product_cat","embeddable":true,"href":"https:\/\/cndestetik.ch\/de\/wp-json\/wp\/v2\/product_cat?post=53185"},{"taxonomy":"product_tag","embeddable":true,"href":"https:\/\/cndestetik.ch\/de\/wp-json\/wp\/v2\/product_tag?post=53185"}],"curies":[{"name":"wp","href":"https:\/\/api.w.org\/{rel}","templated":true}]}}