{"id":53141,"date":"2022-06-01T13:12:25","date_gmt":"2022-06-01T11:12:25","guid":{"rendered":"https:\/\/cndestetik.ch\/prodotto\/12-teiliges-mini-laser-display-marienkaefer\/"},"modified":"2024-05-21T09:57:58","modified_gmt":"2024-05-21T07:57:58","slug":"display-stander-mini-raspa-laser-12-teilig-ladybug","status":"publish","type":"product","link":"https:\/\/cndestetik.ch\/de\/prodotto\/display-stander-mini-raspa-laser-12-teilig-ladybug\/","title":{"rendered":"12-teiliges Mini-Laser-Display &#8211; Marienk\u00e4fer"},"content":{"rendered":"<p><span data-sheets-value=\"{\"1\":2,\"2\":\"Raspa con parte levigante in acciaio inox lavorata a laser. Ideale per la rimozione e la levigatura di superfici callose e ispessite. Espositore da 12 pz. (4 per ogni colore)\"}\" data-sheets-userformat=\"{\"2\":15297,\"3\":{\"1\":0},\"9\":0,\"10\":2,\"11\":0,\"12\":0,\"14\":{\"1\":2,\"2\":0},\"15\":\"Calibri\",\"16\":11}\">Raspel mit lasergeschnittenem Edelstahlabziehteil. Ideal zum Entfernen und Gl\u00e4tten schwieliger und verdickter Oberfl\u00e4chen. Display mit 12 St\u00fcck (4 von jeder Farbe)<\/span><\/p>\n","protected":false},"excerpt":{"rendered":"<p><span data-sheets-value=\"{\"1\":2,\"2\":\"Raspa con parte levigante in acciaio inox lavorata a laser. Ideale per la rimozione e la levigatura di superfici callose e ispessite. Espositore da 12 pz. (4 per ogni colore)\"}\" data-sheets-userformat=\"{\"2\":15297,\"3\":{\"1\":0},\"9\":0,\"10\":2,\"11\":0,\"12\":0,\"14\":{\"1\":2,\"2\":0},\"15\":\"Calibri\",\"16\":11}\">Raspel mit lasergeschnittenem Edelstahlabziehteil.<\/span><\/p>\n","protected":false},"featured_media":54040,"template":"","meta":{"_acf_changed":false},"product_brand":[],"product_cat":[1299],"product_tag":[4409,1375,9282,1376,9283],"class_list":{"0":"post-53141","1":"product","2":"type-product","3":"status-publish","4":"has-post-thumbnail","6":"product_cat-ausrustung","7":"product_tag-display-einheit","8":"product_tag-laser-de","9":"product_tag-marienkafer","10":"product_tag-raspel","11":"product_tag-raspeln","13":"first","14":"instock","15":"taxable","16":"shipping-taxable","17":"purchasable","18":"product-type-simple"},"acf":[],"jetpack_sharing_enabled":true,"_links":{"self":[{"href":"https:\/\/cndestetik.ch\/de\/wp-json\/wp\/v2\/product\/53141","targetHints":{"allow":["GET"]}}],"collection":[{"href":"https:\/\/cndestetik.ch\/de\/wp-json\/wp\/v2\/product"}],"about":[{"href":"https:\/\/cndestetik.ch\/de\/wp-json\/wp\/v2\/types\/product"}],"wp:featuredmedia":[{"embeddable":true,"href":"https:\/\/cndestetik.ch\/de\/wp-json\/wp\/v2\/media\/54040"}],"wp:attachment":[{"href":"https:\/\/cndestetik.ch\/de\/wp-json\/wp\/v2\/media?parent=53141"}],"wp:term":[{"taxonomy":"product_brand","embeddable":true,"href":"https:\/\/cndestetik.ch\/de\/wp-json\/wp\/v2\/product_brand?post=53141"},{"taxonomy":"product_cat","embeddable":true,"href":"https:\/\/cndestetik.ch\/de\/wp-json\/wp\/v2\/product_cat?post=53141"},{"taxonomy":"product_tag","embeddable":true,"href":"https:\/\/cndestetik.ch\/de\/wp-json\/wp\/v2\/product_tag?post=53141"}],"curies":[{"name":"wp","href":"https:\/\/api.w.org\/{rel}","templated":true}]}}