{"id":53070,"date":"2020-10-15T11:46:02","date_gmt":"2020-10-15T09:46:02","guid":{"rendered":"https:\/\/cndestetik.ch\/prodotto\/inika-eye-pencil-lila-minx\/"},"modified":"2022-11-15T17:06:44","modified_gmt":"2022-11-15T16:06:44","slug":"inika-eye-pencil-purple-minx","status":"publish","type":"product","link":"https:\/\/cndestetik.ch\/de\/prodotto\/inika-eye-pencil-purple-minx\/","title":{"rendered":"Inika Eye Pencil Lila Minx"},"content":{"rendered":"<p>Dieser Augenstift zeichnet sich durch seine weiche, seidige Textur aus, die sich nahtlos auftragen l\u00e4sst und f\u00fcr intensive Farbe sorgt.<br \/>\nEr besteht aus nat\u00fcrlichen pflanzlichen Inhaltsstoffen und reinen Mineralpigmenten, bietet eine gleichm\u00e4\u00dfige Farbe und l\u00e4sst sich den ganzen Tag \u00fcber bequem verwenden.<br \/>\nDie Formulierung mit zertifiziertem Bio-Kokos\u00f6l sorgt f\u00fcr Weichheit und Pflege.<br \/>\nDie reichhaltige, cremige Textur ist un\u00fcbertroffen in der Welt der nat\u00fcrlichen Bel\u00e4ge.<br \/>\nGeeignet f\u00fcr empfindliche Augen.<br \/>\nDie Easy-Glide-Formel macht es einfach, einen spektakul\u00e4ren Look zu erzielen. Es h\u00e4lt den ganzen Tag.<\/p>\n<p>Alle INIKA-Produkte sind zu 100 % nat\u00fcrlichen Ursprungs, zertifiziert vegan und frei von Tierqu\u00e4lerei.<\/p>\n","protected":false},"excerpt":{"rendered":"<p>Weicher und seidiger Augenstift<\/p>\n","protected":false},"featured_media":37269,"template":"","meta":{"_acf_changed":false},"product_brand":[],"product_cat":[8511],"product_tag":[7601,723,387,7558,408,6193,650,10004],"class_list":{"0":"post-53070","1":"product","2":"type-product","3":"status-publish","4":"has-post-thumbnail","6":"product_cat-letzte-stucke","7":"product_tag-auge","8":"product_tag-augen","9":"product_tag-bilden","10":"product_tag-bleistift","11":"product_tag-kokosnuss","12":"product_tag-lila","13":"product_tag-mineralien","14":"product_tag-minx-de","16":"first","17":"outofstock","18":"sale","19":"taxable","20":"shipping-taxable","21":"purchasable","22":"product-type-simple"},"acf":[],"jetpack_sharing_enabled":true,"_links":{"self":[{"href":"https:\/\/cndestetik.ch\/de\/wp-json\/wp\/v2\/product\/53070","targetHints":{"allow":["GET"]}}],"collection":[{"href":"https:\/\/cndestetik.ch\/de\/wp-json\/wp\/v2\/product"}],"about":[{"href":"https:\/\/cndestetik.ch\/de\/wp-json\/wp\/v2\/types\/product"}],"wp:featuredmedia":[{"embeddable":true,"href":"https:\/\/cndestetik.ch\/de\/wp-json\/wp\/v2\/media\/37269"}],"wp:attachment":[{"href":"https:\/\/cndestetik.ch\/de\/wp-json\/wp\/v2\/media?parent=53070"}],"wp:term":[{"taxonomy":"product_brand","embeddable":true,"href":"https:\/\/cndestetik.ch\/de\/wp-json\/wp\/v2\/product_brand?post=53070"},{"taxonomy":"product_cat","embeddable":true,"href":"https:\/\/cndestetik.ch\/de\/wp-json\/wp\/v2\/product_cat?post=53070"},{"taxonomy":"product_tag","embeddable":true,"href":"https:\/\/cndestetik.ch\/de\/wp-json\/wp\/v2\/product_tag?post=53070"}],"curies":[{"name":"wp","href":"https:\/\/api.w.org\/{rel}","templated":true}]}}