{"id":53051,"date":"2020-10-15T11:45:46","date_gmt":"2020-10-15T09:45:46","guid":{"rendered":"https:\/\/cndestetik.ch\/prodotto\/inika-lidschatten-duo-platinstahl\/"},"modified":"2023-01-12T13:37:56","modified_gmt":"2023-01-12T12:37:56","slug":"inika-eye-shadow-duo-platinum-steel","status":"publish","type":"product","link":"https:\/\/cndestetik.ch\/de\/prodotto\/inika-eye-shadow-duo-platinum-steel\/","title":{"rendered":"Inika Lidschatten Duo &#8211; Platinstahl"},"content":{"rendered":"<p>Dieses Lidschatten-Duo sorgt mit reinen Mineralien und der au\u00dfergew\u00f6hnlichen Leistung eines nat\u00fcrlich gepressten Puders f\u00fcr eine lang anhaltende, faltenfreie Farbe f\u00fcr einen wundersch\u00f6nen Augenaufschlag &#8211; den ganzen Tag lang.<br \/>\nEr enth\u00e4lt zwei sich erg\u00e4nzende Farbt\u00f6ne, die die Augen betonen und ein au\u00dfergew\u00f6hnliches Make-up kreieren.<br \/>\nReine, nat\u00fcrlich gepresste Mineralien f\u00fcr gesunde, lang anhaltende Farbe.<br \/>\nEs enth\u00e4lt zwei wundersch\u00f6ne, mineralhaltige Lidschattenfarben.<br \/>\nFrei von sch\u00e4dlichen Chemikalien, daher ideal f\u00fcr empfindliche Augen.<br \/>\nAlle INIKA-Produkte sind zu 100 % nat\u00fcrlichen Ursprungs, zertifiziert vegan und frei von Tierqu\u00e4lerei.<br \/>\n1. Um die Tragedauer zu verl\u00e4ngern, tragen Sie eine Lidschattenunterlage auf, wobei Sie zwischen dem Certified Organic Perfection Concealer, der Certified Organic Light Reflect Cream, dem Certified Organic Cream Eyeshadow oder dem Mineral Mattifying Powder w\u00e4hlen k\u00f6nnen.<br \/>\n2. Nehmen Sie mit dem Vegan Eyeshadow Brush eine kleine Menge Lidschatten auf und tupfen Sie die Farbe leicht auf das Augenlid.<br \/>\n3. Streichen Sie die hellere Farbe sanft \u00fcber das Augenlid, wobei Sie den dunkleren Farbton im \u00e4u\u00dferen Drittel und in der Lidfalte auftragen, um den Augen Tiefe und Definition zu verleihen, und den helleren Farbton in den inneren zwei Dritteln, um die Augen gr\u00f6\u00dfer wirken zu lassen.<br \/>\nKreieren Sie die Farbe in der gew\u00fcnschten Intensit\u00e4t oder mischen Sie Farbt\u00f6ne f\u00fcr einen individuellen Look. Die Farbt\u00f6ne k\u00f6nnen zusammen oder einzeln getragen werden.<\/p>\n","protected":false},"excerpt":{"rendered":"<p>Ein Paar Lidschatten. Empfohlener Verkaufspreis: CHF 28.60<\/p>\n","protected":false},"featured_media":37284,"template":"","meta":{"_acf_changed":false},"product_brand":[],"product_cat":[8511],"product_tag":[7601,387,7651,5795,7347,9575,7608,6850],"class_list":{"0":"post-53051","1":"product","2":"type-product","3":"status-publish","4":"has-post-thumbnail","6":"product_cat-letzte-stucke","7":"product_tag-auge","8":"product_tag-bilden","9":"product_tag-duo-de","10":"product_tag-lidschatten","11":"product_tag-lidschatten-de","12":"product_tag-platin","13":"product_tag-schatten","14":"product_tag-stahl-de","16":"first","17":"instock","18":"sale","19":"taxable","20":"shipping-taxable","21":"purchasable","22":"product-type-simple"},"acf":[],"jetpack_sharing_enabled":true,"_links":{"self":[{"href":"https:\/\/cndestetik.ch\/de\/wp-json\/wp\/v2\/product\/53051","targetHints":{"allow":["GET"]}}],"collection":[{"href":"https:\/\/cndestetik.ch\/de\/wp-json\/wp\/v2\/product"}],"about":[{"href":"https:\/\/cndestetik.ch\/de\/wp-json\/wp\/v2\/types\/product"}],"wp:featuredmedia":[{"embeddable":true,"href":"https:\/\/cndestetik.ch\/de\/wp-json\/wp\/v2\/media\/37284"}],"wp:attachment":[{"href":"https:\/\/cndestetik.ch\/de\/wp-json\/wp\/v2\/media?parent=53051"}],"wp:term":[{"taxonomy":"product_brand","embeddable":true,"href":"https:\/\/cndestetik.ch\/de\/wp-json\/wp\/v2\/product_brand?post=53051"},{"taxonomy":"product_cat","embeddable":true,"href":"https:\/\/cndestetik.ch\/de\/wp-json\/wp\/v2\/product_cat?post=53051"},{"taxonomy":"product_tag","embeddable":true,"href":"https:\/\/cndestetik.ch\/de\/wp-json\/wp\/v2\/product_tag?post=53051"}],"curies":[{"name":"wp","href":"https:\/\/api.w.org\/{rel}","templated":true}]}}