{"id":53041,"date":"2020-10-15T11:44:29","date_gmt":"2020-10-15T09:44:29","guid":{"rendered":"https:\/\/cndestetik.ch\/prodotto\/hyaluronsaeure-serum-reife-haut\/"},"modified":"2025-02-07T08:28:26","modified_gmt":"2025-02-07T07:28:26","slug":"serum-saure-hyaluron-haut-reife","status":"publish","type":"product","link":"https:\/\/cndestetik.ch\/de\/prodotto\/serum-saure-hyaluron-haut-reife\/","title":{"rendered":"Hyalurons\u00e4ure-Serum Reife Haut"},"content":{"rendered":"<p><span data-sheets-value=\"{\"1\":2,\"2\":\"I sieri all'acido ialuronico sono da applicare prima della crema o dell'oleolito viso, ottimi durante un trattamento e da consigliare per l'utilizzo quotidiano a casa. Caratterizzati da un ottimo assorbimento, se applicati a fine trattamento generano un leggero effetto tensore sulla pelle.\\nContiene Acido Ialuronico ed Estratto Spagirico di Ginseng. Ottima l'azione tonificante data dall'abbinamento con l'estratto spagirico di ginseng. Particolarmente adatto sulle rughe, idrata e tonifica la pelle. In abbinamento con la crema pelli mature.\"}\" data-sheets-userformat=\"{\"2\":15297,\"3\":{\"1\":0},\"9\":0,\"10\":2,\"11\":0,\"12\":0,\"14\":{\"1\":2,\"2\":0},\"15\":\"Calibri\",\"16\":11}\">Die Hyalurons\u00e4ure-Seren werden vor der Gesichtscreme oder dem Gesichts\u00f6l aufgetragen, eignen sich hervorragend f\u00fcr eine Behandlung und werden f\u00fcr die t\u00e4gliche Anwendung zu Hause empfohlen. Sie zeichnen sich durch eine hervorragende Absorption aus und haben bei der Anwendung am Ende der Behandlung eine leicht straffende Wirkung auf die Haut.<br \/>\n<\/span><\/p>\n<p><span data-sheets-value=\"{\"1\":2,\"2\":\"I sieri all'acido ialuronico sono da applicare prima della crema o dell'oleolito viso, ottimi durante un trattamento e da consigliare per l'utilizzo quotidiano a casa. Caratterizzati da un ottimo assorbimento, se applicati a fine trattamento generano un leggero effetto tensore sulla pelle.\\nContiene Acido Ialuronico ed Estratto Spagirico di Ginseng. Ottima l'azione tonificante data dall'abbinamento con l'estratto spagirico di ginseng. Particolarmente adatto sulle rughe, idrata e tonifica la pelle. In abbinamento con la crema pelli mature.\"}\" data-sheets-userformat=\"{\"2\":15297,\"3\":{\"1\":0},\"9\":0,\"10\":2,\"11\":0,\"12\":0,\"14\":{\"1\":2,\"2\":0},\"15\":\"Calibri\",\"16\":11}\">Enth\u00e4lt Hyalurons\u00e4ure und spagyrischen Ginsengextrakt. Die belebende Wirkung der Kombination mit spagyrischem Ginsengextrakt ist hervorragend.  <\/span><\/p>\n<p><span data-sheets-value=\"{\"1\":2,\"2\":\"I sieri all'acido ialuronico sono da applicare prima della crema o dell'oleolito viso, ottimi durante un trattamento e da consigliare per l'utilizzo quotidiano a casa. Caratterizzati da un ottimo assorbimento, se applicati a fine trattamento generano un leggero effetto tensore sulla pelle.\\nContiene Acido Ialuronico ed Estratto Spagirico di Ginseng. Ottima l'azione tonificante data dall'abbinamento con l'estratto spagirico di ginseng. Particolarmente adatto sulle rughe, idrata e tonifica la pelle. In abbinamento con la crema pelli mature.\"}\" data-sheets-userformat=\"{\"2\":15297,\"3\":{\"1\":0},\"9\":0,\"10\":2,\"11\":0,\"12\":0,\"14\":{\"1\":2,\"2\":0},\"15\":\"Calibri\",\"16\":11}\">Sie ist besonders f\u00fcr Falten geeignet, spendet Feuchtigkeit und strafft die Haut. In Kombination mit der Creme f\u00fcr reife Haut.<\/span><\/p>\n","protected":false},"excerpt":{"rendered":"<p>Das Serum ist<span data-sheets-value=\"{\"1\":2,\"2\":\"I sieri all'acido ialuronico sono da applicare prima della crema o dell'oleolito viso, ottimi durante un trattamento e da consigliare per l'utilizzo quotidiano a casa. Caratterizzati da un ottimo assorbimento, se applicati a fine trattamento generano un leggero effetto tensore sulla pelle.\\nContiene Acido Ialuronico ed Estratto Spagirico di Ginseng. Ottima l'azione tonificante data dall'abbinamento con l'estratto spagirico di ginseng. Particolarmente adatto sulle rughe, idrata e tonifica la pelle. In abbinamento con la crema pelli mature.\"}\" data-sheets-userformat=\"{\"2\":15297,\"3\":{\"1\":0},\"9\":0,\"10\":2,\"11\":0,\"12\":0,\"14\":{\"1\":2,\"2\":0},\"15\":\"Calibri\",\"16\":11}\">besonders f\u00fcr Falten geeignet, spendet Feuchtigkeit und strafft die Haut<\/span>.<\/p>\n","protected":false},"featured_media":37386,"template":"","meta":{"_acf_changed":false},"product_brand":[],"product_cat":[12988,1495,12980],"product_tag":[579,3978,590,7163,2169,7197,8952,7567,4173],"class_list":{"0":"post-53041","1":"product","2":"type-product","3":"status-publish","4":"has-post-thumbnail","6":"product_cat-gesicht","7":"product_cat-kosmetik","8":"product_cat-mikrokosmos","9":"product_tag-anti-falten","10":"product_tag-falten","11":"product_tag-ginseng-de","12":"product_tag-haute","13":"product_tag-hyaluronsaure-de","14":"product_tag-reife-de","15":"product_tag-saure","16":"product_tag-serum-de-2","17":"product_tag-wasser","19":"first","20":"instock","21":"taxable","22":"shipping-taxable","23":"purchasable","24":"product-type-simple"},"acf":[],"jetpack_sharing_enabled":true,"_links":{"self":[{"href":"https:\/\/cndestetik.ch\/de\/wp-json\/wp\/v2\/product\/53041","targetHints":{"allow":["GET"]}}],"collection":[{"href":"https:\/\/cndestetik.ch\/de\/wp-json\/wp\/v2\/product"}],"about":[{"href":"https:\/\/cndestetik.ch\/de\/wp-json\/wp\/v2\/types\/product"}],"wp:featuredmedia":[{"embeddable":true,"href":"https:\/\/cndestetik.ch\/de\/wp-json\/wp\/v2\/media\/37386"}],"wp:attachment":[{"href":"https:\/\/cndestetik.ch\/de\/wp-json\/wp\/v2\/media?parent=53041"}],"wp:term":[{"taxonomy":"product_brand","embeddable":true,"href":"https:\/\/cndestetik.ch\/de\/wp-json\/wp\/v2\/product_brand?post=53041"},{"taxonomy":"product_cat","embeddable":true,"href":"https:\/\/cndestetik.ch\/de\/wp-json\/wp\/v2\/product_cat?post=53041"},{"taxonomy":"product_tag","embeddable":true,"href":"https:\/\/cndestetik.ch\/de\/wp-json\/wp\/v2\/product_tag?post=53041"}],"curies":[{"name":"wp","href":"https:\/\/api.w.org\/{rel}","templated":true}]}}