{"id":53039,"date":"2020-10-15T10:42:42","date_gmt":"2020-10-15T08:42:42","guid":{"rendered":"https:\/\/cndestetik.ch\/prodotto\/inika-min-lidschatten-copper-crush\/"},"modified":"2023-01-12T13:29:42","modified_gmt":"2023-01-12T12:29:42","slug":"inika-min-augen-schatten-kupfer-crush","status":"publish","type":"product","link":"https:\/\/cndestetik.ch\/de\/prodotto\/inika-min-augen-schatten-kupfer-crush\/","title":{"rendered":"INIKA Min Lidschatten Copper Crush"},"content":{"rendered":"<p>Der reine und nat\u00fcrliche, lose Mineral-Lidschatten eignet sich perfekt f\u00fcr jeden Look und sorgt f\u00fcr eine sch\u00f6ne, satte Pigmentierung, die selbst bei empfindlichen Augen den ganzen Tag lang f\u00fcr Farbe sorgt.<br \/>\nModulierbare Formel f\u00fcr lange Lebensdauer<br \/>\nDie mineralstoffreiche, hochpigmentierte Formel sorgt f\u00fcr opulente Farbe und atemberaubende Augen.<br \/>\nEs kann auch als Leuchtmittel verwendet werden.<br \/>\nGeeignet f\u00fcr empfindliche Augen.<br \/>\nAlle INIKA-Produkte sind zu 100 % nat\u00fcrlichen Ursprungs, zertifiziert vegan und frei von Tierqu\u00e4lerei.<br \/>\n1. Nehmen Sie den Deckel langsam und vorsichtig ab und halten Sie den Kocher dabei aufrecht, damit er nicht verschmutzt wird.<br \/>\n2. Dr\u00fccken Sie den Vegan Shadow Brush in den Puder, um das Pigment aufzunehmen.<br \/>\n3. Tupfen Sie die Farbe leicht auf das Lid, erh\u00f6hen Sie die Intensit\u00e4t und verblenden Sie sie nach Bedarf.<br \/>\nTipp: Klopfen Sie eine kleine Portion Mineral-Lidschatten auf das Lid und mischen Sie ihn mit einem Tropfen Wasser. Verwenden Sie Ihren Vegan Defining Angle Pinsel f\u00fcr einen intensiven fl\u00fcssigen Eyeliner.<br \/>\nAls Illuminationsmittel verwenden: Mit einem kleinen, flauschigen Pinsel das Produkt aufnehmen und mit leichten, streichenden Bewegungen auf die h\u00f6chsten Punkte des Gesichts wie Wangenknochen und Augenbrauen auftragen, um einen lichtreflektierenden Glanz zu erzielen. Verwenden Sie einen kleineren Pinsel oder Ihre Fingerspitzen, um den Amorbogen und die inneren Augenwinkel aufzutragen.<\/p>\n","protected":false},"excerpt":{"rendered":"<p>Hyperpigmentierter Lidschatten. Empfohlener Verkaufspreis: CHF 20.30<\/p>\n","protected":false},"featured_media":37783,"template":"","meta":{"_acf_changed":false},"product_brand":[],"product_cat":[8511],"product_tag":[7601,387,9974,702,7608,9975],"class_list":{"0":"post-53039","1":"product","2":"type-product","3":"status-publish","4":"has-post-thumbnail","6":"product_cat-letzte-stucke","7":"product_tag-auge","8":"product_tag-bilden","9":"product_tag-kupfer","10":"product_tag-mineralien-de","11":"product_tag-schatten","12":"product_tag-zerquetschen","14":"first","15":"instock","16":"sale","17":"taxable","18":"shipping-taxable","19":"purchasable","20":"product-type-simple"},"acf":[],"jetpack_sharing_enabled":true,"_links":{"self":[{"href":"https:\/\/cndestetik.ch\/de\/wp-json\/wp\/v2\/product\/53039","targetHints":{"allow":["GET"]}}],"collection":[{"href":"https:\/\/cndestetik.ch\/de\/wp-json\/wp\/v2\/product"}],"about":[{"href":"https:\/\/cndestetik.ch\/de\/wp-json\/wp\/v2\/types\/product"}],"wp:featuredmedia":[{"embeddable":true,"href":"https:\/\/cndestetik.ch\/de\/wp-json\/wp\/v2\/media\/37783"}],"wp:attachment":[{"href":"https:\/\/cndestetik.ch\/de\/wp-json\/wp\/v2\/media?parent=53039"}],"wp:term":[{"taxonomy":"product_brand","embeddable":true,"href":"https:\/\/cndestetik.ch\/de\/wp-json\/wp\/v2\/product_brand?post=53039"},{"taxonomy":"product_cat","embeddable":true,"href":"https:\/\/cndestetik.ch\/de\/wp-json\/wp\/v2\/product_cat?post=53039"},{"taxonomy":"product_tag","embeddable":true,"href":"https:\/\/cndestetik.ch\/de\/wp-json\/wp\/v2\/product_tag?post=53039"}],"curies":[{"name":"wp","href":"https:\/\/api.w.org\/{rel}","templated":true}]}}