{"id":52973,"date":"2020-10-15T11:48:42","date_gmt":"2020-10-15T09:48:42","guid":{"rendered":"https:\/\/cndestetik.ch\/prodotto\/inika-bio-makeup-entferner\/"},"modified":"2023-01-11T10:22:27","modified_gmt":"2023-01-11T09:22:27","slug":"inika-organischer-makeup-entferner","status":"publish","type":"product","link":"https:\/\/cndestetik.ch\/de\/prodotto\/inika-organischer-makeup-entferner\/","title":{"rendered":"INIKA Bio-Makeup-Entferner"},"content":{"rendered":"<p>Es entfernt m\u00fchelos das Make-up mit pflegenden Inhaltsstoffen, die die Haut reinigen und weich machen und sie frisch, sauber und mit Feuchtigkeit versorgt zur\u00fccklassen.<br \/>\nDie sorgf\u00e4ltig gemischte Formel auf \u00d6lbasis entfernt sanft und gr\u00fcndlich alle Spuren von Make-up und Unreinheiten, ohne der Haut \u00e4therische \u00d6le zu entziehen.<br \/>\nAngereichert mit Jojoba- und Hagebutten\u00f6l, um die Haut mit Feuchtigkeit zu versorgen und zu revitalisieren, ohne einen fettigen R\u00fcckstand zu hinterlassen.<br \/>\nEnth\u00e4lt zertifiziertes Bio-Jojoba\u00f6l, feuchtigkeitsspendendes Sonnenblumen\u00f6l, beruhigendes Vitamin E und regenerierendes Hagebutten\u00f6l.<br \/>\nGeeignet f\u00fcr empfindliche Haut und die empfindliche Augenpartie.<br \/>\nEntfernt sanft und effektiv Make-up und Unreinheiten.<br \/>\nEs hinterl\u00e4sst die Haut perfekt sauber und gen\u00e4hrt.<br \/>\n75% Bio-Zutaten.<\/p>\n<p>Alle INIKA-Produkte sind zu 100 % nat\u00fcrlichen Ursprungs, zertifiziert vegan und frei von Tierqu\u00e4lerei.<br \/>\n1. Eine kleine Menge auf ein Bio-Wattepad auftragen.<\/p>\n<p>2. Sanft \u00fcber das Gesicht streichen, um alle Make-up-Reste, Schmutz und \u00d6l zu entfernen.<\/p>\n<p>3. Geeignet f\u00fcr die Anwendung um die empfindliche Augenpartie.<\/p>\n<p>Gr\u00f6\u00dfe: 70ml<\/p>\n","protected":false},"excerpt":{"rendered":"<p>Entfernt sanft und effektiv Make-up und Unreinheiten. Empfohlener Verkaufspreis: CHF 26.40<\/p>\n","protected":false},"featured_media":36948,"template":"","meta":{"_acf_changed":false},"product_brand":[],"product_cat":[8511],"product_tag":[7012,387,6889,455,7467,7473,4637],"class_list":{"0":"post-52973","1":"product","2":"type-product","3":"status-publish","4":"has-post-thumbnail","6":"product_cat-letzte-stucke","7":"product_tag-auf-de","8":"product_tag-bilden","9":"product_tag-entferner","10":"product_tag-jojoba-de","11":"product_tag-machen","12":"product_tag-schminke-de","13":"product_tag-waschmittel","15":"first","16":"instock","17":"sale","18":"taxable","19":"shipping-taxable","20":"purchasable","21":"product-type-simple"},"acf":[],"jetpack_sharing_enabled":true,"_links":{"self":[{"href":"https:\/\/cndestetik.ch\/de\/wp-json\/wp\/v2\/product\/52973","targetHints":{"allow":["GET"]}}],"collection":[{"href":"https:\/\/cndestetik.ch\/de\/wp-json\/wp\/v2\/product"}],"about":[{"href":"https:\/\/cndestetik.ch\/de\/wp-json\/wp\/v2\/types\/product"}],"wp:featuredmedia":[{"embeddable":true,"href":"https:\/\/cndestetik.ch\/de\/wp-json\/wp\/v2\/media\/36948"}],"wp:attachment":[{"href":"https:\/\/cndestetik.ch\/de\/wp-json\/wp\/v2\/media?parent=52973"}],"wp:term":[{"taxonomy":"product_brand","embeddable":true,"href":"https:\/\/cndestetik.ch\/de\/wp-json\/wp\/v2\/product_brand?post=52973"},{"taxonomy":"product_cat","embeddable":true,"href":"https:\/\/cndestetik.ch\/de\/wp-json\/wp\/v2\/product_cat?post=52973"},{"taxonomy":"product_tag","embeddable":true,"href":"https:\/\/cndestetik.ch\/de\/wp-json\/wp\/v2\/product_tag?post=52973"}],"curies":[{"name":"wp","href":"https:\/\/api.w.org\/{rel}","templated":true}]}}