{"id":52971,"date":"2022-06-02T10:49:17","date_gmt":"2022-06-02T08:49:17","guid":{"rendered":"https:\/\/cndestetik.ch\/prodotto\/kleiner-holzspachtel-50-stueck\/"},"modified":"2022-11-15T15:49:48","modified_gmt":"2022-11-15T14:49:48","slug":"holzspatel-klein-50stuck","status":"publish","type":"product","link":"https:\/\/cndestetik.ch\/de\/prodotto\/holzspatel-klein-50stuck\/","title":{"rendered":"Kleiner Holzspachtel 50 St\u00fcck"},"content":{"rendered":"<p><span data-sheets-value=\"{\"1\":2,\"2\":\"Per effettuare una ceretta professionale e ben fatta, un momento importante \u00e8 quello della stesura con una spatola per ceretta adatta.\\nEbranditalia offre diverse tipologie a seconda delle tue necessit\u00e0: per chi preferisce l\u2019usa e getta sono \u00e8 a disposizione la spatola per ceretta in legno, al contrario per chi predilige un prodotto riutilizzabile sono disponibili le spatole per ceretta in plastica o in acciaio inox, a punta curva, con lama grande e lama piccola per le zone pi\u00f9 difficili. SPATOLE PICCOLE PER IL VISO\"}\" data-sheets-userformat=\"{\"2\":15297,\"3\":{\"1\":0},\"9\":0,\"10\":2,\"11\":0,\"12\":0,\"14\":{\"1\":2,\"2\":0},\"15\":\"Calibri\",\"16\":11}\">Um ein professionelles und gut ausgef\u00fchrtes Waxing durchf\u00fchren zu k\u00f6nnen, ist es wichtig, das Wachs mit einem geeigneten Spatel aufzutragen.<br \/>\nJe nach Bedarf bieten wir verschiedene Typen an: F\u00fcr diejenigen, die Einwegprodukte bevorzugen, gibt es den Wachsspachtel aus Holz, f\u00fcr diejenigen, die ein wiederverwendbares Produkt bevorzugen, gibt es Wachsspachtel aus Kunststoff oder Edelstahl, mit einer gebogenen Spitze, einer gro\u00dfen Klinge und einer kleinen Klinge f\u00fcr schwierigere Stellen. Kleine Spatel f\u00fcr das Gesicht<\/span><\/p>\n","protected":false},"excerpt":{"rendered":"<p>Kleiner Wachsspachtel, 50er-Pack<\/p>\n","protected":false},"featured_media":39629,"template":"","meta":{"_acf_changed":false},"product_brand":[],"product_cat":[1629],"product_tag":[905,1677,9233,9231,1488,683,9232],"class_list":{"0":"post-52971","1":"product","2":"type-product","3":"status-publish","4":"has-post-thumbnail","6":"product_cat-12-epilation-de","7":"product_tag-epilation","8":"product_tag-haarentfernung","9":"product_tag-holzspachtel","10":"product_tag-kleiner-spachtel","11":"product_tag-spatel","12":"product_tag-wachs","13":"product_tag-wachsspachtel-de","15":"first","16":"instock","17":"taxable","18":"shipping-taxable","19":"purchasable","20":"product-type-simple"},"acf":[],"jetpack_sharing_enabled":true,"_links":{"self":[{"href":"https:\/\/cndestetik.ch\/de\/wp-json\/wp\/v2\/product\/52971","targetHints":{"allow":["GET"]}}],"collection":[{"href":"https:\/\/cndestetik.ch\/de\/wp-json\/wp\/v2\/product"}],"about":[{"href":"https:\/\/cndestetik.ch\/de\/wp-json\/wp\/v2\/types\/product"}],"wp:featuredmedia":[{"embeddable":true,"href":"https:\/\/cndestetik.ch\/de\/wp-json\/wp\/v2\/media\/39629"}],"wp:attachment":[{"href":"https:\/\/cndestetik.ch\/de\/wp-json\/wp\/v2\/media?parent=52971"}],"wp:term":[{"taxonomy":"product_brand","embeddable":true,"href":"https:\/\/cndestetik.ch\/de\/wp-json\/wp\/v2\/product_brand?post=52971"},{"taxonomy":"product_cat","embeddable":true,"href":"https:\/\/cndestetik.ch\/de\/wp-json\/wp\/v2\/product_cat?post=52971"},{"taxonomy":"product_tag","embeddable":true,"href":"https:\/\/cndestetik.ch\/de\/wp-json\/wp\/v2\/product_tag?post=52971"}],"curies":[{"name":"wp","href":"https:\/\/api.w.org\/{rel}","templated":true}]}}