{"id":52966,"date":"2020-10-15T11:44:10","date_gmt":"2020-10-15T09:44:10","guid":{"rendered":"https:\/\/cndestetik.ch\/prodotto\/beruhigendes-feuchtigkeitsspendendes-hyaluronsaeure-wasser-100ml\/"},"modified":"2025-01-24T13:01:41","modified_gmt":"2025-01-24T12:01:41","slug":"wassersaure-ialuronsaure-feuchtigkeitsspendend-beruhigend","status":"publish","type":"product","link":"https:\/\/cndestetik.ch\/de\/prodotto\/wassersaure-ialuronsaure-feuchtigkeitsspendend-beruhigend\/","title":{"rendered":"Beruhigendes, feuchtigkeitsspendendes Hyalurons\u00e4ure-Wasser"},"content":{"rendered":"<p><span data-sheets-value=\"{\"1\":2,\"2\":\"Con Acido Ialuronico ed Estratti Spagirici di Camomilla e Achillea. \\nLa base della soluzione \u00e8 l'acqua di Rosa distillata adatta per tutti i tipi di pelle e da anni utilizzata come supporto nei trattamenti viso di bellezza. Le acque vengono vaporizzate sul viso e decolt\u00e9 prima dell'applicazione della crema o dell'olio per dare un'idratazione profonda e una piacevole sensazione di freschezza (particolarmente apprezzata durante la stagione estiva) unita ad un delicato effetto tensore. Ogni acqua \u00e8 caratterizzata da uno o pi\u00f9 estratti spagirici che la rendono specifica per le diverse esigenze.\"}\" data-sheets-userformat=\"{\"2\":15297,\"3\":{\"1\":0},\"9\":0,\"10\":2,\"11\":0,\"12\":0,\"14\":{\"1\":2,\"2\":0},\"15\":\"Calibri\",\"16\":11}\"><br \/>\nMit Hyalurons\u00e4ure und spagyrischen Extrakten aus Kamille und Schafgarbe. Die Basis der L\u00f6sung ist destilliertes Rosenwasser, das f\u00fcr alle Hauttypen geeignet ist und seit Jahren als Unterst\u00fctzung bei Sch\u00f6nheits-Gesichtsbehandlungen verwendet wird. Das Wasser wird vor dem Auftragen einer Creme oder eines \u00d6ls auf das Gesicht und das Dekollet\u00e9 gespr\u00fcht und spendet tiefgehende Feuchtigkeit und ein angenehmes Frischegef\u00fchl (besonders im Sommer gesch\u00e4tzt), kombiniert mit einem sanften Straffungseffekt. Jedes Wasser zeichnet sich durch einen oder mehrere spagyrische Extrakte aus, die es spezifisch f\u00fcr unterschiedliche Bed\u00fcrfnisse machen.<\/span><\/p>\n","protected":false},"excerpt":{"rendered":"<p>Hyalurons\u00e4ure-Wasser mit Kamille und Schafgarbe.<\/p>\n","protected":false},"featured_media":37401,"template":"","meta":{"_acf_changed":false},"product_brand":[],"product_cat":[12988,1495,12980,9904],"product_tag":[4185,594,2169,611,548,8952,595,4173],"class_list":{"0":"post-52966","1":"product","2":"type-product","3":"status-publish","4":"has-post-thumbnail","6":"product_cat-gesicht","7":"product_cat-kosmetik","8":"product_cat-mikrokosmos","9":"product_cat-pink-bird","10":"product_tag-beruhigend-de-3","11":"product_tag-feuchtigkeitscreme","12":"product_tag-hyaluronsaure-de","13":"product_tag-kamille","14":"product_tag-rose-de","15":"product_tag-saure","16":"product_tag-schafgarbe","17":"product_tag-wasser","18":"pa_formato-100ml-de","19":"pa_formato-500ml-de","21":"first","22":"instock","23":"taxable","24":"shipping-taxable","25":"purchasable","26":"product-type-variable"},"acf":[],"jetpack_sharing_enabled":true,"_links":{"self":[{"href":"https:\/\/cndestetik.ch\/de\/wp-json\/wp\/v2\/product\/52966","targetHints":{"allow":["GET"]}}],"collection":[{"href":"https:\/\/cndestetik.ch\/de\/wp-json\/wp\/v2\/product"}],"about":[{"href":"https:\/\/cndestetik.ch\/de\/wp-json\/wp\/v2\/types\/product"}],"wp:featuredmedia":[{"embeddable":true,"href":"https:\/\/cndestetik.ch\/de\/wp-json\/wp\/v2\/media\/37401"}],"wp:attachment":[{"href":"https:\/\/cndestetik.ch\/de\/wp-json\/wp\/v2\/media?parent=52966"}],"wp:term":[{"taxonomy":"product_brand","embeddable":true,"href":"https:\/\/cndestetik.ch\/de\/wp-json\/wp\/v2\/product_brand?post=52966"},{"taxonomy":"product_cat","embeddable":true,"href":"https:\/\/cndestetik.ch\/de\/wp-json\/wp\/v2\/product_cat?post=52966"},{"taxonomy":"product_tag","embeddable":true,"href":"https:\/\/cndestetik.ch\/de\/wp-json\/wp\/v2\/product_tag?post=52966"}],"curies":[{"name":"wp","href":"https:\/\/api.w.org\/{rel}","templated":true}]}}