{"id":52953,"date":"2020-10-15T10:42:46","date_gmt":"2020-10-15T08:42:46","guid":{"rendered":"https:\/\/cndestetik.ch\/prodotto\/inika-foundation-pinsel\/"},"modified":"2022-11-15T17:29:36","modified_gmt":"2022-11-15T16:29:36","slug":"inika-stiftungs-burste-2","status":"publish","type":"product","link":"https:\/\/cndestetik.ch\/de\/prodotto\/inika-stiftungs-burste-2\/","title":{"rendered":"INIKA Foundation Pinsel"},"content":{"rendered":"<p>Ein flacher veganer Pinsel, der f\u00fcr die Verwendung mit fl\u00fcssigen Foundations entwickelt wurde und eine gleichm\u00e4\u00dfige und anpassbare Abdeckung f\u00fcr ein makelloses Finish erm\u00f6glicht. Der perfekt dimensionierte flache Pinselkopf wurde speziell daf\u00fcr entwickelt, die Foundation im Pinsel zu halten und das Produkt auf der Haut zu polieren, um ein Airbrush-Finish zu erzielen.<br \/>\n1. Wenn Sie eine fl\u00fcssige Grundierung verwenden, pumpen Sie zun\u00e4chst eine erbsengro\u00dfe Menge auf Ihren Handr\u00fccken und sch\u00f6pfen dann das Produkt aus, indem Sie den Pinsel leicht in das Produkt auf Ihrer Hand dr\u00fccken.<br \/>\n2. Sobald die Oberseite des Pinsels leicht bestrichen ist, beginnen Sie, den Pinsel kreisf\u00f6rmig auf dem Gesicht zu bewegen und zu polieren, bis die Grundierung verblendet ist und die gew\u00fcnschte Deckkraft erreicht ist, wobei Sie darauf achten, nicht zu viel Druck auf die Borsten auszu\u00fcben.<\/p>\n","protected":false},"excerpt":{"rendered":"<p>Ein flacher veganer Pinsel, der f\u00fcr die Verwendung mit fl\u00fcssigen Foundations entwickelt wurde und eine gleichm\u00e4\u00dfige und anpassbare Abdeckung f\u00fcr ein makelloses Finish erm\u00f6glicht. Der perfekt dimensionierte flache Pinselkopf wurde speziell daf\u00fcr entwickelt, die Foundation im Pinsel zu halten und das Produkt auf der Haut zu polieren, um ein Airbrush-Finish zu erzielen. 1. Wenn Sie [&hellip;]<\/p>\n","protected":false},"featured_media":54326,"template":"","meta":{"_acf_changed":false},"product_brand":[],"product_cat":[15],"product_tag":[387,385,6730,7493],"class_list":{"0":"post-52953","1":"product","2":"type-product","3":"status-publish","4":"has-post-thumbnail","6":"product_cat-07-cosmetica","7":"product_tag-bilden","8":"product_tag-burste","9":"product_tag-burste-de","10":"product_tag-stiftung-de","12":"first","13":"instock","14":"taxable","15":"shipping-taxable","16":"purchasable","17":"product-type-simple"},"acf":[],"jetpack_sharing_enabled":true,"_links":{"self":[{"href":"https:\/\/cndestetik.ch\/de\/wp-json\/wp\/v2\/product\/52953","targetHints":{"allow":["GET"]}}],"collection":[{"href":"https:\/\/cndestetik.ch\/de\/wp-json\/wp\/v2\/product"}],"about":[{"href":"https:\/\/cndestetik.ch\/de\/wp-json\/wp\/v2\/types\/product"}],"wp:featuredmedia":[{"embeddable":true,"href":"https:\/\/cndestetik.ch\/de\/wp-json\/wp\/v2\/media\/54326"}],"wp:attachment":[{"href":"https:\/\/cndestetik.ch\/de\/wp-json\/wp\/v2\/media?parent=52953"}],"wp:term":[{"taxonomy":"product_brand","embeddable":true,"href":"https:\/\/cndestetik.ch\/de\/wp-json\/wp\/v2\/product_brand?post=52953"},{"taxonomy":"product_cat","embeddable":true,"href":"https:\/\/cndestetik.ch\/de\/wp-json\/wp\/v2\/product_cat?post=52953"},{"taxonomy":"product_tag","embeddable":true,"href":"https:\/\/cndestetik.ch\/de\/wp-json\/wp\/v2\/product_tag?post=52953"}],"curies":[{"name":"wp","href":"https:\/\/api.w.org\/{rel}","templated":true}]}}