{"id":52946,"date":"2020-10-15T11:48:10","date_gmt":"2020-10-15T09:48:10","guid":{"rendered":"https:\/\/cndestetik.ch\/prodotto\/inika-gebackener-bronzer-sunkissed\/"},"modified":"2022-11-15T17:29:34","modified_gmt":"2022-11-15T16:29:34","slug":"inika-gebackener-bronzer-geschmolzen","status":"publish","type":"product","link":"https:\/\/cndestetik.ch\/de\/prodotto\/inika-gebackener-bronzer-geschmolzen\/","title":{"rendered":"INIKA Gebackener Bronzer Sunkissed"},"content":{"rendered":"<p>Der gebackene mineralische Bronzer wurde entwickelt, um sch\u00f6ne, nat\u00fcrliche Farbe und Ausstrahlung f\u00fcr einen gesund aussehenden Teint in der praktischen Form eines Kompaktpuders zu verleihen.<br \/>\nFrei von Bindemitteln, Zusatzstoffen und Talkumpuder wurde diese 100 %ige Mineralformel auf einer Terrakottafliese in der Toskana, Italien, gebacken, um die ultimative Br\u00e4une zu erzielen. Er ist leicht und lang anhaltend und bietet eine satte, aber verblendbare Farbe.<br \/>\nEs passt sich auf nat\u00fcrliche Weise an Ihren Hautton an und sorgt f\u00fcr einen wunderbaren, von der Sonne verst\u00e4rkten Glanz, der v\u00f6llig nat\u00fcrlich aussieht und sich auch so anf\u00fchlt.<br \/>\nDie leichte Formel l\u00e4sst sich leicht verteilen und verleiht einen wunderbar nat\u00fcrlichen Glanz.<br \/>\n100% nat\u00fcrliche Mineralien f\u00fcr eine gesunde Haut.<br \/>\nFrei von Bindemitteln, Zusatzstoffen und Talkum.<br \/>\nHypoallergen, dermatologisch getestet und f\u00fcr empfindliche Haut geeignet.<br \/>\nAlle INIKA-Produkte sind zu 100 % nat\u00fcrlichen Ursprungs, zertifiziert vegan und frei von Tierqu\u00e4lerei.<br \/>\n1. Verwenden Sie den veganen F\u00e4cherpinsel oder den eckigen veganen Konturenpinsel, um den Bronzer leicht \u00fcber die Wangenknochen und Gesichtskonturen zu streichen.<br \/>\n2. Streichen Sie \u00fcber Ihre Schultern und Ihr Dekollet\u00e9 f\u00fcr einen gesunden Hauch von Sommer das ganze Jahr \u00fcber.<\/p>\n","protected":false},"excerpt":{"rendered":"<p>Die leichte Formel l\u00e4sst sich leicht verteilen und verleiht einen wunderbar nat\u00fcrlichen Glanz.<\/p>\n","protected":false},"featured_media":37080,"template":"","meta":{"_acf_changed":false},"product_brand":[],"product_cat":[15],"product_tag":[387,776,7711,775],"class_list":{"0":"post-52946","1":"product","2":"type-product","3":"status-publish","4":"has-post-thumbnail","6":"product_cat-07-cosmetica","7":"product_tag-bilden","8":"product_tag-bronzer-de","9":"product_tag-sunkissed-de","10":"product_tag-tanner-de","12":"first","13":"instock","14":"taxable","15":"shipping-taxable","16":"purchasable","17":"product-type-simple"},"acf":[],"jetpack_sharing_enabled":true,"_links":{"self":[{"href":"https:\/\/cndestetik.ch\/de\/wp-json\/wp\/v2\/product\/52946","targetHints":{"allow":["GET"]}}],"collection":[{"href":"https:\/\/cndestetik.ch\/de\/wp-json\/wp\/v2\/product"}],"about":[{"href":"https:\/\/cndestetik.ch\/de\/wp-json\/wp\/v2\/types\/product"}],"wp:featuredmedia":[{"embeddable":true,"href":"https:\/\/cndestetik.ch\/de\/wp-json\/wp\/v2\/media\/37080"}],"wp:attachment":[{"href":"https:\/\/cndestetik.ch\/de\/wp-json\/wp\/v2\/media?parent=52946"}],"wp:term":[{"taxonomy":"product_brand","embeddable":true,"href":"https:\/\/cndestetik.ch\/de\/wp-json\/wp\/v2\/product_brand?post=52946"},{"taxonomy":"product_cat","embeddable":true,"href":"https:\/\/cndestetik.ch\/de\/wp-json\/wp\/v2\/product_cat?post=52946"},{"taxonomy":"product_tag","embeddable":true,"href":"https:\/\/cndestetik.ch\/de\/wp-json\/wp\/v2\/product_tag?post=52946"}],"curies":[{"name":"wp","href":"https:\/\/api.w.org\/{rel}","templated":true}]}}