{"id":52929,"date":"2020-10-15T11:39:51","date_gmt":"2020-10-15T09:39:51","guid":{"rendered":"https:\/\/cndestetik.ch\/prodotto\/aktivierendes-spagyrisches-oel\/"},"modified":"2025-01-23T09:36:42","modified_gmt":"2025-01-23T08:36:42","slug":"oleolyt-spagyrik-aktivierend","status":"publish","type":"product","link":"https:\/\/cndestetik.ch\/de\/prodotto\/oleolyt-spagyrik-aktivierend\/","title":{"rendered":"Aktivierender spagyrischer Oleolith"},"content":{"rendered":"<p>Mit seinem frischen und aktivierenden Duft nach Rosmarin und Minze regt dieses \u00d6l die periphere Durchblutung sowie die k\u00f6rperliche und geistige Aktivit\u00e4t des Menschen an. Es eignet sich hervorragend f\u00fcr alle, die Sport treiben, f\u00fcr diejenigen, die tags\u00fcber unbeweglich sind, und f\u00fcr alle Kreislaufprobleme. Es hat eine belebende und verj\u00fcngende Wirkung auf den K\u00f6rper.<br \/>\nDie Anwendung vor und nach sportlicher Aktivit\u00e4t erm\u00f6glicht eine l\u00e4ngere Vorw\u00e4rmung und Entm\u00fcdung des K\u00f6rpers, f\u00f6rdert die Sauerstoffzufuhr zu den Muskeln, was zu weniger Muskelschmerzen f\u00fchrt, und verringert die Produktion von Milchs\u00e4ure. Die Anwendung erm\u00f6glicht eine verbesserte sportliche Leistung.<\/p>\n<p>Es ist auch ideal f\u00fcr \u00e4ltere Menschen oder Menschen ohne motorische F\u00e4higkeiten, um den Kreislauf anzuregen.<\/p>\n<p>Es ist gut f\u00fcr alle, die eine sitzende T\u00e4tigkeit aus\u00fcben.<\/p>\n<p>* Ein spagyrischer Oleolyt ist ein pflanzliches Pr\u00e4parat, bei dem die Pflanze in \u00d6l eingeweicht wird, wodurch die fettl\u00f6slichen Inhaltsstoffe extrahiert werden, die mit L\u00f6sungsmitteln oder anderen Mitteln nur schwer zu gewinnen sind. Es handelt sich um ein Pr\u00e4parat, das reich an Wirkstoffen ist und in der Lage ist, die energetischen Qualit\u00e4ten, die in der Natur jeder Pflanze liegen, zu \u00fcbertragen. Es wird aus Pflanzen hergestellt, die direkt aus der Natur geerntet werden, wenn sie ihren balsamischen Moment erreicht haben, d.h. wenn ihre aktiven Eigenschaften den H\u00f6hepunkt ihrer Lebensenergie erreicht haben.<\/p>\n<p>&#8211; Kann pur auf die Haut aufgetragen oder mit anderen Produkten gemischt werden (Masken, Cremes, Schlammb\u00e4der, Buttersorten, \u00d6le) &#8211; Kann am ganzen K\u00f6rper verwendet werden &#8211; Verwendung w\u00e4hrend der Schwangerschaft<\/p>\n<p>100% biologische und nat\u00fcrliche Inhaltsstoffe Vegan und frei von Grausamkeiten<\/p>\n","protected":false},"excerpt":{"rendered":"<p>Es ist auch ideal f\u00fcr \u00e4ltere Menschen oder Menschen ohne motorische F\u00e4higkeiten, um den Kreislauf anzuregen.<\/p>\n","protected":false},"featured_media":37588,"template":"","meta":{"_acf_changed":false},"product_brand":[],"product_cat":[12985,1495,12980,11234],"product_tag":[9206,2116,488,434,4823],"class_list":{"0":"post-52929","1":"product","2":"type-product","3":"status-publish","4":"has-post-thumbnail","6":"product_cat-body","7":"product_cat-kosmetik","8":"product_cat-mikrokosmos","9":"product_cat-physiotherapie-de","10":"product_tag-absinth","11":"product_tag-oleolith","12":"product_tag-rosmarin","13":"product_tag-spagyrik","14":"product_tag-spagyrische","15":"pa_formato-100ml-de","16":"pa_formato-500ml-de","18":"first","19":"instock","20":"taxable","21":"shipping-taxable","22":"purchasable","23":"product-type-variable"},"acf":[],"jetpack_sharing_enabled":true,"_links":{"self":[{"href":"https:\/\/cndestetik.ch\/de\/wp-json\/wp\/v2\/product\/52929","targetHints":{"allow":["GET"]}}],"collection":[{"href":"https:\/\/cndestetik.ch\/de\/wp-json\/wp\/v2\/product"}],"about":[{"href":"https:\/\/cndestetik.ch\/de\/wp-json\/wp\/v2\/types\/product"}],"wp:featuredmedia":[{"embeddable":true,"href":"https:\/\/cndestetik.ch\/de\/wp-json\/wp\/v2\/media\/37588"}],"wp:attachment":[{"href":"https:\/\/cndestetik.ch\/de\/wp-json\/wp\/v2\/media?parent=52929"}],"wp:term":[{"taxonomy":"product_brand","embeddable":true,"href":"https:\/\/cndestetik.ch\/de\/wp-json\/wp\/v2\/product_brand?post=52929"},{"taxonomy":"product_cat","embeddable":true,"href":"https:\/\/cndestetik.ch\/de\/wp-json\/wp\/v2\/product_cat?post=52929"},{"taxonomy":"product_tag","embeddable":true,"href":"https:\/\/cndestetik.ch\/de\/wp-json\/wp\/v2\/product_tag?post=52929"}],"curies":[{"name":"wp","href":"https:\/\/api.w.org\/{rel}","templated":true}]}}