{"id":52917,"date":"2020-10-15T11:37:41","date_gmt":"2020-10-15T09:37:41","guid":{"rendered":"https:\/\/cndestetik.ch\/prodotto\/fucus-gruene-tonerde-schlamm-zum-abnehmen\/"},"modified":"2025-01-23T09:42:43","modified_gmt":"2025-01-23T08:42:43","slug":"schlamm-nell-lehm-grun-fucus","status":"publish","type":"product","link":"https:\/\/cndestetik.ch\/de\/prodotto\/schlamm-nell-lehm-grun-fucus\/","title":{"rendered":"Fucus Gr\u00fcne Tonerde Schlamm zum Abnehmen"},"content":{"rendered":"<p><span data-sheets-value=\"{\"1\":2,\"2\":\"Con Estratti Spagirici di Fucus, Ippocastano e Centella. Formula studiata per combattere e prevenire la cellulite con doppia azione:\\n1) Attacca i cuscinetti adiposi stimolando la lipolisi e facilitando l'eliminazione dei grassi accumulati;\\n2) Idrata, nutre, rigenera e purifica la pelle.\\n\\nL'estratto di fucus, o quercia marina, favorisce il metabolismo cellulare, assorbe e scioglie i liquidi con evidenti benefici. Gli Estratti Spagirici di Ippocastano e Centella contengono saponine che favoriscono la riduzione di edemi e agiscono soprattutto rinforzando le pareti dei capillari, migliorando cos\u00ec la circolazione periferica, la cui alterazione favorisce l'accumulo di liquidi interstiziali che provocano gonfiore alle gambe e conseguente formazione della cellulite. A questa formulazione gi\u00e0 cos\u00ec ricca di principi attivi si uniscono le propriet\u00e0 eccezzionali dell'argilla. Il prodotto non contiene OGM, SLES e PARABENI.\"}\" data-sheets-userformat=\"{\"2\":15297,\"3\":{\"1\":0},\"9\":0,\"10\":2,\"11\":0,\"12\":0,\"14\":{\"1\":2,\"2\":0},\"15\":\"Calibri\",\"16\":11}\">Mit spagyrischen Extrakten aus Fucus, Rosskastanie und Centella. <\/p>\n<p>Formel zur Bek\u00e4mpfung und Vorbeugung von Cellulite mit zweifacher Wirkung: 1) Greift die Fettpolster an, indem es die Lipolyse stimuliert und die Beseitigung von angesammeltem Fett erleichtert; 2) Hydratisiert, n\u00e4hrt, regeneriert und reinigt die Haut.<\/span><\/p>\n<p>Der Extrakt aus Fucus oder Seeeiche f\u00f6rdert den Zellstoffwechsel, absorbiert und l\u00f6st Fl\u00fcssigkeiten mit offensichtlichen Vorteilen. Die spagyrischen Extrakte der Rosskastanie und der Centella enthalten Saponine, die die Verringerung von \u00d6demen beg\u00fcnstigen und vor allem durch die St\u00e4rkung der Kapillarw\u00e4nde wirken, wodurch die periphere Durchblutung verbessert wird, deren St\u00f6rung die Ansammlung von interstitieller Fl\u00fcssigkeit beg\u00fcnstigt, die Schwellungen an den Beinen und damit die Bildung von Cellulite verursacht. Zu dieser Formulierung, die bereits reich an Wirkstoffen ist, kommen die au\u00dfergew\u00f6hnlichen Eigenschaften der Tonerde hinzu.<\/p>\n<p><span data-sheets-value=\"{\"1\":2,\"2\":\"Con Estratti Spagirici di Fucus, Ippocastano e Centella. Formula studiata per combattere e prevenire la cellulite con doppia azione:\\n1) Attacca i cuscinetti adiposi stimolando la lipolisi e facilitando l'eliminazione dei grassi accumulati;\\n2) Idrata, nutre, rigenera e purifica la pelle.\\n\\nL'estratto di fucus, o quercia marina, favorisce il metabolismo cellulare, assorbe e scioglie i liquidi con evidenti benefici. Gli Estratti Spagirici di Ippocastano e Centella contengono saponine che favoriscono la riduzione di edemi e agiscono soprattutto rinforzando le pareti dei capillari, migliorando cos\u00ec la circolazione periferica, la cui alterazione favorisce l'accumulo di liquidi interstiziali che provocano gonfiore alle gambe e conseguente formazione della cellulite. A questa formulazione gi\u00e0 cos\u00ec ricca di principi attivi si uniscono le propriet\u00e0 eccezzionali dell'argilla. Il prodotto non contiene OGM, SLES e PARABENI.\"}\" data-sheets-userformat=\"{\"2\":15297,\"3\":{\"1\":0},\"9\":0,\"10\":2,\"11\":0,\"12\":0,\"14\":{\"1\":2,\"2\":0},\"15\":\"Calibri\",\"16\":11}\">Das Produkt enth\u00e4lt keine GMOs, SLES und PARABENE.<\/span><\/p>\n","protected":false},"excerpt":{"rendered":"<p>K\u00f6rperschlamm zur Bek\u00e4mpfung von Cellulite.<\/p>\n","protected":false},"featured_media":36699,"template":"","meta":{"_acf_changed":false},"product_brand":[],"product_cat":[12985,1495,12980],"product_tag":[9195,9197,2345,553,3821,9196],"class_list":{"0":"post-52917","1":"product","2":"type-product","3":"status-publish","4":"has-post-thumbnail","6":"product_cat-body","7":"product_cat-kosmetik","8":"product_cat-mikrokosmos","9":"product_tag-abnehmen","10":"product_tag-fucus-de","11":"product_tag-korper","12":"product_tag-rosskastanie","13":"product_tag-schlamm","14":"product_tag-zentella","15":"pa_formato-12-kg-de","16":"pa_formato-600g-de","18":"first","19":"instock","20":"taxable","21":"shipping-taxable","22":"purchasable","23":"product-type-variable"},"acf":[],"jetpack_sharing_enabled":true,"_links":{"self":[{"href":"https:\/\/cndestetik.ch\/de\/wp-json\/wp\/v2\/product\/52917","targetHints":{"allow":["GET"]}}],"collection":[{"href":"https:\/\/cndestetik.ch\/de\/wp-json\/wp\/v2\/product"}],"about":[{"href":"https:\/\/cndestetik.ch\/de\/wp-json\/wp\/v2\/types\/product"}],"wp:featuredmedia":[{"embeddable":true,"href":"https:\/\/cndestetik.ch\/de\/wp-json\/wp\/v2\/media\/36699"}],"wp:attachment":[{"href":"https:\/\/cndestetik.ch\/de\/wp-json\/wp\/v2\/media?parent=52917"}],"wp:term":[{"taxonomy":"product_brand","embeddable":true,"href":"https:\/\/cndestetik.ch\/de\/wp-json\/wp\/v2\/product_brand?post=52917"},{"taxonomy":"product_cat","embeddable":true,"href":"https:\/\/cndestetik.ch\/de\/wp-json\/wp\/v2\/product_cat?post=52917"},{"taxonomy":"product_tag","embeddable":true,"href":"https:\/\/cndestetik.ch\/de\/wp-json\/wp\/v2\/product_tag?post=52917"}],"curies":[{"name":"wp","href":"https:\/\/api.w.org\/{rel}","templated":true}]}}