{"id":52916,"date":"2020-10-15T11:31:29","date_gmt":"2020-10-15T09:31:29","guid":{"rendered":"https:\/\/cndestetik.ch\/prodotto\/dusch-shampoo-fuer-maenner\/"},"modified":"2022-11-15T16:50:07","modified_gmt":"2022-11-15T15:50:07","slug":"dusch-shampoo-mann","status":"publish","type":"product","link":"https:\/\/cndestetik.ch\/de\/prodotto\/dusch-shampoo-mann\/","title":{"rendered":"Dusch-Shampoo f\u00fcr M\u00e4nner"},"content":{"rendered":"<p><span data-sheets-value=\"{\"1\":2,\"2\":\"Un unico prodotto dedicato all'uomo con una delicata profumazione. \\n\\nDeterge con cura la pelle lasciandola idratata e ristrutturando i capelli.\\n\\nLa sua formulazione naturale rispetta i lipidi dell'epidermide rendendolo un prodotto ottimo anche per l'utilizzo quotidiano.\\n\\nL'estratto Spagirico di Calendula ha un azione riequilibrante ideale per pelle e cuoio capelluto particolarmente sensibili in situazioni di irritazione o infiammazione.\\n\\nEssendo concentrato si consiglia la diluizione.\\n\\nIngredienti 100% Organici e Naturali\\nVegan\\nCruelty Free\"}\" data-sheets-userformat=\"{\"2\":15297,\"3\":{\"1\":0},\"9\":0,\"10\":2,\"11\":0,\"12\":0,\"14\":{\"1\":2,\"2\":0},\"15\":\"Calibri\",\"16\":11}\">Ein einziges Produkt f\u00fcr den Mann mit einem zarten Duft.<\/span><\/p>\n<p>Es reinigt die Haut gr\u00fcndlich, versorgt sie mit Feuchtigkeit und restrukturiert das Haar.<\/p>\n<p>Seine nat\u00fcrliche Formulierung respektiert die Lipide der Epidermis, was es auch zu einem ausgezeichneten Produkt f\u00fcr die t\u00e4gliche Anwendung macht.<\/p>\n<p>Der spagyrische Ringelblumenextrakt hat eine ideale ausgleichende Wirkung f\u00fcr besonders empfindliche Haut und Kopfhaut bei Reizungen und Entz\u00fcndungen.<\/p>\n<p>Da es sich um ein Konzentrat handelt, wird eine Verd\u00fcnnung empfohlen.<\/p>\n<p><span data-sheets-value=\"{\"1\":2,\"2\":\"Un unico prodotto dedicato all'uomo con una delicata profumazione. \\n\\nDeterge con cura la pelle lasciandola idratata e ristrutturando i capelli.\\n\\nLa sua formulazione naturale rispetta i lipidi dell'epidermide rendendolo un prodotto ottimo anche per l'utilizzo quotidiano.\\n\\nL'estratto Spagirico di Calendula ha un azione riequilibrante ideale per pelle e cuoio capelluto particolarmente sensibili in situazioni di irritazione o infiammazione.\\n\\nEssendo concentrato si consiglia la diluizione.\\n\\nIngredienti 100% Organici e Naturali\\nVegan\\nCruelty Free\"}\" data-sheets-userformat=\"{\"2\":15297,\"3\":{\"1\":0},\"9\":0,\"10\":2,\"11\":0,\"12\":0,\"14\":{\"1\":2,\"2\":0},\"15\":\"Calibri\",\"16\":11}\">Gr\u00f6\u00dfe: 200ml<\/span><\/p>\n<p>100% biologische und nat\u00fcrliche Inhaltsstoffe<br \/>\nVegan<br \/>\nGrausamkeitsfrei<\/p>\n","protected":false},"excerpt":{"rendered":"<p>Dusch-Shampoo f\u00fcr den Mann.<\/p>\n","protected":false},"featured_media":37702,"template":"","meta":{"_acf_changed":false},"product_brand":[],"product_cat":[1924],"product_tag":[3810,9062,578,447,599,434],"class_list":{"0":"post-52916","1":"product","2":"type-product","3":"status-publish","4":"has-post-thumbnail","6":"product_cat-ermittlung","7":"product_tag-dusche","8":"product_tag-man","9":"product_tag-mandelbaum","10":"product_tag-ringelblume","11":"product_tag-shampoo-de","12":"product_tag-spagyrik","14":"first","15":"instock","16":"taxable","17":"shipping-taxable","18":"purchasable","19":"product-type-simple"},"acf":[],"jetpack_sharing_enabled":true,"_links":{"self":[{"href":"https:\/\/cndestetik.ch\/de\/wp-json\/wp\/v2\/product\/52916","targetHints":{"allow":["GET"]}}],"collection":[{"href":"https:\/\/cndestetik.ch\/de\/wp-json\/wp\/v2\/product"}],"about":[{"href":"https:\/\/cndestetik.ch\/de\/wp-json\/wp\/v2\/types\/product"}],"wp:featuredmedia":[{"embeddable":true,"href":"https:\/\/cndestetik.ch\/de\/wp-json\/wp\/v2\/media\/37702"}],"wp:attachment":[{"href":"https:\/\/cndestetik.ch\/de\/wp-json\/wp\/v2\/media?parent=52916"}],"wp:term":[{"taxonomy":"product_brand","embeddable":true,"href":"https:\/\/cndestetik.ch\/de\/wp-json\/wp\/v2\/product_brand?post=52916"},{"taxonomy":"product_cat","embeddable":true,"href":"https:\/\/cndestetik.ch\/de\/wp-json\/wp\/v2\/product_cat?post=52916"},{"taxonomy":"product_tag","embeddable":true,"href":"https:\/\/cndestetik.ch\/de\/wp-json\/wp\/v2\/product_tag?post=52916"}],"curies":[{"name":"wp","href":"https:\/\/api.w.org\/{rel}","templated":true}]}}