{"id":52906,"date":"2020-10-15T11:37:37","date_gmt":"2020-10-15T09:37:37","guid":{"rendered":"https:\/\/cndestetik.ch\/prodotto\/adstringierende-gesichtsmaske-klette\/"},"modified":"2025-01-24T13:11:52","modified_gmt":"2025-01-24T12:11:52","slug":"gesichtsmaske-astringent-bardana","status":"publish","type":"product","link":"https:\/\/cndestetik.ch\/de\/prodotto\/gesichtsmaske-astringent-bardana\/","title":{"rendered":"Adstringierende Gesichtsmaske &#8211; Klette"},"content":{"rendered":"<p><span data-sheets-value=\"{\"1\":2,\"2\":\"Con Estratto Spagirico di Bardana e Acido Salicilico. Una maschera profumata di Geranio e Limone consigliato per il trattamento di pelli asfittiche, stressate, impure o grasse; effetto sorprendente nel caso di lesioni acneiche e macchie cutanee. Indicata per tutte le pelli con piccole imperfezioni e stressate dall'uso prolungato della mascherina.\\n\\nModalita d'uso:\\nDopo un'attenta detersione con latte detergente, gommage e\/o peeling stendere la maschera e lasciare in posa almeno 15 min. prima di sciacquare. Le maschere pi\u00f9 cremose possono essere applicate (quantit\u00e0 adeguata) anche la sera e lasciate in posa tutta la notte per essere sciacquate la mattina.\"}\" data-sheets-userformat=\"{\"2\":15297,\"3\":{\"1\":0},\"9\":0,\"10\":2,\"11\":0,\"12\":0,\"14\":{\"1\":2,\"2\":0},\"15\":\"Calibri\",\"16\":11}\">Mit spagyrischem Klettextrakt und Salicyls\u00e4ure. Eine mit Geranie und Zitrone parf\u00fcmierte Maske, die zur Behandlung von erstickter, gestresster, unreiner oder fettiger Haut empfohlen wird; \u00fcberraschende Wirkung bei Akne-L\u00e4sionen und Hautunreinheiten. Geeignet f\u00fcr alle Hauttypen mit kleinen Unvollkommenheiten, die durch l\u00e4ngere Anwendung der Maske gestresst sind.<\/span><\/p>\n<p>Anwendung: Tragen Sie die Maske nach einer sorgf\u00e4ltigen Reinigung mit Reinigungsmilch, Peeling und\/oder Peeling auf und lassen Sie sie mindestens 15 Minuten einwirken, bevor Sie sie absp\u00fclen. Cremige Masken k\u00f6nnen auch abends in angemessener Menge aufgetragen und \u00fcber Nacht einwirken gelassen werden, um dann morgens abgesp\u00fclt zu werden.<\/p>\n<p>Gr\u00f6\u00dfe: 100ml<\/p>\n","protected":false},"excerpt":{"rendered":"<p>Gesichtsmaske f\u00fcr <span data-sheets-value=\"{\"1\":2,\"2\":\"Con Estratto Spagirico di Bardana e Acido Salicilico. Una maschera profumata di Geranio e Limone consigliato per il trattamento di pelli asfittiche, stressate, impure o grasse; effetto sorprendente nel caso di lesioni acneiche e macchie cutanee. Indicata per tutte le pelli con piccole imperfezioni e stressate dall'uso prolungato della mascherina.\\n\\nModalita d'uso:\\nDopo un'attenta detersione con latte detergente, gommage e\/o peeling stendere la maschera e lasciare in posa almeno 15 min. prima di sciacquare. Le maschere pi\u00f9 cremose possono essere applicate (quantit\u00e0 adeguata) anche la sera e lasciate in posa tutta la notte per essere sciacquate la mattina.\"}\" data-sheets-userformat=\"{\"2\":15297,\"3\":{\"1\":0},\"9\":0,\"10\":2,\"11\":0,\"12\":0,\"14\":{\"1\":2,\"2\":0},\"15\":\"Calibri\",\"16\":11}\">alle Hauttypen mit kleinen Unvollkommenheiten und bei l\u00e4ngerem Gebrauch<\/span>.<\/p>\n","protected":false},"featured_media":37684,"template":"","meta":{"_acf_changed":false},"product_brand":[],"product_cat":[12988,1495,12980],"product_tag":[528,757,2117,588,4729,9191,507],"class_list":{"0":"post-52906","1":"product","2":"type-product","3":"status-publish","4":"has-post-thumbnail","6":"product_cat-gesicht","7":"product_cat-kosmetik","8":"product_cat-mikrokosmos","9":"product_tag-geranie","10":"product_tag-gesicht","11":"product_tag-haut-de","12":"product_tag-klette","13":"product_tag-maske-de-2","14":"product_tag-unvollkommenheiten","15":"product_tag-zitrone","17":"first","18":"instock","19":"taxable","20":"shipping-taxable","21":"purchasable","22":"product-type-simple"},"acf":[],"jetpack_sharing_enabled":true,"_links":{"self":[{"href":"https:\/\/cndestetik.ch\/de\/wp-json\/wp\/v2\/product\/52906","targetHints":{"allow":["GET"]}}],"collection":[{"href":"https:\/\/cndestetik.ch\/de\/wp-json\/wp\/v2\/product"}],"about":[{"href":"https:\/\/cndestetik.ch\/de\/wp-json\/wp\/v2\/types\/product"}],"wp:featuredmedia":[{"embeddable":true,"href":"https:\/\/cndestetik.ch\/de\/wp-json\/wp\/v2\/media\/37684"}],"wp:attachment":[{"href":"https:\/\/cndestetik.ch\/de\/wp-json\/wp\/v2\/media?parent=52906"}],"wp:term":[{"taxonomy":"product_brand","embeddable":true,"href":"https:\/\/cndestetik.ch\/de\/wp-json\/wp\/v2\/product_brand?post=52906"},{"taxonomy":"product_cat","embeddable":true,"href":"https:\/\/cndestetik.ch\/de\/wp-json\/wp\/v2\/product_cat?post=52906"},{"taxonomy":"product_tag","embeddable":true,"href":"https:\/\/cndestetik.ch\/de\/wp-json\/wp\/v2\/product_tag?post=52906"}],"curies":[{"name":"wp","href":"https:\/\/api.w.org\/{rel}","templated":true}]}}