{"id":52892,"date":"2020-10-15T11:31:33","date_gmt":"2020-10-15T09:31:33","guid":{"rendered":"https:\/\/cndestetik.ch\/prodotto\/regenerierende-gesichtscreme\/"},"modified":"2025-01-24T13:12:34","modified_gmt":"2025-01-24T12:12:34","slug":"regenerationscreme-fur-das-gesicht","status":"publish","type":"product","link":"https:\/\/cndestetik.ch\/de\/prodotto\/regenerationscreme-fur-das-gesicht\/","title":{"rendered":"Regenerierende Gesichtscreme"},"content":{"rendered":"<p>Sie wurde f\u00fcr M\u00e4nner entwickelt und ist mit Weizenkeim\u00f6l angereichert, um die Haut zu sch\u00fctzen und zu erholen; sie eignet sich auch hervorragend als t\u00e4gliche Feuchtigkeitscreme nach der Rasur. Sie zieht schnell ein und verleiht dank des spagyrischen Malvenextrakts eine leichte Frische. Gr\u00f6\u00dfe: 30ml 100% biologische und nat\u00fcrliche Inhaltsstoffe Vegan Cruelty Free<\/p>\n","protected":false},"excerpt":{"rendered":"<p>Feuchtigkeitscreme f\u00fcr M\u00e4nner.<\/p>\n","protected":false},"featured_media":37699,"template":"","meta":{"_acf_changed":false},"product_brand":[],"product_cat":[12988,1495,12980],"product_tag":[3836,594,547,9062,434],"class_list":{"0":"post-52892","1":"product","2":"type-product","3":"status-publish","4":"has-post-thumbnail","6":"product_cat-gesicht","7":"product_cat-kosmetik","8":"product_cat-mikrokosmos","9":"product_tag-creme-de","10":"product_tag-feuchtigkeitscreme","11":"product_tag-malve","12":"product_tag-man","13":"product_tag-spagyrik","15":"first","16":"instock","17":"taxable","18":"shipping-taxable","19":"purchasable","20":"product-type-simple"},"acf":[],"jetpack_sharing_enabled":true,"_links":{"self":[{"href":"https:\/\/cndestetik.ch\/de\/wp-json\/wp\/v2\/product\/52892","targetHints":{"allow":["GET"]}}],"collection":[{"href":"https:\/\/cndestetik.ch\/de\/wp-json\/wp\/v2\/product"}],"about":[{"href":"https:\/\/cndestetik.ch\/de\/wp-json\/wp\/v2\/types\/product"}],"wp:featuredmedia":[{"embeddable":true,"href":"https:\/\/cndestetik.ch\/de\/wp-json\/wp\/v2\/media\/37699"}],"wp:attachment":[{"href":"https:\/\/cndestetik.ch\/de\/wp-json\/wp\/v2\/media?parent=52892"}],"wp:term":[{"taxonomy":"product_brand","embeddable":true,"href":"https:\/\/cndestetik.ch\/de\/wp-json\/wp\/v2\/product_brand?post=52892"},{"taxonomy":"product_cat","embeddable":true,"href":"https:\/\/cndestetik.ch\/de\/wp-json\/wp\/v2\/product_cat?post=52892"},{"taxonomy":"product_tag","embeddable":true,"href":"https:\/\/cndestetik.ch\/de\/wp-json\/wp\/v2\/product_tag?post=52892"}],"curies":[{"name":"wp","href":"https:\/\/api.w.org\/{rel}","templated":true}]}}