{"id":52886,"date":"2020-10-15T11:37:26","date_gmt":"2020-10-15T09:37:26","guid":{"rendered":"https:\/\/cndestetik.ch\/prodotto\/bittersalz\/"},"modified":"2025-02-12T08:50:28","modified_gmt":"2025-02-12T07:50:28","slug":"epsom-salze","status":"publish","type":"product","link":"https:\/\/cndestetik.ch\/de\/prodotto\/epsom-salze\/","title":{"rendered":"Bittersalz"},"content":{"rendered":"<p><span data-sheets-value=\"{\"1\":2,\"2\":\"Il sale inglese, che \u00e8 solfato di magnesio idratato, \u00e8 un materiale naturale al 100% che prende il suo nome da Epsom, una citt\u00e0 del sud dell'inghilterra dove il sale viene ottenuto dall'acqua delle terme locali. Visto che la nostra pelle assorbe liquidi e farmaci \u00e8 in grado di farlo anche con i preziosi minerali trovati nell'acqua. I risultati sono straordinari. I sali di Epsom hanno un potere drenante e detossinante che \u00e8 visibile dopo il primo trattamento, ma che si mette in evidenza continuando il lavoro con costanza e ottenendo grandi risultati anche su situazioni gravi come l'obesit\u00e0. Sono un eccellente alleato per chi ha problematiche legate alla ritenzione idrica essendo in grado di scardinare questo meccanismo che crea sempre pi\u00f9 disagi al benessere quotidiano. Ottimi nel dimagrimento e coadiuvanti nel trattamento della cellulite e della circolazione sanguigna, in quanto hanno anche la capacit\u00e0 di proteggere i capillari donando un piacevole senso di leggerezza alle gambe stanche. Consigliati alle donne in gravidanza per mantenere le gambe leggere, sgonfie e per proteggere la microcircolazione linfatica.\\n\\nCONSIGLI PER L'UTILIZZO:\\nI sali di Epsom si possono utilizzare con i bendaggi o con i pantasalis per chi ne dispone. Si procede preparando una soluzione di acqua e sale di Epsom imbibendo i bendaggi e facendoli indossare per 30 min. Microcapsulazione: si tratta di un particolare procedimento che insedia i principi attivi nelle fibre e garantisce un rilascio graduale e uniforme sulla cute. Questa tecnologia permette di abbinare in maniera estremamente efficace i benefici dei principi attivi dei sali di Epsom alla compressione graduata ottenuta con i pantasalis o con i bendaggi. Il risultato \u00e8 un piacevole massaggio che dona leggerezza alle gambe e si prende cura dei capillari drenando in profondit\u00e0 e detossinando l'organismo. I sali di Epsom possono essere utilizzati come pediluvio o come peeling corpo mischiandoli ad un olio vegetale.\"}\" data-sheets-userformat=\"{\"2\":15297,\"3\":{\"1\":0},\"9\":0,\"10\":2,\"11\":0,\"12\":0,\"14\":{\"1\":2,\"2\":0},\"15\":\"Calibri\",\"16\":11}\">Englisches Salz, hydratisiertes Magnesiumsulfat, ist ein zu 100 % nat\u00fcrliches Material, das seinen Namen von Epsom hat, einer Stadt in S\u00fcdengland, wo Salz aus dem Wasser der \u00f6rtlichen hei\u00dfen Quellen gewonnen wird. So wie unsere Haut Fl\u00fcssigkeiten und Medikamente aufnimmt, kann sie dies auch mit den wertvollen Mineralien des Wassers tun. Die Ergebnisse sind au\u00dfergew\u00f6hnlich. Bittersalz hat eine entw\u00e4ssernde und entgiftende Wirkung, die bereits nach der ersten Behandlung sichtbar ist, die aber bei konsequenter Fortf\u00fchrung der Behandlung deutlich wird und auch bei schwerwiegenden Erkrankungen wie Fettleibigkeit gro\u00dfe Erfolge erzielt. Sie sind ein hervorragender Verb\u00fcndeter bei Problemen mit Wassereinlagerungen, da sie in der Lage sind, diesen Mechanismus zu unterbrechen, der das t\u00e4gliche Wohlbefinden mehr und mehr beeintr\u00e4chtigt. Hervorragend zum Abnehmen und als Hilfsmittel bei der Behandlung von Cellulite und der Blutzirkulation, da sie auch die F\u00e4higkeit haben, die Kapillaren zu sch\u00fctzen und m\u00fcden Beinen ein angenehmes Gef\u00fchl der Leichtigkeit zu verleihen. Empfohlen f\u00fcr schwangere Frauen, um die Beine leicht und luftig zu halten und die lymphatische Mikrozirkulation zu sch\u00fctzen.<\/span><\/p>\n<p>TIPPS ZUR VERWENDUNG: Bittersalz kann mit Bandagen oder Pantasalien verwendet werden, wenn Sie diese haben. Dazu wird eine L\u00f6sung aus Wasser und Bittersalz hergestellt, in die die Bandagen eingeweicht und 30 Minuten lang getragen werden. Mikroverkapselung: Hierbei handelt es sich um ein spezielles Verfahren, bei dem die Wirkstoffe in die Fasern eingebracht werden und eine allm\u00e4hliche und gleichm\u00e4\u00dfige Freisetzung auf der Haut gew\u00e4hrleisten. Diese Technologie erm\u00f6glicht es, die Vorteile der Wirkstoffe des Bittersalzes mit der abgestuften Kompression, die mit Pantasalis oder Bandagen erreicht wird, auf \u00e4u\u00dferst wirksame Weise zu kombinieren. Das Ergebnis ist eine angenehme Massage, die die Beine entlastet und die Kapillaren pflegt, indem sie den K\u00f6rper tief entw\u00e4ssert und entgiftet.<\/p>\n<p><span data-sheets-value=\"{\"1\":2,\"2\":\"Il sale inglese, che \u00e8 solfato di magnesio idratato, \u00e8 un materiale naturale al 100% che prende il suo nome da Epsom, una citt\u00e0 del sud dell'inghilterra dove il sale viene ottenuto dall'acqua delle terme locali. Visto che la nostra pelle assorbe liquidi e farmaci \u00e8 in grado di farlo anche con i preziosi minerali trovati nell'acqua. I risultati sono straordinari. I sali di Epsom hanno un potere drenante e detossinante che \u00e8 visibile dopo il primo trattamento, ma che si mette in evidenza continuando il lavoro con costanza e ottenendo grandi risultati anche su situazioni gravi come l'obesit\u00e0. Sono un eccellente alleato per chi ha problematiche legate alla ritenzione idrica essendo in grado di scardinare questo meccanismo che crea sempre pi\u00f9 disagi al benessere quotidiano. Ottimi nel dimagrimento e coadiuvanti nel trattamento della cellulite e della circolazione sanguigna, in quanto hanno anche la capacit\u00e0 di proteggere i capillari donando un piacevole senso di leggerezza alle gambe stanche. Consigliati alle donne in gravidanza per mantenere le gambe leggere, sgonfie e per proteggere la microcircolazione linfatica.\\n\\nCONSIGLI PER L'UTILIZZO:\\nI sali di Epsom si possono utilizzare con i bendaggi o con i pantasalis per chi ne dispone. Si procede preparando una soluzione di acqua e sale di Epsom imbibendo i bendaggi e facendoli indossare per 30 min. Microcapsulazione: si tratta di un particolare procedimento che insedia i principi attivi nelle fibre e garantisce un rilascio graduale e uniforme sulla cute. Questa tecnologia permette di abbinare in maniera estremamente efficace i benefici dei principi attivi dei sali di Epsom alla compressione graduata ottenuta con i pantasalis o con i bendaggi. Il risultato \u00e8 un piacevole massaggio che dona leggerezza alle gambe e si prende cura dei capillari drenando in profondit\u00e0 e detossinando l'organismo. I sali di Epsom possono essere utilizzati come pediluvio o come peeling corpo mischiandoli ad un olio vegetale.\"}\" data-sheets-userformat=\"{\"2\":15297,\"3\":{\"1\":0},\"9\":0,\"10\":2,\"11\":0,\"12\":0,\"14\":{\"1\":2,\"2\":0},\"15\":\"Calibri\",\"16\":11}\">Bittersalz kann als Fu\u00dfbad oder als K\u00f6rperpeeling verwendet werden, indem man es mit einem Pflanzen\u00f6l mischt.<\/span><\/p>\n","protected":false},"excerpt":{"rendered":"<p>Bittersalz ist in zwei verschiedenen Formaten erh\u00e4ltlich: 200 Gramm oder 1 Kilo<\/p>\n","protected":false},"featured_media":36696,"template":"","meta":{"_acf_changed":false},"product_brand":[],"product_cat":[12985,1495,12980],"product_tag":[3679,9176,9185,434],"class_list":{"0":"post-52886","1":"product","2":"type-product","3":"status-publish","4":"has-post-thumbnail","6":"product_cat-body","7":"product_cat-kosmetik","8":"product_cat-mikrokosmos","9":"product_tag-epsom-de","10":"product_tag-hallen","11":"product_tag-salze","12":"product_tag-spagyrik","13":"pa_formato-100-stuck-a-200g","14":"pa_formato-1kg-de","15":"pa_formato-200g-de","17":"first","18":"instock","19":"sale","20":"taxable","21":"shipping-taxable","22":"purchasable","23":"product-type-variable","24":"has-default-attributes"},"acf":[],"jetpack_sharing_enabled":true,"_links":{"self":[{"href":"https:\/\/cndestetik.ch\/de\/wp-json\/wp\/v2\/product\/52886","targetHints":{"allow":["GET"]}}],"collection":[{"href":"https:\/\/cndestetik.ch\/de\/wp-json\/wp\/v2\/product"}],"about":[{"href":"https:\/\/cndestetik.ch\/de\/wp-json\/wp\/v2\/types\/product"}],"wp:featuredmedia":[{"embeddable":true,"href":"https:\/\/cndestetik.ch\/de\/wp-json\/wp\/v2\/media\/36696"}],"wp:attachment":[{"href":"https:\/\/cndestetik.ch\/de\/wp-json\/wp\/v2\/media?parent=52886"}],"wp:term":[{"taxonomy":"product_brand","embeddable":true,"href":"https:\/\/cndestetik.ch\/de\/wp-json\/wp\/v2\/product_brand?post=52886"},{"taxonomy":"product_cat","embeddable":true,"href":"https:\/\/cndestetik.ch\/de\/wp-json\/wp\/v2\/product_cat?post=52886"},{"taxonomy":"product_tag","embeddable":true,"href":"https:\/\/cndestetik.ch\/de\/wp-json\/wp\/v2\/product_tag?post=52886"}],"curies":[{"name":"wp","href":"https:\/\/api.w.org\/{rel}","templated":true}]}}