{"id":52864,"date":"2020-10-15T11:30:10","date_gmt":"2020-10-15T09:30:10","guid":{"rendered":"https:\/\/cndestetik.ch\/prodotto\/koerpercreme-fuer-maenner\/"},"modified":"2025-01-23T09:42:02","modified_gmt":"2025-01-23T08:42:02","slug":"cream-body-man","status":"publish","type":"product","link":"https:\/\/cndestetik.ch\/de\/prodotto\/cream-body-man\/","title":{"rendered":"K\u00f6rpercreme f\u00fcr M\u00e4nner"},"content":{"rendered":"<p><span data-sheets-value=\"{\"1\":2,\"2\":\"Dedicata all'uomo, per tutti i tipi di pelle, dalla texture leggera e di rapido assorbimento. \\n\\nArricchita con Estratto spagirico di Calendula, ha un azione tonificante, nutriente e lenitiva. Lascia la pelle morbida, idratata ed asciutta. Lieve e fresca profumazione. \\n\\nOttimo per l'utilizzo anche quotidiano, dopo la piscina e l'attivit\u00e0 fisica.\\n\\nIngredienti 100% Organici e Naturali\\nVegan\\nCruelty Free\"}\" data-sheets-userformat=\"{\"2\":15297,\"3\":{\"1\":0},\"9\":0,\"10\":2,\"11\":0,\"12\":0,\"14\":{\"1\":2,\"2\":0},\"15\":\"Calibri\",\"16\":11}\">Speziell f\u00fcr M\u00e4nner, f\u00fcr alle Hauttypen, mit einer leichten Textur und schneller Absorption.<\/span><\/p>\n<p>Angereichert mit spagyrischem Ringelblumenextrakt hat es eine tonisierende, n\u00e4hrende und beruhigende Wirkung. Sie macht die Haut weich, spendet Feuchtigkeit und trocknet sie aus. Leichter und frischer Duft.<\/p>\n<p>Auch f\u00fcr die t\u00e4gliche Anwendung nach dem Schwimmen und k\u00f6rperlicher Bet\u00e4tigung geeignet.<\/p>\n<p><span data-sheets-value=\"{\"1\":2,\"2\":\"Dedicata all'uomo, per tutti i tipi di pelle, dalla texture leggera e di rapido assorbimento. \\n\\nArricchita con Estratto spagirico di Calendula, ha un azione tonificante, nutriente e lenitiva. Lascia la pelle morbida, idratata ed asciutta. Lieve e fresca profumazione. \\n\\nOttimo per l'utilizzo anche quotidiano, dopo la piscina e l'attivit\u00e0 fisica.\\n\\nIngredienti 100% Organici e Naturali\\nVegan\\nCruelty Free\"}\" data-sheets-userformat=\"{\"2\":15297,\"3\":{\"1\":0},\"9\":0,\"10\":2,\"11\":0,\"12\":0,\"14\":{\"1\":2,\"2\":0},\"15\":\"Calibri\",\"16\":11}\">Gr\u00f6\u00dfe: 200ml.<\/span><\/p>\n<p>100% biologische und nat\u00fcrliche Inhaltsstoffe Vegan und frei von Grausamkeiten<\/p>\n","protected":false},"excerpt":{"rendered":"<p>Tonisierende, beruhigende und n\u00e4hrende Creme, f\u00fcr M\u00e4nner geeignet<\/p>\n","protected":false},"featured_media":37705,"template":"","meta":{"_acf_changed":false},"product_brand":[],"product_cat":[12985,1495,12980],"product_tag":[8906,3836,2345,9178,9062,447,434],"class_list":{"0":"post-52864","1":"product","2":"type-product","3":"status-publish","4":"has-post-thumbnail","6":"product_cat-body","7":"product_cat-kosmetik","8":"product_cat-mikrokosmos","9":"product_tag-bergamotte","10":"product_tag-creme-de","11":"product_tag-korper","12":"product_tag-korpercreme-fur-manner","13":"product_tag-man","14":"product_tag-ringelblume","15":"product_tag-spagyrik","17":"first","18":"instock","19":"taxable","20":"shipping-taxable","21":"purchasable","22":"product-type-simple"},"acf":[],"jetpack_sharing_enabled":true,"_links":{"self":[{"href":"https:\/\/cndestetik.ch\/de\/wp-json\/wp\/v2\/product\/52864","targetHints":{"allow":["GET"]}}],"collection":[{"href":"https:\/\/cndestetik.ch\/de\/wp-json\/wp\/v2\/product"}],"about":[{"href":"https:\/\/cndestetik.ch\/de\/wp-json\/wp\/v2\/types\/product"}],"wp:featuredmedia":[{"embeddable":true,"href":"https:\/\/cndestetik.ch\/de\/wp-json\/wp\/v2\/media\/37705"}],"wp:attachment":[{"href":"https:\/\/cndestetik.ch\/de\/wp-json\/wp\/v2\/media?parent=52864"}],"wp:term":[{"taxonomy":"product_brand","embeddable":true,"href":"https:\/\/cndestetik.ch\/de\/wp-json\/wp\/v2\/product_brand?post=52864"},{"taxonomy":"product_cat","embeddable":true,"href":"https:\/\/cndestetik.ch\/de\/wp-json\/wp\/v2\/product_cat?post=52864"},{"taxonomy":"product_tag","embeddable":true,"href":"https:\/\/cndestetik.ch\/de\/wp-json\/wp\/v2\/product_tag?post=52864"}],"curies":[{"name":"wp","href":"https:\/\/api.w.org\/{rel}","templated":true}]}}