{"id":52857,"date":"2020-10-15T11:36:05","date_gmt":"2020-10-15T09:36:05","guid":{"rendered":"https:\/\/cndestetik.ch\/prodotto\/heidelbeer-salat\/"},"modified":"2025-01-23T09:42:08","modified_gmt":"2025-01-23T08:42:08","slug":"heidelbeer-palisander","status":"publish","type":"product","link":"https:\/\/cndestetik.ch\/de\/prodotto\/heidelbeer-palisander\/","title":{"rendered":"Heidelbeer-Salat"},"content":{"rendered":"<p><span data-sheets-value=\"{\"1\":2,\"2\":\"Nel Mirtillo Salis, oltre alle propriet\u00e0 dei sali di Epsom, troviamo le propriet\u00e0 caratteristiche del mirtillo nero. In questo piccolissimo frutto, infatti, sono contenuti principi importanti come zuccheri e altri acidi tra cui l'acido citrico, che ha un'azione protettiva sulle cellule. Il mirtillo nero \u00e8 particolarmente indicato per combattere l'insufficenza venosa, un rallentamento del flusso sanguigno che causa un ristagno di sangue nelle parti inferiori delle gambe.\\n\\nCONSIGLI PER L'UTILIZZO:\\nI sali di Epsom si possono utilizzare con i bendaggi o con i pantasalis per chi ne dispone. Si procede preparando una soluzione di acqua e sale di Epsom imbibendo i bendaggi e facendoli indossare per 30 min. Microcapsulazione: si tratta di un particolare procedimento che insedia i principi attivi nelle fibre e garantisce un rilascio graduale e uniforme sulla cute. Questa tecnologia permette di abbinare in maniera estremamente efficace i benefici dei principi attivi dei sali di Epsom alla compressione graduata ottenuta con i pantasalis o con i bendaggi. Il risultato \u00e8 un piacevole massaggio che dona leggerezza alle gambe e si prende cura dei capillari drenando in profondit\u00e0 e detossinando l'organismo. I sali di Epsom possono essere utilizzati come pediluvio o come peeling corpo mischiandoli ad un olio vegetale.\"}\" data-sheets-userformat=\"{\"2\":15297,\"3\":{\"1\":0},\"9\":0,\"10\":2,\"11\":0,\"12\":0,\"14\":{\"1\":2,\"2\":0},\"15\":\"Calibri\",\"16\":11}\">In Bilberry Salis finden wir neben den Eigenschaften des Bittersalzes auch die charakteristischen Eigenschaften der Heidelbeere. Diese kleine Frucht enth\u00e4lt wichtige Inhaltsstoffe wie Zucker und andere S\u00e4uren, darunter Zitronens\u00e4ure, die eine sch\u00fctzende Wirkung auf die Zellen hat. Die Heidelbeere eignet sich besonders gut zur Bek\u00e4mpfung der ven\u00f6sen Insuffizienz, einer Verlangsamung des Blutflusses, die zu einer Stagnation des Blutes in den Unterschenkeln f\u00fchrt.<\/span><\/p>\n<p>TIPPS ZUR VERWENDUNG: Bittersalz kann mit Bandagen oder Pantasalien verwendet werden, wenn Sie diese haben. Dazu wird eine L\u00f6sung aus Wasser und Bittersalz hergestellt, in die die Bandagen eingeweicht und 30 Minuten lang getragen werden.<\/p>\n<p><span data-sheets-value=\"{\"1\":2,\"2\":\"Nel Mirtillo Salis, oltre alle propriet\u00e0 dei sali di Epsom, troviamo le propriet\u00e0 caratteristiche del mirtillo nero. In questo piccolissimo frutto, infatti, sono contenuti principi importanti come zuccheri e altri acidi tra cui l'acido citrico, che ha un'azione protettiva sulle cellule. Il mirtillo nero \u00e8 particolarmente indicato per combattere l'insufficenza venosa, un rallentamento del flusso sanguigno che causa un ristagno di sangue nelle parti inferiori delle gambe.\\n\\nCONSIGLI PER L'UTILIZZO:\\nI sali di Epsom si possono utilizzare con i bendaggi o con i pantasalis per chi ne dispone. Si procede preparando una soluzione di acqua e sale di Epsom imbibendo i bendaggi e facendoli indossare per 30 min. Microcapsulazione: si tratta di un particolare procedimento che insedia i principi attivi nelle fibre e garantisce un rilascio graduale e uniforme sulla cute. Questa tecnologia permette di abbinare in maniera estremamente efficace i benefici dei principi attivi dei sali di Epsom alla compressione graduata ottenuta con i pantasalis o con i bendaggi. Il risultato \u00e8 un piacevole massaggio che dona leggerezza alle gambe e si prende cura dei capillari drenando in profondit\u00e0 e detossinando l'organismo. I sali di Epsom possono essere utilizzati come pediluvio o come peeling corpo mischiandoli ad un olio vegetale.\"}\" data-sheets-userformat=\"{\"2\":15297,\"3\":{\"1\":0},\"9\":0,\"10\":2,\"11\":0,\"12\":0,\"14\":{\"1\":2,\"2\":0},\"15\":\"Calibri\",\"16\":11}\">Mikroverkapselung: Hierbei handelt es sich um ein spezielles Verfahren, bei dem die Wirkstoffe in die Fasern eingebracht werden und eine allm\u00e4hliche und gleichm\u00e4\u00dfige Freisetzung auf der Haut gew\u00e4hrleisten. Diese Technologie erm\u00f6glicht es, die Vorteile der Wirkstoffe des Bittersalzes mit der abgestuften Kompression, die mit Pantasalis oder Bandagen erreicht wird, auf \u00e4u\u00dferst wirksame Weise zu kombinieren. Das Ergebnis ist eine angenehme Massage, die die Beine entlastet und die Kapillaren pflegt, indem sie den K\u00f6rper tief entw\u00e4ssert und entgiftet.  <\/span><\/p>\n<p><span data-sheets-value=\"{\"1\":2,\"2\":\"Nel Mirtillo Salis, oltre alle propriet\u00e0 dei sali di Epsom, troviamo le propriet\u00e0 caratteristiche del mirtillo nero. In questo piccolissimo frutto, infatti, sono contenuti principi importanti come zuccheri e altri acidi tra cui l'acido citrico, che ha un'azione protettiva sulle cellule. Il mirtillo nero \u00e8 particolarmente indicato per combattere l'insufficenza venosa, un rallentamento del flusso sanguigno che causa un ristagno di sangue nelle parti inferiori delle gambe.\\n\\nCONSIGLI PER L'UTILIZZO:\\nI sali di Epsom si possono utilizzare con i bendaggi o con i pantasalis per chi ne dispone. Si procede preparando una soluzione di acqua e sale di Epsom imbibendo i bendaggi e facendoli indossare per 30 min. Microcapsulazione: si tratta di un particolare procedimento che insedia i principi attivi nelle fibre e garantisce un rilascio graduale e uniforme sulla cute. Questa tecnologia permette di abbinare in maniera estremamente efficace i benefici dei principi attivi dei sali di Epsom alla compressione graduata ottenuta con i pantasalis o con i bendaggi. Il risultato \u00e8 un piacevole massaggio che dona leggerezza alle gambe e si prende cura dei capillari drenando in profondit\u00e0 e detossinando l'organismo. I sali di Epsom possono essere utilizzati come pediluvio o come peeling corpo mischiandoli ad un olio vegetale.\"}\" data-sheets-userformat=\"{\"2\":15297,\"3\":{\"1\":0},\"9\":0,\"10\":2,\"11\":0,\"12\":0,\"14\":{\"1\":2,\"2\":0},\"15\":\"Calibri\",\"16\":11}\">Bittersalz kann als Fu\u00dfbad oder als K\u00f6rperpeeling verwendet werden, indem man es mit einem Pflanzen\u00f6l mischt.<\/span><\/p>\n","protected":false},"excerpt":{"rendered":"<p>Heidelbeersalis, erh\u00e4ltlich in zwei Formaten: 200 Gramm und 1 Kilo<\/p>\n","protected":false},"featured_media":37696,"template":"","meta":{"_acf_changed":false},"product_brand":[],"product_cat":[12985,1495,12980],"product_tag":[443,3679,9176,434],"class_list":{"0":"post-52857","1":"product","2":"type-product","3":"status-publish","4":"has-post-thumbnail","6":"product_cat-body","7":"product_cat-kosmetik","8":"product_cat-mikrokosmos","9":"product_tag-blaubeere","10":"product_tag-epsom-de","11":"product_tag-hallen","12":"product_tag-spagyrik","13":"pa_formato-1kg-de","14":"pa_formato-200g-de","16":"first","17":"instock","18":"taxable","19":"shipping-taxable","20":"purchasable","21":"product-type-variable","22":"has-default-attributes"},"acf":[],"jetpack_sharing_enabled":true,"_links":{"self":[{"href":"https:\/\/cndestetik.ch\/de\/wp-json\/wp\/v2\/product\/52857","targetHints":{"allow":["GET"]}}],"collection":[{"href":"https:\/\/cndestetik.ch\/de\/wp-json\/wp\/v2\/product"}],"about":[{"href":"https:\/\/cndestetik.ch\/de\/wp-json\/wp\/v2\/types\/product"}],"wp:featuredmedia":[{"embeddable":true,"href":"https:\/\/cndestetik.ch\/de\/wp-json\/wp\/v2\/media\/37696"}],"wp:attachment":[{"href":"https:\/\/cndestetik.ch\/de\/wp-json\/wp\/v2\/media?parent=52857"}],"wp:term":[{"taxonomy":"product_brand","embeddable":true,"href":"https:\/\/cndestetik.ch\/de\/wp-json\/wp\/v2\/product_brand?post=52857"},{"taxonomy":"product_cat","embeddable":true,"href":"https:\/\/cndestetik.ch\/de\/wp-json\/wp\/v2\/product_cat?post=52857"},{"taxonomy":"product_tag","embeddable":true,"href":"https:\/\/cndestetik.ch\/de\/wp-json\/wp\/v2\/product_tag?post=52857"}],"curies":[{"name":"wp","href":"https:\/\/api.w.org\/{rel}","templated":true}]}}