{"id":52849,"date":"2020-10-15T11:37:30","date_gmt":"2020-10-15T09:37:30","guid":{"rendered":"https:\/\/cndestetik.ch\/prodotto\/peeling-koerperpeeling\/"},"modified":"2025-02-07T08:54:15","modified_gmt":"2025-02-07T07:54:15","slug":"peeling-fur-den-korper","status":"publish","type":"product","link":"https:\/\/cndestetik.ch\/de\/prodotto\/peeling-fur-den-korper\/","title":{"rendered":"Peeling-K\u00f6rperpeeling"},"content":{"rendered":"<p><span data-sheets-value=\"{\"1\":2,\"2\":\"Un esfoliante per il corpo pronto all'uso!\\nDa massaggiare delicatamente sulla pelle, favorisce l'eliminazione delle cellule morte e della desquamazione.\\nL'Aloe, la Malva e l'Ananas contenuti, aiutano l'azione cheratolitica delicata e rigenerante, mentre i microgranuli di semi di albicocca svolgono l'azione meccanica (quasi un effetto sabbia sulla pelle).\\nL'insieme delle profumazione ne fa ottenere un aroma mandorlato, quasi di amaretto, delicato e piacevole.\\n\\nCoccolarsi strofinandolo sulla pelle \u00e8 un piacere da provare!\\n\\nCome utilizzarlo?\\nStrofinalo sulla pelle inumidita e riscqua! Applica dopo una crema o un oleolito pi\u00f9 idonei alla tua problematica o alla tua necessit\u00e0.\\n\\nIl nostro consiglio\\nUtilizzalo prima di ogni tuo trattamento domestico: prima di un fango, prima di un bendaggio, prima di un bagno detossinante; ti aiuter\u00e0 ad assorbire meglio i principi attivi grazie all'eliminazione delle cellule morte superficiali.\\nUtilizzalo qualche giorno prima della ceretta per liberare i peli sottopelle; eliminerai anche i peli pi\u00f9 nascosti, sentirai meno dolore.\\nUtilizzalo qualche giorno prima di andare in vacanza, renderai la pelle pi\u00f9 predisposta all'abbronzatura (e non dimenticare la protezione solare da mettere in valigia!)\\n\"}\" data-sheets-userformat=\"{\"2\":15297,\"3\":{\"1\":0},\"9\":0,\"10\":2,\"11\":0,\"12\":0,\"14\":{\"1\":2,\"2\":0},\"15\":\"Calibri\",\"16\":11}\"><\/p>\n<p>Ein gebrauchsfertiges Peeling f\u00fcr den K\u00f6rper! Sanft in die Haut einmassiert, hilft es, abgestorbene Zellen und Schuppen zu beseitigen. Die darin enthaltene Aloe, Malve und Ananas helfen bei der sanften keratolytischen und regenerierenden Wirkung, w\u00e4hrend die Mikrogranulate der Aprikosenkerne die mechanische Wirkung aus\u00fcben (fast ein Sandeffekt auf der Haut). Die Kombination von Duftstoffen verleiht ihm ein mandelartiges, fast amarettoartiges Aroma, das zart und angenehm ist.<\/span><\/p>\n<p>Das Einreiben in die Haut ist ein wahrer Genuss!<\/p>\n<p>Wie wird es verwendet?<br \/>\nReiben Sie es in die angefeuchtete Haut ein und sp\u00fclen Sie es ab! Danach tragen Sie eine Creme oder ein \u00d6l auf, das f\u00fcr Ihr Problem oder Ihren Bedarf besser geeignet ist.<\/p>\n<p>Unser Tipp Verwenden Sie es vor jeder Ihrer Heimbehandlungen: vor einem Schlammbad, vor einer Packung, vor einem Entgiftungsbad; es wird Ihnen helfen, die Wirkstoffe besser aufzunehmen, indem es abgestorbene Oberfl\u00e4chenzellen entfernt.<\/p>\n<p>Verwenden Sie es einige Tage vor dem Waxing, um die Haare unter der Haut loszuwerden; Sie werden selbst die verstecktesten Haare entfernen und weniger Schmerzen versp\u00fcren. Verwenden Sie es einige Tage vor dem Urlaub, Sie machen Ihre Haut anf\u00e4lliger f\u00fcr Br\u00e4une (und vergessen Sie nicht, Sonnencreme einzupacken!).<\/p>\n","protected":false},"excerpt":{"rendered":"<p>Peeling, das sanft auf den K\u00f6rper massiert wird, um  <span data-sheets-value=\"{\"1\":2,\"2\":\"Un esfoliante per il corpo pronto all'uso!\\nDa massaggiare delicatamente sulla pelle, favorisce l'eliminazione delle cellule morte e della desquamazione.\\nL'Aloe, la Malva e l'Ananas contenuti, aiutano l'azione cheratolitica delicata e rigenerante, mentre i microgranuli di semi di albicocca svolgono l'azione meccanica (quasi un effetto sabbia sulla pelle).\\nL'insieme delle profumazione ne fa ottenere un aroma mandorlato, quasi di amaretto, delicato e piacevole.\\n\\nCoccolarsi strofinandolo sulla pelle \u00e8 un piacere da provare!\\n\\nCome utilizzarlo?\\nStrofinalo sulla pelle inumidita e riscqua! Applica dopo una crema o un oleolito pi\u00f9 idonei alla tua problematica o alla tua necessit\u00e0.\\n\\nIl nostro consiglio\\nUtilizzalo prima di ogni tuo trattamento domestico: prima di un fango, prima di un bendaggio, prima di un bagno detossinante; ti aiuter\u00e0 ad assorbire meglio i principi attivi grazie all'eliminazione delle cellule morte superficiali.\\nUtilizzalo qualche giorno prima della ceretta per liberare i peli sottopelle; eliminerai anche i peli pi\u00f9 nascosti, sentirai meno dolore.\\nUtilizzalo qualche giorno prima di andare in vacanza, renderai la pelle pi\u00f9 predisposta all'abbronzatura (e non dimenticare la protezione solare da mettere in valigia!)\\n\"}\" data-sheets-userformat=\"{\"2\":15297,\"3\":{\"1\":0},\"9\":0,\"10\":2,\"11\":0,\"12\":0,\"14\":{\"1\":2,\"2\":0},\"15\":\"Calibri\",\"16\":11}\">Beseitigung abgestorbener Zellen und Abschuppung. Erh\u00e4ltlich in zwei Gr\u00f6\u00dfen.<\/span><\/p>\n","protected":false},"featured_media":37690,"template":"","meta":{"_acf_changed":false},"product_brand":[],"product_cat":[12985,1495,12980],"product_tag":[552,9172,4727,2345,547,4730,7100,507],"class_list":{"0":"post-52849","1":"product","2":"type-product","3":"status-publish","4":"has-post-thumbnail","6":"product_cat-body","7":"product_cat-kosmetik","8":"product_cat-mikrokosmos","9":"product_tag-aloe-de","10":"product_tag-anans-de","11":"product_tag-aprikose","12":"product_tag-korper","13":"product_tag-malve","14":"product_tag-peeling-de","15":"product_tag-schrubben-de","16":"product_tag-zitrone","17":"pa_formato-200ml-de","18":"pa_formato-500ml-de","20":"first","21":"instock","22":"taxable","23":"shipping-taxable","24":"purchasable","25":"product-type-variable","26":"has-default-attributes"},"acf":[],"jetpack_sharing_enabled":true,"_links":{"self":[{"href":"https:\/\/cndestetik.ch\/de\/wp-json\/wp\/v2\/product\/52849","targetHints":{"allow":["GET"]}}],"collection":[{"href":"https:\/\/cndestetik.ch\/de\/wp-json\/wp\/v2\/product"}],"about":[{"href":"https:\/\/cndestetik.ch\/de\/wp-json\/wp\/v2\/types\/product"}],"wp:featuredmedia":[{"embeddable":true,"href":"https:\/\/cndestetik.ch\/de\/wp-json\/wp\/v2\/media\/37690"}],"wp:attachment":[{"href":"https:\/\/cndestetik.ch\/de\/wp-json\/wp\/v2\/media?parent=52849"}],"wp:term":[{"taxonomy":"product_brand","embeddable":true,"href":"https:\/\/cndestetik.ch\/de\/wp-json\/wp\/v2\/product_brand?post=52849"},{"taxonomy":"product_cat","embeddable":true,"href":"https:\/\/cndestetik.ch\/de\/wp-json\/wp\/v2\/product_cat?post=52849"},{"taxonomy":"product_tag","embeddable":true,"href":"https:\/\/cndestetik.ch\/de\/wp-json\/wp\/v2\/product_tag?post=52849"}],"curies":[{"name":"wp","href":"https:\/\/api.w.org\/{rel}","templated":true}]}}