{"id":52843,"date":"2020-10-15T11:38:34","date_gmt":"2020-10-15T09:38:34","guid":{"rendered":"https:\/\/cndestetik.ch\/prodotto\/spagyrisches-fettiges-hautoel\/"},"modified":"2025-01-24T08:19:41","modified_gmt":"2025-01-24T07:19:41","slug":"oleolyt-spagyrik-hautfett","status":"publish","type":"product","link":"https:\/\/cndestetik.ch\/de\/prodotto\/oleolyt-spagyrik-hautfett\/","title":{"rendered":"Spagyrisches fettiges Haut\u00f6l"},"content":{"rendered":"<p><span data-sheets-value=\"{\"1\":2,\"2\":\"Con oleoliti spagirici di Edera e Betulla. Olio atto a riequilibrare la formazione di sebo a livello cutaneo. Grazie alle propriet\u00e0 degli oleoliti spagirici e degli oli essenziali, presenti nella formulazione, quest'olio agisce come astringente senza tuttavia essere aggressivo, rispetta la naturale fisiologia cutanea, agisce come antiossidante e agente capace di sciogliere i grassi del sebo.\\n\\nOgni Oleolito Spagirico Viso \u00e8 una preziosa miscela di Oleoliti Spagirici ed Oli Essenziali studiata con cura da esperti erboristi per offrire un prodotto specifico ed efficace per la pelle delicata del viso.\"}\" data-sheets-userformat=\"{\"2\":15297,\"3\":{\"1\":0},\"9\":0,\"10\":2,\"11\":0,\"12\":0,\"14\":{\"1\":2,\"2\":0},\"15\":\"Calibri\",\"16\":11}\">Mit spagyrischem Efeu und Birken-Oleolithen. \u00d6l zum Ausgleich der Talgbildung in der Haut. Dank der Eigenschaften der spagyrischen Oleolithe und der \u00e4therischen \u00d6le, die in der Formulierung enthalten sind, wirkt dieses \u00d6l adstringierend, ohne aggressiv zu sein, respektiert die nat\u00fcrliche Physiologie der Haut, wirkt als Antioxidans und ist in der Lage, Talgfette zu l\u00f6sen.<\/span><\/p>\n<p>Jedes spagyrische Oleolith f\u00fcr das Gesicht ist eine wertvolle Mischung aus spagyrischen Oleolithen und \u00e4therischen \u00d6len, die von Kr\u00e4uterexperten sorgf\u00e4ltig zusammengestellt wurde, um ein spezifisches und wirksames Produkt f\u00fcr die empfindliche Gesichtshaut zu bieten.<\/p>\n<p>Gr\u00f6\u00dfe: 30ml<\/p>\n","protected":false},"excerpt":{"rendered":"<p>Adstringierendes \u00d6l, n\u00fctzlich bei der Bek\u00e4mpfung von Fett in der Haut.<\/p>\n","protected":false},"featured_media":37648,"template":"","meta":{"_acf_changed":false},"product_brand":[],"product_cat":[12988,1495,12980],"product_tag":[8902,8893,2116,434,4823],"class_list":{"0":"post-52843","1":"product","2":"type-product","3":"status-publish","4":"has-post-thumbnail","6":"product_cat-gesicht","7":"product_cat-kosmetik","8":"product_cat-mikrokosmos","9":"product_tag-birke-de","10":"product_tag-efeu","11":"product_tag-oleolith","12":"product_tag-spagyrik","13":"product_tag-spagyrische","15":"first","16":"instock","17":"taxable","18":"shipping-taxable","19":"purchasable","20":"product-type-simple"},"acf":[],"jetpack_sharing_enabled":true,"_links":{"self":[{"href":"https:\/\/cndestetik.ch\/de\/wp-json\/wp\/v2\/product\/52843","targetHints":{"allow":["GET"]}}],"collection":[{"href":"https:\/\/cndestetik.ch\/de\/wp-json\/wp\/v2\/product"}],"about":[{"href":"https:\/\/cndestetik.ch\/de\/wp-json\/wp\/v2\/types\/product"}],"wp:featuredmedia":[{"embeddable":true,"href":"https:\/\/cndestetik.ch\/de\/wp-json\/wp\/v2\/media\/37648"}],"wp:attachment":[{"href":"https:\/\/cndestetik.ch\/de\/wp-json\/wp\/v2\/media?parent=52843"}],"wp:term":[{"taxonomy":"product_brand","embeddable":true,"href":"https:\/\/cndestetik.ch\/de\/wp-json\/wp\/v2\/product_brand?post=52843"},{"taxonomy":"product_cat","embeddable":true,"href":"https:\/\/cndestetik.ch\/de\/wp-json\/wp\/v2\/product_cat?post=52843"},{"taxonomy":"product_tag","embeddable":true,"href":"https:\/\/cndestetik.ch\/de\/wp-json\/wp\/v2\/product_tag?post=52843"}],"curies":[{"name":"wp","href":"https:\/\/api.w.org\/{rel}","templated":true}]}}