{"id":52832,"date":"2020-10-15T11:38:41","date_gmt":"2020-10-15T09:38:41","guid":{"rendered":"https:\/\/cndestetik.ch\/prodotto\/spagyrisches-anti-falten-oel\/"},"modified":"2025-01-24T08:19:59","modified_gmt":"2025-01-24T07:19:59","slug":"oleolyt-spagyrik-anti-falten","status":"publish","type":"product","link":"https:\/\/cndestetik.ch\/de\/prodotto\/oleolyt-spagyrik-anti-falten\/","title":{"rendered":"Spagyrisches Anti-Falten-\u00d6l"},"content":{"rendered":"<p><span data-sheets-value=\"{\"1\":2,\"2\":\"Con oleoliti spagirici di Calendula e Iperico. Un olio con forte capacit\u00e0 elasticizzante della pelle che lavora sui solchi della rughe gi\u00e0 formate e come preventivo per quelle nuove, donando idratazione profonda. Svolge ubna potente attivit\u00e0 rigenerante dei tessuti, dona luminosit\u00e0 al viso ed un nuovo colorito della pelle. Dal profumo dolce ed inebriante, \u00e8 un olio pensato come compagno ideale per chi vuole risvegliare la propria femminilit\u00e0.\\n\\nOgni Oleolito Spagirico Viso \u00e8 una preziosa miscela di Oleoliti Spagirici ed Oli Essenziali studiata con cura da esperti erboristi per offrire un prodotto specifico ed efficace per la pelle delicata del viso.\"}\" data-sheets-userformat=\"{\"2\":15297,\"3\":{\"1\":0},\"9\":0,\"10\":2,\"11\":0,\"12\":0,\"14\":{\"1\":2,\"2\":0},\"15\":\"Calibri\",\"16\":11}\">Mit spagyrischen Calendula- und Hypericum-Oleolithen. Ein \u00d6l mit stark hautstraffenden Eigenschaften, das auf die Furchen bereits gebildeter Falten und zur Vorbeugung neuer Falten wirkt, indem es tiefenwirksam Feuchtigkeit spendet. Sie wirkt stark geweberegenerierend und verleiht dem Gesicht Ausstrahlung und einen neuen Hautton. Mit seinem s\u00fc\u00dfen und berauschenden Duft ist dieses \u00d6l ein idealer Begleiter f\u00fcr alle, die ihre Weiblichkeit erwecken wollen.<\/span><\/p>\n<p>Jedes spagyrische Oleolith f\u00fcr das Gesicht ist eine wertvolle Mischung aus spagyrischen Oleolithen und \u00e4therischen \u00d6len, die von Kr\u00e4uterexperten sorgf\u00e4ltig zusammengestellt wurde, um ein spezifisches und wirksames Produkt f\u00fcr die empfindliche Gesichtshaut zu bieten.<\/p>\n<p>Gr\u00f6\u00dfe: 30ml<\/p>\n","protected":false},"excerpt":{"rendered":"<p>Elastifizierendes \u00d6l, das auf Hautfalten einwirkt und neuen Falten entgegenwirkt.<\/p>\n","protected":false},"featured_media":37642,"template":"","meta":{"_acf_changed":false},"product_brand":[],"product_cat":[12988,1495,12980],"product_tag":[579,1882,2116,447,434,4823],"class_list":{"0":"post-52832","1":"product","2":"type-product","3":"status-publish","4":"has-post-thumbnail","6":"product_cat-gesicht","7":"product_cat-kosmetik","8":"product_cat-mikrokosmos","9":"product_tag-anti-falten","10":"product_tag-johanniskraut","11":"product_tag-oleolith","12":"product_tag-ringelblume","13":"product_tag-spagyrik","14":"product_tag-spagyrische","16":"first","17":"instock","18":"taxable","19":"shipping-taxable","20":"purchasable","21":"product-type-simple"},"acf":[],"jetpack_sharing_enabled":true,"_links":{"self":[{"href":"https:\/\/cndestetik.ch\/de\/wp-json\/wp\/v2\/product\/52832","targetHints":{"allow":["GET"]}}],"collection":[{"href":"https:\/\/cndestetik.ch\/de\/wp-json\/wp\/v2\/product"}],"about":[{"href":"https:\/\/cndestetik.ch\/de\/wp-json\/wp\/v2\/types\/product"}],"wp:featuredmedia":[{"embeddable":true,"href":"https:\/\/cndestetik.ch\/de\/wp-json\/wp\/v2\/media\/37642"}],"wp:attachment":[{"href":"https:\/\/cndestetik.ch\/de\/wp-json\/wp\/v2\/media?parent=52832"}],"wp:term":[{"taxonomy":"product_brand","embeddable":true,"href":"https:\/\/cndestetik.ch\/de\/wp-json\/wp\/v2\/product_brand?post=52832"},{"taxonomy":"product_cat","embeddable":true,"href":"https:\/\/cndestetik.ch\/de\/wp-json\/wp\/v2\/product_cat?post=52832"},{"taxonomy":"product_tag","embeddable":true,"href":"https:\/\/cndestetik.ch\/de\/wp-json\/wp\/v2\/product_tag?post=52832"}],"curies":[{"name":"wp","href":"https:\/\/api.w.org\/{rel}","templated":true}]}}