{"id":52826,"date":"2020-10-15T11:39:12","date_gmt":"2020-10-15T09:39:12","guid":{"rendered":"https:\/\/cndestetik.ch\/prodotto\/spagyrischer-oleolith-efeu\/"},"modified":"2025-01-24T08:22:04","modified_gmt":"2025-01-24T07:22:04","slug":"oleolyt-pagyrische-edera","status":"publish","type":"product","link":"https:\/\/cndestetik.ch\/de\/prodotto\/oleolyt-pagyrische-edera\/","title":{"rendered":"Spagyrischer Oleolith-Efeu"},"content":{"rendered":"<p>Einzelne spagyrische Oleolithe sind in Rizinus-, Sonnenblumen- und Mandel\u00f6l enthalten. Im 50-ml-Format.<\/p>\n<p>Oleolith ist ein einfaches pflanzliches Pr\u00e4parat, bei dem eine Pflanze in \u00d6l mazeriert wird, wodurch fettl\u00f6sliche Inhaltsstoffe extrahiert werden, die mit anderen L\u00f6sungsmitteln nur schwer zu gewinnen sind. Der Spagyriker, der die Rhythmen der irdischen und himmlischen Natur respektiert, extrahiert auch einige verborgene Wirkstoffe durch spezielle Techniken wie das Kalzinieren. Durch die Einwirkung himmlischer Strahlung und spezielle Man\u00f6ver versucht der Spagyriker, die energetischen Eigenschaften zu verst\u00e4rken, die die charakteristischen Tugenden der Seele der Pflanze zum Ausdruck bringen. Das Ergebnis ist ein Pr\u00e4parat, das reich an Wirkstoffen ist und in der Lage ist, die energetischen Qualit\u00e4ten, die in der Natur jeder Pflanze liegen, zu \u00fcbertragen.<\/p>\n<p>Das spagyrische Oleolyt eignet sich daher f\u00fcr die \u00fcbliche Behandlung \u00fcber die Haut, f\u00fcr die energetische Anwendung auf den verschiedenen Reflexzonen des K\u00f6rpers sowie auf den empfindlichen Punkten der verschiedenen Meridiane.<\/p>\n<p>Unsere spagyrischen Oleolithe werden aus Wildpflanzen hergestellt, die in unber\u00fchrten Gebieten Italiens geerntet werden. Sie werden im balsamischen Moment geerntet, wenn ihre aktiven Eigenschaften den H\u00f6hepunkt ihrer Lebenskraft erreichen. Dann werden die \u00d6le zwei Lunationen lang durch die Lehren der Spagyrik sorgf\u00e4ltig in Elixiere verwandelt. Von allen \u00d6len ist Rizinus\u00f6l das spezifischste f\u00fcr die Dermis und ihre Funktionsst\u00f6rungen und wird am h\u00e4ufigsten f\u00fcr die Herstellung von Oleolithen verwendet.<\/p>\n<p>Einfache spagyrische Oleolithe (OSS) k\u00f6nnen pur, gemischt mit Cremes oder mit Pflanzen\u00f6len verwendet werden.<\/p>\n<p><span data-sheets-value=\"{\"1\":2,\"2\":\"EDERA: adatto in caso di edemi negli spazi interstiziali. L'azione astringente e vasocostrittrice permette il riassorbimento dei liquidi. Adatto per il trattamento cellulite. Ottimo anche su piaghe e infiammazioni.\"}\" data-sheets-userformat=\"{\"2\":15297,\"3\":{\"1\":0},\"9\":0,\"10\":2,\"11\":0,\"12\":0,\"14\":{\"1\":2,\"2\":0},\"15\":\"Calibri\",\"16\":11}\">Efeu: geeignet f\u00fcr \u00d6deme in Zwischenr\u00e4umen. Die adstringierende und gef\u00e4\u00dfverengende Wirkung erm\u00f6glicht die R\u00fcckresorption von Fl\u00fcssigkeiten. Geeignet zur Behandlung von Cellulite. Auch gut bei Wunden und Entz\u00fcndungen.<\/span><\/p>\n","protected":false},"excerpt":{"rendered":"<p>Oleolith, geeignet f\u00fcr die Absorption von Fl\u00fcssigkeiten. Hervorragend geeignet zur Behandlung von Cellulite, Wunden und Entz\u00fcndungen.<\/p>\n","protected":false},"featured_media":37618,"template":"","meta":{"_acf_changed":false},"product_brand":[],"product_cat":[12985,12988,1495,12980],"product_tag":[3606,8893,8883,2116,425,434,4823],"class_list":{"0":"post-52826","1":"product","2":"type-product","3":"status-publish","4":"has-post-thumbnail","6":"product_cat-body","7":"product_cat-gesicht","8":"product_cat-kosmetik","9":"product_cat-mikrokosmos","10":"product_tag-cellulite-de","11":"product_tag-efeu","12":"product_tag-entzundungen","13":"product_tag-oleolith","14":"product_tag-sesam","15":"product_tag-spagyrik","16":"product_tag-spagyrische","18":"first","19":"instock","20":"taxable","21":"shipping-taxable","22":"purchasable","23":"product-type-simple"},"acf":[],"jetpack_sharing_enabled":true,"_links":{"self":[{"href":"https:\/\/cndestetik.ch\/de\/wp-json\/wp\/v2\/product\/52826","targetHints":{"allow":["GET"]}}],"collection":[{"href":"https:\/\/cndestetik.ch\/de\/wp-json\/wp\/v2\/product"}],"about":[{"href":"https:\/\/cndestetik.ch\/de\/wp-json\/wp\/v2\/types\/product"}],"wp:featuredmedia":[{"embeddable":true,"href":"https:\/\/cndestetik.ch\/de\/wp-json\/wp\/v2\/media\/37618"}],"wp:attachment":[{"href":"https:\/\/cndestetik.ch\/de\/wp-json\/wp\/v2\/media?parent=52826"}],"wp:term":[{"taxonomy":"product_brand","embeddable":true,"href":"https:\/\/cndestetik.ch\/de\/wp-json\/wp\/v2\/product_brand?post=52826"},{"taxonomy":"product_cat","embeddable":true,"href":"https:\/\/cndestetik.ch\/de\/wp-json\/wp\/v2\/product_cat?post=52826"},{"taxonomy":"product_tag","embeddable":true,"href":"https:\/\/cndestetik.ch\/de\/wp-json\/wp\/v2\/product_tag?post=52826"}],"curies":[{"name":"wp","href":"https:\/\/api.w.org\/{rel}","templated":true}]}}