{"id":52813,"date":"2020-10-15T11:38:48","date_gmt":"2020-10-15T09:38:48","guid":{"rendered":"https:\/\/cndestetik.ch\/prodotto\/spagyrischer-oleolith-salbei\/"},"modified":"2025-01-24T08:20:42","modified_gmt":"2025-01-24T07:20:42","slug":"oleolyt-spagyrik-salbei","status":"publish","type":"product","link":"https:\/\/cndestetik.ch\/de\/prodotto\/oleolyt-spagyrik-salbei\/","title":{"rendered":"Spagyrischer Oleolith Salbei"},"content":{"rendered":"<p><span data-sheets-value=\"{\"1\":2,\"2\":\"Gli oleoliti spagirici singoli sono in olio di ricino, girasole e mandorle. In formato da 50 ml.\\nL'oleolito \u00e8 una sempplice preparazione erboristica che prevede la macerazione di una pianta in olio, con conseguente estrazione dei principi liposolubili difficilmente estraibili con altri solventi. Lo spagirista, rispettando i ritmi della natura terreste e celeste, opera estraendo anche alcuni principi attivi nascosti, attraverso tecniche specifiche come ad esempio la calcinazione. Mediante esposizione alle radiazioni celesti e particolari manovre, lo spagirista cerca di esaltare la qualit\u00e0 energetiche che esprimono le virt\u00f9 caratteristiche dell'anima della pianta. Ne risulta un preparato ricco di principi attivi e capace di trasmettere le qualit\u00e0 energetiche insite nella natura di ciascuna pianta. \\n\\nL'oleolito spagirico \u00e8 cos\u00ec adatto al consueto trattamento attraverso la pelle, a una applicazione energetica sulle varie zone riflesse del corpo, come anche sui punti sensibili dei vari meridiani.\\n\\nI nostri Oleoliti Spagirici vengono realizzati con piante selvatiche raccolte nelle zone incontaminate d'Italia, considerando tutti gli aspetti planetari. Esse vengono raccolte nel momento balsamico, quando le loro qualit\u00e0 attive raggiungono l'apice dell'energia vitale. Poi per un periodo di due lunazioni, gli oli vengono scrupolosamente trasformati in elisir grazie agli insegnamenti della spagiria. Fra tutti gli oli, quello di ricino \u00e8 il pi\u00f9 specifico per il derma e le sue disfunzioni, \u00e8 quello maggiormente impiegato nella produzione di oleoliti.\\n\\nGli oleoliti Spagirici Singoli (OSS) si possono utilizzare puri, miscelati con creme o con oli vegetali.\\n\\nL'effetto benefico sulla pelle \u00e8 dovuto alle sue qualit\u00e0 antisettiche, antiossidanti e antisudorifere. Ottimo su tutti i tipi di pelle come regolatore sebaceo e sulle smagliature.\"}\" data-sheets-userformat=\"{\"2\":15297,\"3\":{\"1\":0},\"9\":0,\"10\":2,\"11\":0,\"12\":0,\"14\":{\"1\":2,\"2\":0},\"15\":\"Calibri\",\"16\":11}\">Einzelne spagyrische Oleolithe sind in Rizinus-, Sonnenblumen- und Mandel\u00f6l enthalten.<br \/>\nIm 50 ml Format. Oleolite ist ein einfaches pflanzliches Pr\u00e4parat, bei dem eine Pflanze in \u00d6l mazeriert wird, wodurch fettl\u00f6sliche Inhaltsstoffe extrahiert werden, die mit anderen L\u00f6sungsmitteln nur schwer zu gewinnen sind. Der Spagyriker, der die Rhythmen der irdischen und himmlischen Natur respektiert, extrahiert auch einige verborgene Wirkstoffe durch spezielle Techniken wie das Kalzinieren. Durch die Einwirkung himmlischer Strahlung und spezielle Man\u00f6ver versucht der Spagyriker, die energetischen Eigenschaften zu verst\u00e4rken, die die charakteristischen Tugenden der Seele der Pflanze zum Ausdruck bringen. Das Ergebnis ist ein Pr\u00e4parat, das reich an Wirkstoffen ist und in der Lage ist, die energetischen Qualit\u00e4ten, die in der Natur jeder Pflanze liegen, zu \u00fcbertragen.<\/span><\/p>\n<p>Das spagyrische Oleolyt eignet sich daher f\u00fcr die \u00fcbliche Behandlung \u00fcber die Haut, f\u00fcr die energetische Anwendung auf den verschiedenen Reflexzonen des K\u00f6rpers sowie auf den empfindlichen Punkten der verschiedenen Meridiane.<\/p>\n<p>Unsere spagyrischen Oleolithe werden aus Wildpflanzen hergestellt, die in unber\u00fchrten Gebieten Italiens geerntet werden. Sie werden im balsamischen Moment geerntet, wenn ihre aktiven Eigenschaften den H\u00f6hepunkt ihrer Lebenskraft erreichen. Dann werden die \u00d6le zwei Lunationen lang durch die Lehren der Spagyrik sorgf\u00e4ltig in Elixiere verwandelt. Von allen \u00d6len ist Rizinus\u00f6l das spezifischste f\u00fcr die Dermis und ihre Funktionsst\u00f6rungen und wird am h\u00e4ufigsten f\u00fcr die Herstellung von Oleolithen verwendet.<\/p>\n<p>Einfache spagyrische Oleolithe (OSS) k\u00f6nnen pur, gemischt mit Cremes oder mit Pflanzen\u00f6len verwendet werden.<\/p>\n<p>Die wohltuende Wirkung auf die Haut ist auf seine antiseptischen, antioxidativen und schwei\u00dfhemmenden Eigenschaften zur\u00fcckzuf\u00fchren. Hervorragend geeignet f\u00fcr alle Hauttypen zur Regulierung der Talgdr\u00fcsen und bei Dehnungsstreifen.<\/p>\n","protected":false},"excerpt":{"rendered":"<p>Salbei-Oleolith, das bei allen Hauttypen verwendet werden kann, insbesondere bei Dehnungsstreifen und zur Regulierung der Talgdr\u00fcsen.<\/p>\n","protected":false},"featured_media":37636,"template":"","meta":{"_acf_changed":false},"product_brand":[],"product_cat":[12985,12988,1495,12980],"product_tag":[3617,2116,499,425,434,4823,4813],"class_list":{"0":"post-52813","1":"product","2":"type-product","3":"status-publish","4":"has-post-thumbnail","6":"product_cat-body","7":"product_cat-gesicht","8":"product_cat-kosmetik","9":"product_cat-mikrokosmos","10":"product_tag-dehnungsstreifen","11":"product_tag-oleolith","12":"product_tag-salbei","13":"product_tag-sesam","14":"product_tag-spagyrik","15":"product_tag-spagyrische","16":"product_tag-talg","18":"first","19":"instock","20":"taxable","21":"shipping-taxable","22":"purchasable","23":"product-type-simple"},"acf":[],"jetpack_sharing_enabled":true,"_links":{"self":[{"href":"https:\/\/cndestetik.ch\/de\/wp-json\/wp\/v2\/product\/52813","targetHints":{"allow":["GET"]}}],"collection":[{"href":"https:\/\/cndestetik.ch\/de\/wp-json\/wp\/v2\/product"}],"about":[{"href":"https:\/\/cndestetik.ch\/de\/wp-json\/wp\/v2\/types\/product"}],"wp:featuredmedia":[{"embeddable":true,"href":"https:\/\/cndestetik.ch\/de\/wp-json\/wp\/v2\/media\/37636"}],"wp:attachment":[{"href":"https:\/\/cndestetik.ch\/de\/wp-json\/wp\/v2\/media?parent=52813"}],"wp:term":[{"taxonomy":"product_brand","embeddable":true,"href":"https:\/\/cndestetik.ch\/de\/wp-json\/wp\/v2\/product_brand?post=52813"},{"taxonomy":"product_cat","embeddable":true,"href":"https:\/\/cndestetik.ch\/de\/wp-json\/wp\/v2\/product_cat?post=52813"},{"taxonomy":"product_tag","embeddable":true,"href":"https:\/\/cndestetik.ch\/de\/wp-json\/wp\/v2\/product_tag?post=52813"}],"curies":[{"name":"wp","href":"https:\/\/api.w.org\/{rel}","templated":true}]}}