{"id":52811,"date":"2020-10-15T11:41:22","date_gmt":"2020-10-15T09:41:22","guid":{"rendered":"https:\/\/cndestetik.ch\/prodotto\/spagyrisches-oleolith-naegel-und-nagelhaut\/"},"modified":"2022-11-15T16:54:51","modified_gmt":"2022-11-15T15:54:51","slug":"oleolyt-spagyrik-pilz-und-nagelhaut","status":"publish","type":"product","link":"https:\/\/cndestetik.ch\/de\/prodotto\/oleolyt-spagyrik-pilz-und-nagelhaut\/","title":{"rendered":"Spagyrisches Oleolith N\u00e4gel und Nagelhaut"},"content":{"rendered":"<p><span data-sheets-value=\"{\"1\":2,\"2\":\"Con oleoliti spagirici di Lavanda, Calendula, Achillea e Iperico, olio essenziale di Limone e prezioso olio di Rosa Mosqueta. \\nLe attivit\u00e0 cicatrizzanti, antinfiammatorie e rigeneranti degli oleoliti spagirici agiscono in sinergia con le propriet\u00e0 schiarenti e rinforzanti dell'olio essenziale di Limone e dell'olio di Rosa Mosqueta rendendo questo oleolito un prezioso supporto per le unghie e cuticole. Ottimo per le unghie fragili e affaticate da ricostruzioni e per le cuticole delicate e arrossate. Questo prezioso olio agisce stimolando l'irrorazione sanguigna e la rigenerazione dei tessuti. Sfiamma le cuticole arrossate e previene i fastidiosi tagli. Rinforza l'unghia rendendola lucida e bella. Ottimo anche per chi non ama mettersi lo smalto ma vuole dare un effetto luminoso e sano all'unghia. Aiuta ad eliminare le macchie di nicotina ed a schiarire in generale la pelle.\\n\\n\\nNell'oleolito spagirico la pianta \u00e8 stata utilizzata nella sua totalit\u00e0 e completezza, ivi compresi i suoi sali che hanno un'azione terapeutica estremamente potente e rilevante. La tecnica spagirica consente di ottenere oli che hanno la caratteristica di essere attivi e vitali sia sul piano cosmetico che curativo. Ogni Oleolito Spagirico Corpo \u00e8 una preziosa miscela di Oleoliti Spagirici e Oli Essenziali studiata con cura da esperti erboristi per offrire un prodotto specifico ed efficace per le esigenze del corpo\\n\"}\" data-sheets-userformat=\"{\"2\":15297,\"3\":{\"1\":0},\"9\":0,\"10\":2,\"11\":0,\"12\":0,\"14\":{\"1\":2,\"2\":0},\"15\":\"Calibri\",\"16\":11}\">Mit spagyrischen Oleolithen aus Lavendel, Calendula, Schafgarbe und Hypericum, \u00e4therischem Zitronen\u00f6l und wertvollem Hagebutten\u00f6l.<br \/>\nDie heilende, entz\u00fcndungshemmende und regenerierende Wirkung der spagyrischen Oleolithe wirkt in Synergie mit den aufhellenden und st\u00e4rkenden Eigenschaften des \u00e4therischen \u00d6ls der Zitrone und des Hagebutten\u00f6ls und macht diese Oleolithe zu einer wertvollen Unterst\u00fctzung f\u00fcr N\u00e4gel und Nagelhaut. Hervorragend geeignet f\u00fcr br\u00fcchige, rekonstruktionsm\u00fcde N\u00e4gel und empfindliche, ger\u00f6tete Nagelhaut. Dieses kostbare \u00d6l wirkt, indem es die Blutzirkulation und die Geweberegeneration anregt. Es sp\u00fclt ger\u00f6tete Nagelhaut aus und verhindert l\u00e4stige Schnitte. Es st\u00e4rkt den Nagel und macht ihn gl\u00e4nzend und sch\u00f6n. Auch gut f\u00fcr diejenigen, die keinen Nagellack tragen m\u00f6chten, aber den N\u00e4geln einen hellen und gesunden Effekt verleihen wollen. Es hilft, Nikotinflecken zu beseitigen und die Haut allgemein aufzuhellen.<\/span><\/p>\n<p>In der spagyrischen Oleolyte wird die Pflanze in ihrer Gesamtheit und Vollst\u00e4ndigkeit verwendet, einschlie\u00dflich ihrer Salze, die eine \u00e4u\u00dferst starke und relevante therapeutische Wirkung haben. Die spagyrische Technik erm\u00f6glicht es, \u00d6le zu gewinnen, die sowohl auf kosmetischer als auch auf heilender Ebene aktiv und vital sind. Jedes spagyrische K\u00f6rper\u00f6l ist eine wertvolle Mischung aus spagyrischen Oleolithen und \u00e4therischen \u00d6len, die von erfahrenen Kr\u00e4uterexperten sorgf\u00e4ltig zusammengestellt wurde, um ein spezifisches und wirksames Produkt f\u00fcr die Bed\u00fcrfnisse des K\u00f6rpers zu bieten<\/p>\n","protected":false},"excerpt":{"rendered":"<p><span data-sheets-value=\"{\"1\":2,\"2\":\"Con oleoliti spagirici di Lavanda, Calendula, Achillea e Iperico, olio essenziale di Limone e prezioso olio di Rosa Mosqueta. \\nLe attivit\u00e0 cicatrizzanti, antinfiammatorie e rigeneranti degli oleoliti spagirici agiscono in sinergia con le propriet\u00e0 schiarenti e rinforzanti dell'olio essenziale di Limone e dell'olio di Rosa Mosqueta rendendo questo oleolito un prezioso supporto per le unghie e cuticole. Ottimo per le unghie fragili e affaticate da ricostruzioni e per le cuticole delicate e arrossate. Questo prezioso olio agisce stimolando l'irrorazione sanguigna e la rigenerazione dei tessuti. Sfiamma le cuticole arrossate e previene i fastidiosi tagli. Rinforza l'unghia rendendola lucida e bella. Ottimo anche per chi non ama mettersi lo smalto ma vuole dare un effetto luminoso e sano all'unghia. Aiuta ad eliminare le macchie di nicotina ed a schiarire in generale la pelle.\\n\\n\\nNell'oleolito spagirico la pianta \u00e8 stata utilizzata nella sua totalit\u00e0 e completezza, ivi compresi i suoi sali che hanno un'azione terapeutica estremamente potente e rilevante. La tecnica spagirica consente di ottenere oli che hanno la caratteristica di essere attivi e vitali sia sul piano cosmetico che curativo. Ogni Oleolito Spagirico Corpo \u00e8 una preziosa miscela di Oleoliti Spagirici e Oli Essenziali studiata con cura da esperti erboristi per offrire un prodotto specifico ed efficace per le esigenze del corpo\\n\"}\" data-sheets-userformat=\"{\"2\":15297,\"3\":{\"1\":0},\"9\":0,\"10\":2,\"11\":0,\"12\":0,\"14\":{\"1\":2,\"2\":0},\"15\":\"Calibri\",\"16\":11}\">Oleolith, das hilft, Entz\u00fcndungen der ger\u00f6teten Nagelhaut zu bek\u00e4mpfen und l\u00e4stige Schnitte zu vermeiden<\/span><\/p>\n","protected":false},"featured_media":37516,"template":"","meta":{"_acf_changed":false},"product_brand":[],"product_cat":[1504],"product_tag":[1882,515,1357,1336,2116,447,462,595],"class_list":{"0":"post-52811","1":"product","2":"type-product","3":"status-publish","4":"has-post-thumbnail","6":"product_cat-nails-manikure-pedikure","7":"product_tag-johanniskraut","8":"product_tag-lavendel","9":"product_tag-nagel-de-2","10":"product_tag-nagelhaut","11":"product_tag-oleolith","12":"product_tag-ringelblume","13":"product_tag-rosamosqueta-de","14":"product_tag-schafgarbe","16":"first","17":"instock","18":"taxable","19":"shipping-taxable","20":"purchasable","21":"product-type-simple"},"acf":[],"jetpack_sharing_enabled":true,"_links":{"self":[{"href":"https:\/\/cndestetik.ch\/de\/wp-json\/wp\/v2\/product\/52811","targetHints":{"allow":["GET"]}}],"collection":[{"href":"https:\/\/cndestetik.ch\/de\/wp-json\/wp\/v2\/product"}],"about":[{"href":"https:\/\/cndestetik.ch\/de\/wp-json\/wp\/v2\/types\/product"}],"wp:featuredmedia":[{"embeddable":true,"href":"https:\/\/cndestetik.ch\/de\/wp-json\/wp\/v2\/media\/37516"}],"wp:attachment":[{"href":"https:\/\/cndestetik.ch\/de\/wp-json\/wp\/v2\/media?parent=52811"}],"wp:term":[{"taxonomy":"product_brand","embeddable":true,"href":"https:\/\/cndestetik.ch\/de\/wp-json\/wp\/v2\/product_brand?post=52811"},{"taxonomy":"product_cat","embeddable":true,"href":"https:\/\/cndestetik.ch\/de\/wp-json\/wp\/v2\/product_cat?post=52811"},{"taxonomy":"product_tag","embeddable":true,"href":"https:\/\/cndestetik.ch\/de\/wp-json\/wp\/v2\/product_tag?post=52811"}],"curies":[{"name":"wp","href":"https:\/\/api.w.org\/{rel}","templated":true}]}}