{"id":52800,"date":"2020-10-15T11:39:48","date_gmt":"2020-10-15T09:39:48","guid":{"rendered":"https:\/\/cndestetik.ch\/prodotto\/straffendes-spagyrisches-oleolith\/"},"modified":"2025-01-23T09:36:47","modified_gmt":"2025-01-23T08:36:47","slug":"oleolytisch-spagyrisch-festigend","status":"publish","type":"product","link":"https:\/\/cndestetik.ch\/de\/prodotto\/oleolytisch-spagyrisch-festigend\/","title":{"rendered":"Straffendes spagyrisches Oleolith"},"content":{"rendered":"<p><span data-sheets-value=\"{\"1\":2,\"2\":\"Con oleoliti spagirici di Rosmarino e Salvia. Stimola la circolazione periferica e l'attivit\u00e0 delle cellule cutanee. E' un tonico-rassodante dell'epidermide e del seno, riduce le rughe e le smagliature. Ridona giovinezza alla nostra pelle mantenendola elastica e vellutata. Grazie all'effetto aromaterapeutico che agisce anche sul sistema nervoso \u00e8 adatto per chi si sente spento e gi\u00f9 di tono.\\n\\nNell'oleolito spagirico la pianta \u00e8 stata utilizzata nella sua totalit\u00e0 e completezza, ivi compresi i suoi sali che hanno un'azione terapeutica estremamente potente e rilevante. La tecnica spagirica consente di ottenere oli che hanno la caratteristica di essere attivi e vitali sia sul piano cosmetico che curativo. Ogni Oleolito Spagirico Corpo \u00e8 una preziosa miscela di Oleoliti Spagirici e Oli Essenziali studiata con cura da esperti erboristi per offrire un prodotto specifico ed efficace per le esigenze del corpo\"}\" data-sheets-userformat=\"{\"2\":15297,\"3\":{\"1\":0},\"9\":0,\"10\":2,\"11\":0,\"12\":0,\"14\":{\"1\":2,\"2\":0},\"15\":\"Calibri\",\"16\":11}\">Mit spagyrischen Oleolithen von Rosmarin und Salbei. Stimuliert die periphere Durchblutung und die Aktivit\u00e4t der Hautzellen. Es ist ein St\u00e4rkungs- und Straffungsmittel f\u00fcr die Epidermis und die Br\u00fcste und reduziert Falten und Dehnungsstreifen. Es verj\u00fcngt unsere Haut und h\u00e4lt sie geschmeidig und samtig. Dank seiner aromatherapeutischen Wirkung, die auch auf das Nervensystem einwirkt, ist er f\u00fcr alle geeignet, die sich matt und niedergeschlagen f\u00fchlen.<\/span><\/p>\n<p>In der spagyrischen Oleolyte wird die Pflanze in ihrer Gesamtheit und Vollst\u00e4ndigkeit verwendet, einschlie\u00dflich ihrer Salze, die eine \u00e4u\u00dferst starke und relevante therapeutische Wirkung haben. Die spagyrische Technik erm\u00f6glicht es, \u00d6le zu gewinnen, die sowohl auf kosmetischer als auch auf heilender Ebene aktiv und vital sind. Jedes spagyrische K\u00f6rper\u00f6l ist eine wertvolle Mischung aus spagyrischen Oleolithen und \u00e4therischen \u00d6len, die von erfahrenen Kr\u00e4uterexperten sorgf\u00e4ltig zusammengestellt wurde, um ein spezifisches und wirksames Produkt f\u00fcr die Bed\u00fcrfnisse des K\u00f6rpers zu bieten<\/p>\n","protected":false},"excerpt":{"rendered":"<p>Oleolite eignet sich f\u00fcr alle, die sich matt und matt f\u00fchlen, es verj\u00fcngt die Haut und h\u00e4lt sie elastisch und samtig.<\/p>\n","protected":false},"featured_media":37591,"template":"","meta":{"_acf_changed":false},"product_brand":[],"product_cat":[12985,1495,12980,11234],"product_tag":[2116,488,499,434,4823,8964],"class_list":{"0":"post-52800","1":"product","2":"type-product","3":"status-publish","4":"has-post-thumbnail","6":"product_cat-body","7":"product_cat-kosmetik","8":"product_cat-mikrokosmos","9":"product_cat-physiotherapie-de","10":"product_tag-oleolith","11":"product_tag-rosmarin","12":"product_tag-salbei","13":"product_tag-spagyrik","14":"product_tag-spagyrische","15":"product_tag-straffend-de","16":"pa_formato-100ml-de","17":"pa_formato-500ml-de","19":"first","20":"instock","21":"taxable","22":"shipping-taxable","23":"purchasable","24":"product-type-variable","25":"has-default-attributes"},"acf":[],"jetpack_sharing_enabled":true,"_links":{"self":[{"href":"https:\/\/cndestetik.ch\/de\/wp-json\/wp\/v2\/product\/52800","targetHints":{"allow":["GET"]}}],"collection":[{"href":"https:\/\/cndestetik.ch\/de\/wp-json\/wp\/v2\/product"}],"about":[{"href":"https:\/\/cndestetik.ch\/de\/wp-json\/wp\/v2\/types\/product"}],"wp:featuredmedia":[{"embeddable":true,"href":"https:\/\/cndestetik.ch\/de\/wp-json\/wp\/v2\/media\/37591"}],"wp:attachment":[{"href":"https:\/\/cndestetik.ch\/de\/wp-json\/wp\/v2\/media?parent=52800"}],"wp:term":[{"taxonomy":"product_brand","embeddable":true,"href":"https:\/\/cndestetik.ch\/de\/wp-json\/wp\/v2\/product_brand?post=52800"},{"taxonomy":"product_cat","embeddable":true,"href":"https:\/\/cndestetik.ch\/de\/wp-json\/wp\/v2\/product_cat?post=52800"},{"taxonomy":"product_tag","embeddable":true,"href":"https:\/\/cndestetik.ch\/de\/wp-json\/wp\/v2\/product_tag?post=52800"}],"curies":[{"name":"wp","href":"https:\/\/api.w.org\/{rel}","templated":true}]}}