{"id":52784,"date":"2020-10-15T11:41:26","date_gmt":"2020-10-15T09:41:26","guid":{"rendered":"https:\/\/cndestetik.ch\/prodotto\/handcreme\/"},"modified":"2025-01-23T09:39:57","modified_gmt":"2025-01-23T08:39:57","slug":"handcreme","status":"publish","type":"product","link":"https:\/\/cndestetik.ch\/de\/prodotto\/handcreme\/","title":{"rendered":"Handcreme"},"content":{"rendered":"<p><span data-sheets-value=\"{\"1\":2,\"2\":\"Olio di germe di grano, Olio di Mandorle e Olio di Jojoba, costituiscono la base di questa emulsione.\\nUna formulazione ricca di Vitamina E per preservare al emglio la pelle.\\nNutre a fondo la cute e, arricchita di Estratto Spagirico di Calendula, \u00e8 particolarmente indicata per lenire le pelli arrossate e screpolate.\"}\" data-sheets-userformat=\"{\"2\":15297,\"3\":{\"1\":0},\"9\":0,\"10\":2,\"11\":0,\"12\":0,\"14\":{\"1\":2,\"2\":0},\"15\":\"Calibri\",\"16\":11}\">Weizenkeim\u00f6l, Mandel\u00f6l und Jojoba\u00f6l bilden die Grundlage f\u00fcr diese Emulsion.<\/span><\/p>\n<p><span data-sheets-value=\"{\"1\":2,\"2\":\"Olio di germe di grano, Olio di Mandorle e Olio di Jojoba, costituiscono la base di questa emulsione.\\nUna formulazione ricca di Vitamina E per preservare al emglio la pelle.\\nNutre a fondo la cute e, arricchita di Estratto Spagirico di Calendula, \u00e8 particolarmente indicata per lenire le pelli arrossate e screpolate.\"}\" data-sheets-userformat=\"{\"2\":15297,\"3\":{\"1\":0},\"9\":0,\"10\":2,\"11\":0,\"12\":0,\"14\":{\"1\":2,\"2\":0},\"15\":\"Calibri\",\"16\":11}\"><br \/>\nEine Formulierung, die reich an Vitamin E ist, um die Haut optimal zu sch\u00fctzen.<\/span><\/p>\n<p><span data-sheets-value=\"{\"1\":2,\"2\":\"Olio di germe di grano, Olio di Mandorle e Olio di Jojoba, costituiscono la base di questa emulsione.\\nUna formulazione ricca di Vitamina E per preservare al emglio la pelle.\\nNutre a fondo la cute e, arricchita di Estratto Spagirico di Calendula, \u00e8 particolarmente indicata per lenire le pelli arrossate e screpolate.\"}\" data-sheets-userformat=\"{\"2\":15297,\"3\":{\"1\":0},\"9\":0,\"10\":2,\"11\":0,\"12\":0,\"14\":{\"1\":2,\"2\":0},\"15\":\"Calibri\",\"16\":11}\"><br \/>\nSie n\u00e4hrt die Haut tiefenwirksam und ist mit spagyrischem Ringelblumenextrakt angereichert, der sich besonders gut zur Beruhigung ger\u00f6teter und rissiger Haut eignet.<\/span><\/p>\n","protected":false},"excerpt":{"rendered":"<p>Pflegende Handcreme, beruhigend, ausgezeichnet bei ger\u00f6teter und rissiger Haut.<\/p>\n","protected":false},"featured_media":37513,"template":"","meta":{"_acf_changed":false},"product_brand":[],"product_cat":[12985,1495,12980,9904],"product_tag":[8915,3550,455,608,447,4774],"class_list":{"0":"post-52784","1":"product","2":"type-product","3":"status-publish","4":"has-post-thumbnail","6":"product_cat-body","7":"product_cat-kosmetik","8":"product_cat-mikrokosmos","9":"product_cat-pink-bird","10":"product_tag-handcreme-de","11":"product_tag-hande","12":"product_tag-jojoba-de","13":"product_tag-mandeln","14":"product_tag-ringelblume","15":"product_tag-weizenkeim","16":"pa_formato-100ml-de","17":"pa_formato-250ml-de","19":"first","20":"instock","21":"taxable","22":"shipping-taxable","23":"purchasable","24":"product-type-variable","25":"has-default-attributes"},"acf":[],"jetpack_sharing_enabled":true,"_links":{"self":[{"href":"https:\/\/cndestetik.ch\/de\/wp-json\/wp\/v2\/product\/52784","targetHints":{"allow":["GET"]}}],"collection":[{"href":"https:\/\/cndestetik.ch\/de\/wp-json\/wp\/v2\/product"}],"about":[{"href":"https:\/\/cndestetik.ch\/de\/wp-json\/wp\/v2\/types\/product"}],"wp:featuredmedia":[{"embeddable":true,"href":"https:\/\/cndestetik.ch\/de\/wp-json\/wp\/v2\/media\/37513"}],"wp:attachment":[{"href":"https:\/\/cndestetik.ch\/de\/wp-json\/wp\/v2\/media?parent=52784"}],"wp:term":[{"taxonomy":"product_brand","embeddable":true,"href":"https:\/\/cndestetik.ch\/de\/wp-json\/wp\/v2\/product_brand?post=52784"},{"taxonomy":"product_cat","embeddable":true,"href":"https:\/\/cndestetik.ch\/de\/wp-json\/wp\/v2\/product_cat?post=52784"},{"taxonomy":"product_tag","embeddable":true,"href":"https:\/\/cndestetik.ch\/de\/wp-json\/wp\/v2\/product_tag?post=52784"}],"curies":[{"name":"wp","href":"https:\/\/api.w.org\/{rel}","templated":true}]}}