{"id":52781,"date":"2020-10-15T11:41:11","date_gmt":"2020-10-15T09:41:11","guid":{"rendered":"https:\/\/cndestetik.ch\/prodotto\/aetherisches-oel-der-bitterorange\/"},"modified":"2025-01-22T16:15:36","modified_gmt":"2025-01-22T15:15:36","slug":"ol-essenzielle-orange-bitter","status":"publish","type":"product","link":"https:\/\/cndestetik.ch\/de\/prodotto\/ol-essenzielle-orange-bitter\/","title":{"rendered":"\u00c4therisches \u00d6l der Bitterorange"},"content":{"rendered":"<p><span data-sheets-value=\"{\"1\":2,\"2\":\"Nota di Testa. La leggenda narra che gli aranci erano i magici frutti custoditi dalle Esperidi, le ninfe figlie della Notte. Il suo nome deriva da aurantina poma, cio\u00e8 \\\"pomi d'oro\\\" in quanto ricorda la forma ed il colore del sole al tramonto. E' infatti legato al sole; l'albero dell'arancio trasforma l'energia solare in cibo. L'energia solare che porta in s\u00e8 l'olio essenziale di arancio aiuta nei momenti tristi e dona calore agli ambienti rendendoli confortevoli e accoglienti. Scioglie le ansie che non siamo riusciti a rielaborare e che si ripercuotono sull'organismo. Ha un'azione armonizzante e calmante, solleva il morale e dona allegria, specialmente nelle serate invernali. Stimola le persone annoiate e aiuta a combattere la testardaggine e l'egiosmo.\\nAzioni: tonico, antibatterico-antiradicalico-antivirale-astringente-stomachico, scioglie i grassi del sebo.\\nAdatto in caso di: pelle grassa e\/o impura - pelli spente e opache - micosi cutanee - cellulite - atonia dei tessuti e adipe - adatto nel trattamento anti-age preventivo su pelli giovani. A livello aromaterapeutico nel massaggio rilassante - cuoio capelluto grasso - in diffusione per risanare l'ambiente\\n\\n\\nGli oli essenziali vengono estratti da parti specifiche di piante aromatiche dette essenziere. L'estrazione viene per lo pi\u00f9 fatta con il metodo della distillazione in corrente di vapore, ottenuta tramite appositi distillatori. Con essa si riescono a raccogliere le molecole pi\u00f9 volatili e lipofile della pianta\\n-Gli oli essenziali non vanno applicati puri sulla pelle poich\u00e9 possono provocare effetti collaterali, quali irritazioni cutanee, allergie e vere e proprie macchie sulla pelle. E' quindi necessario diluirli sempre in sostanze vettrici come oli base, creme, saponi etc.\\n-Non utilizzarli in trattamenti di donne in gravidanza. Gli O.E. di agrumi (come arancio amaro, bergamotto e limone) contengono sostanze fotosensibilizzanti, non vanno utilizzati prima dell'esposizione al sole. Tenere gli O.E. fuori dalla portata dei bambini. Per escludere eventuali reazioni allergiche, peraltro molto rare, la prima volta che utilizzate un olio essenziale fate una prova con una goccia sull'incavo del gomito. Nel giro di un minuto se non si manifesta nessuna reazione allora potrete usarlo con tranquillit\u00e0 (sempre nelle diluizioni consigliate)\\n-Noce moscata, Salvia, Rosmarino e Timo sono controindicati in caso di epilessia.\\n\"}\" data-sheets-userformat=\"{\"2\":15297,\"3\":{\"1\":0},\"9\":0,\"10\":2,\"11\":0,\"12\":0,\"14\":{\"1\":2,\"2\":0},\"15\":\"Calibri\",\"16\":11}\">Obere Note. Die Legende besagt, dass Orangenb\u00e4ume die magischen Fr\u00fcchte waren, die von den Hesperiden, den Nymphen, den T\u00f6chtern der Nacht, bewacht wurden. Sein Name leitet sich von aurantina poma ab, was so viel wie &#8220;goldene \u00c4pfel&#8221; bedeutet, da er der Form und Farbe der untergehenden Sonne \u00e4hnelt. Er hat tats\u00e4chlich einen Bezug zur Sonne; der Orangenbaum wandelt die Sonnenenergie in Nahrung um. Die Sonnenenergie, die das \u00e4therische Orangen\u00f6l mit sich bringt, hilft in traurigen Zeiten und verleiht den R\u00e4umen W\u00e4rme, so dass sie gem\u00fctlich und behaglich werden. Sie l\u00f6st \u00c4ngste auf, die wir nicht verarbeiten konnten und die den K\u00f6rper belasten. Er hat eine harmonisierende und beruhigende Wirkung, hebt die Stimmung und bringt Fr\u00f6hlichkeit, besonders an Winterabenden. <\/p>\n<p>Stimuliert gelangweilte Menschen und hilft, Sturheit und Egoismus zu bek\u00e4mpfen. Wirkungen: tonisierend, antibakteriell-antiradikal-antiviral-magenst\u00e4rkend, l\u00f6st Talgfette auf. Geeignet f\u00fcr: fettige und\/oder unreine Haut &#8211; stumpfe, glanzlose Haut &#8211; Hautmykosen &#8211; Cellulite &#8211; Gewebeatonie und Adipositas &#8211; geeignet f\u00fcr die vorbeugende Anti-Aging-Behandlung junger Haut. Aroma therapeutische in entspannende Massage &#8211; fettige Kopfhaut &#8211; in Diffusion, um die Umwelt zu heilen<\/span><\/p>\n<p>\u00c4therische \u00d6le werden aus bestimmten Teilen aromatischer Pflanzen, den so genannten Essenzen, extrahiert. Die Extraktion erfolgt meist durch Wasserdampfdestillation in speziellen Destillierger\u00e4ten. Mit ihm k\u00f6nnen die fl\u00fcchtigsten und lipophilsten Molek\u00fcle der Pflanze gesammelt werden<\/p>\n<p><span data-sheets-value=\"{\"1\":2,\"2\":\"Nota di Testa. La leggenda narra che gli aranci erano i magici frutti custoditi dalle Esperidi, le ninfe figlie della Notte. Il suo nome deriva da aurantina poma, cio\u00e8 \\\"pomi d'oro\\\" in quanto ricorda la forma ed il colore del sole al tramonto. E' infatti legato al sole; l'albero dell'arancio trasforma l'energia solare in cibo. L'energia solare che porta in s\u00e8 l'olio essenziale di arancio aiuta nei momenti tristi e dona calore agli ambienti rendendoli confortevoli e accoglienti. Scioglie le ansie che non siamo riusciti a rielaborare e che si ripercuotono sull'organismo. Ha un'azione armonizzante e calmante, solleva il morale e dona allegria, specialmente nelle serate invernali. Stimola le persone annoiate e aiuta a combattere la testardaggine e l'egiosmo.\\nAzioni: tonico, antibatterico-antiradicalico-antivirale-astringente-stomachico, scioglie i grassi del sebo.\\nAdatto in caso di: pelle grassa e\/o impura - pelli spente e opache - micosi cutanee - cellulite - atonia dei tessuti e adipe - adatto nel trattamento anti-age preventivo su pelli giovani. A livello aromaterapeutico nel massaggio rilassante - cuoio capelluto grasso - in diffusione per risanare l'ambiente\\n\\n\\nGli oli essenziali vengono estratti da parti specifiche di piante aromatiche dette essenziere. L'estrazione viene per lo pi\u00f9 fatta con il metodo della distillazione in corrente di vapore, ottenuta tramite appositi distillatori. Con essa si riescono a raccogliere le molecole pi\u00f9 volatili e lipofile della pianta\\n-Gli oli essenziali non vanno applicati puri sulla pelle poich\u00e9 possono provocare effetti collaterali, quali irritazioni cutanee, allergie e vere e proprie macchie sulla pelle. E' quindi necessario diluirli sempre in sostanze vettrici come oli base, creme, saponi etc.\\n-Non utilizzarli in trattamenti di donne in gravidanza. Gli O.E. di agrumi (come arancio amaro, bergamotto e limone) contengono sostanze fotosensibilizzanti, non vanno utilizzati prima dell'esposizione al sole. Tenere gli O.E. fuori dalla portata dei bambini. Per escludere eventuali reazioni allergiche, peraltro molto rare, la prima volta che utilizzate un olio essenziale fate una prova con una goccia sull'incavo del gomito. Nel giro di un minuto se non si manifesta nessuna reazione allora potrete usarlo con tranquillit\u00e0 (sempre nelle diluizioni consigliate)\\n-Noce moscata, Salvia, Rosmarino e Timo sono controindicati in caso di epilessia.\\n\"}\" data-sheets-userformat=\"{\"2\":15297,\"3\":{\"1\":0},\"9\":0,\"10\":2,\"11\":0,\"12\":0,\"14\":{\"1\":2,\"2\":0},\"15\":\"Calibri\",\"16\":11}\">-\u00c4therische \u00d6le sollten nicht rein auf die Haut aufgetragen werden, da sie Nebenwirkungen wie Hautreizungen, Allergien und Flecken auf der Haut verursachen k\u00f6nnen. Es ist daher immer notwendig, sie in Vektorsubstanzen wie Basis\u00f6len, Cremes, Seifen usw. zu verd\u00fcnnen.<br \/>\n<\/span><\/p>\n<p><span data-sheets-value=\"{\"1\":2,\"2\":\"Nota di Testa. La leggenda narra che gli aranci erano i magici frutti custoditi dalle Esperidi, le ninfe figlie della Notte. Il suo nome deriva da aurantina poma, cio\u00e8 \\\"pomi d'oro\\\" in quanto ricorda la forma ed il colore del sole al tramonto. E' infatti legato al sole; l'albero dell'arancio trasforma l'energia solare in cibo. L'energia solare che porta in s\u00e8 l'olio essenziale di arancio aiuta nei momenti tristi e dona calore agli ambienti rendendoli confortevoli e accoglienti. Scioglie le ansie che non siamo riusciti a rielaborare e che si ripercuotono sull'organismo. Ha un'azione armonizzante e calmante, solleva il morale e dona allegria, specialmente nelle serate invernali. Stimola le persone annoiate e aiuta a combattere la testardaggine e l'egiosmo.\\nAzioni: tonico, antibatterico-antiradicalico-antivirale-astringente-stomachico, scioglie i grassi del sebo.\\nAdatto in caso di: pelle grassa e\/o impura - pelli spente e opache - micosi cutanee - cellulite - atonia dei tessuti e adipe - adatto nel trattamento anti-age preventivo su pelli giovani. A livello aromaterapeutico nel massaggio rilassante - cuoio capelluto grasso - in diffusione per risanare l'ambiente\\n\\n\\nGli oli essenziali vengono estratti da parti specifiche di piante aromatiche dette essenziere. L'estrazione viene per lo pi\u00f9 fatta con il metodo della distillazione in corrente di vapore, ottenuta tramite appositi distillatori. Con essa si riescono a raccogliere le molecole pi\u00f9 volatili e lipofile della pianta\\n-Gli oli essenziali non vanno applicati puri sulla pelle poich\u00e9 possono provocare effetti collaterali, quali irritazioni cutanee, allergie e vere e proprie macchie sulla pelle. E' quindi necessario diluirli sempre in sostanze vettrici come oli base, creme, saponi etc.\\n-Non utilizzarli in trattamenti di donne in gravidanza. Gli O.E. di agrumi (come arancio amaro, bergamotto e limone) contengono sostanze fotosensibilizzanti, non vanno utilizzati prima dell'esposizione al sole. Tenere gli O.E. fuori dalla portata dei bambini. Per escludere eventuali reazioni allergiche, peraltro molto rare, la prima volta che utilizzate un olio essenziale fate una prova con una goccia sull'incavo del gomito. Nel giro di un minuto se non si manifesta nessuna reazione allora potrete usarlo con tranquillit\u00e0 (sempre nelle diluizioni consigliate)\\n-Noce moscata, Salvia, Rosmarino e Timo sono controindicati in caso di epilessia.\\n\"}\" data-sheets-userformat=\"{\"2\":15297,\"3\":{\"1\":0},\"9\":0,\"10\":2,\"11\":0,\"12\":0,\"14\":{\"1\":2,\"2\":0},\"15\":\"Calibri\",\"16\":11}\">-Sie d\u00fcrfen nicht bei der Behandlung von Schwangeren eingesetzt werden. Zitrus-O.E. (wie Bitterorange, Bergamotte und Zitrone) enthalten photosensibilisierende Substanzen und sollten nicht vor der Sonneneinstrahlung verwendet werden. Bewahren Sie O.E. au\u00dferhalb der Reichweite von Kindern auf. Um m\u00f6gliche allergische Reaktionen auszuschlie\u00dfen, die sehr selten sind, sollten Sie bei der ersten Anwendung eines \u00e4therischen \u00d6ls einen Tropfen auf Ihre Ellenbeuge geben. Wenn innerhalb einer Minute keine Reaktion auftritt, k\u00f6nnen Sie es sicher verwenden (immer in der empfohlenen Verd\u00fcnnung)<br \/>\n<\/span><\/p>\n<p><span data-sheets-value=\"{\"1\":2,\"2\":\"Nota di Testa. La leggenda narra che gli aranci erano i magici frutti custoditi dalle Esperidi, le ninfe figlie della Notte. Il suo nome deriva da aurantina poma, cio\u00e8 \\\"pomi d'oro\\\" in quanto ricorda la forma ed il colore del sole al tramonto. E' infatti legato al sole; l'albero dell'arancio trasforma l'energia solare in cibo. L'energia solare che porta in s\u00e8 l'olio essenziale di arancio aiuta nei momenti tristi e dona calore agli ambienti rendendoli confortevoli e accoglienti. Scioglie le ansie che non siamo riusciti a rielaborare e che si ripercuotono sull'organismo. Ha un'azione armonizzante e calmante, solleva il morale e dona allegria, specialmente nelle serate invernali. Stimola le persone annoiate e aiuta a combattere la testardaggine e l'egiosmo.\\nAzioni: tonico, antibatterico-antiradicalico-antivirale-astringente-stomachico, scioglie i grassi del sebo.\\nAdatto in caso di: pelle grassa e\/o impura - pelli spente e opache - micosi cutanee - cellulite - atonia dei tessuti e adipe - adatto nel trattamento anti-age preventivo su pelli giovani. A livello aromaterapeutico nel massaggio rilassante - cuoio capelluto grasso - in diffusione per risanare l'ambiente\\n\\n\\nGli oli essenziali vengono estratti da parti specifiche di piante aromatiche dette essenziere. L'estrazione viene per lo pi\u00f9 fatta con il metodo della distillazione in corrente di vapore, ottenuta tramite appositi distillatori. Con essa si riescono a raccogliere le molecole pi\u00f9 volatili e lipofile della pianta\\n-Gli oli essenziali non vanno applicati puri sulla pelle poich\u00e9 possono provocare effetti collaterali, quali irritazioni cutanee, allergie e vere e proprie macchie sulla pelle. E' quindi necessario diluirli sempre in sostanze vettrici come oli base, creme, saponi etc.\\n-Non utilizzarli in trattamenti di donne in gravidanza. Gli O.E. di agrumi (come arancio amaro, bergamotto e limone) contengono sostanze fotosensibilizzanti, non vanno utilizzati prima dell'esposizione al sole. Tenere gli O.E. fuori dalla portata dei bambini. Per escludere eventuali reazioni allergiche, peraltro molto rare, la prima volta che utilizzate un olio essenziale fate una prova con una goccia sull'incavo del gomito. Nel giro di un minuto se non si manifesta nessuna reazione allora potrete usarlo con tranquillit\u00e0 (sempre nelle diluizioni consigliate)\\n-Noce moscata, Salvia, Rosmarino e Timo sono controindicati in caso di epilessia.\\n\"}\" data-sheets-userformat=\"{\"2\":15297,\"3\":{\"1\":0},\"9\":0,\"10\":2,\"11\":0,\"12\":0,\"14\":{\"1\":2,\"2\":0},\"15\":\"Calibri\",\"16\":11}\">-Muskatnuss, Salbei, Rosmarin und Thymian sind bei Epilepsie kontraindiziert.<br \/>\n<\/span><\/p>\n","protected":false},"excerpt":{"rendered":"<p>Das \u00e4therische \u00d6l der Bitterorange ist in zwei Gr\u00f6\u00dfen erh\u00e4ltlich, 10 oder 30 ml.<\/p>\n","protected":false},"featured_media":37525,"template":"","meta":{"_acf_changed":false},"product_brand":[],"product_cat":[2314,12980],"product_tag":[9624,9122,4260,409,3976,2192,4261,9121,9615,9625,2319,4265],"class_list":{"0":"post-52781","1":"product","2":"type-product","3":"status-publish","4":"has-post-thumbnail","6":"product_cat-essenzen","7":"product_cat-mikrokosmos","8":"product_tag-antibakteriell-de","9":"product_tag-bitter","10":"product_tag-essenz","11":"product_tag-essenzen","12":"product_tag-fettige-haut","13":"product_tag-ol-de","14":"product_tag-ole","15":"product_tag-orange-de-3","16":"product_tag-tonic","17":"product_tag-unreine-haut","18":"product_tag-wesentlich","19":"product_tag-wesentliches","20":"pa_formato-10ml-de","21":"pa_formato-30ml-de","23":"first","24":"instock","25":"taxable","26":"shipping-taxable","27":"purchasable","28":"product-type-variable","29":"has-default-attributes"},"acf":[],"jetpack_sharing_enabled":true,"_links":{"self":[{"href":"https:\/\/cndestetik.ch\/de\/wp-json\/wp\/v2\/product\/52781","targetHints":{"allow":["GET"]}}],"collection":[{"href":"https:\/\/cndestetik.ch\/de\/wp-json\/wp\/v2\/product"}],"about":[{"href":"https:\/\/cndestetik.ch\/de\/wp-json\/wp\/v2\/types\/product"}],"wp:featuredmedia":[{"embeddable":true,"href":"https:\/\/cndestetik.ch\/de\/wp-json\/wp\/v2\/media\/37525"}],"wp:attachment":[{"href":"https:\/\/cndestetik.ch\/de\/wp-json\/wp\/v2\/media?parent=52781"}],"wp:term":[{"taxonomy":"product_brand","embeddable":true,"href":"https:\/\/cndestetik.ch\/de\/wp-json\/wp\/v2\/product_brand?post=52781"},{"taxonomy":"product_cat","embeddable":true,"href":"https:\/\/cndestetik.ch\/de\/wp-json\/wp\/v2\/product_cat?post=52781"},{"taxonomy":"product_tag","embeddable":true,"href":"https:\/\/cndestetik.ch\/de\/wp-json\/wp\/v2\/product_tag?post=52781"}],"curies":[{"name":"wp","href":"https:\/\/api.w.org\/{rel}","templated":true}]}}