{"id":52777,"date":"2020-10-15T11:41:31","date_gmt":"2020-10-15T09:41:31","guid":{"rendered":"https:\/\/cndestetik.ch\/prodotto\/mildes-badeshampoo\/"},"modified":"2022-11-15T17:03:15","modified_gmt":"2022-11-15T16:03:15","slug":"shampoo-delikatessbad","status":"publish","type":"product","link":"https:\/\/cndestetik.ch\/de\/prodotto\/shampoo-delikatessbad\/","title":{"rendered":"Mildes Badeshampoo"},"content":{"rendered":"<p><span data-sheets-value=\"{\"1\":2,\"2\":\"Adatto a shampoo o bagnetto dei pi\u00f9 piccoli, oppure per pelli e cute delicate.\\n\\nIl suo profumo avvolgente e la sua delicatezza lo rendono il pi\u00f9 valido alleato per le pelli pi\u00f9 sensibili.\\n\\nIngredienti 100% Organici e Naturali\\nVegan\\nCruelty Free\"}\" data-sheets-userformat=\"{\"2\":15297,\"3\":{\"1\":0},\"9\":0,\"10\":2,\"11\":0,\"12\":0,\"14\":{\"1\":2,\"2\":0},\"15\":\"Calibri\",\"16\":11}\">Shampoo f\u00fcr das Baden von Babys oder f\u00fcr empfindliche Haut und Haut.<\/span><\/p>\n<p>Ihr umh\u00fcllender Duft und ihre Sanftheit machen sie zum wertvollsten Verb\u00fcndeten f\u00fcr die empfindlichste Haut.<\/p>\n<p>100% biologische und nat\u00fcrliche Inhaltsstoffe<br \/>\nVegan<br \/>\nGrausamkeitsfrei<\/p>\n","protected":false},"excerpt":{"rendered":"<p>Shampoo geeignet f\u00fcr Kinder, sondern auch f\u00fcr empfindliche Haut und Haut.<\/p>\n","protected":false},"featured_media":36744,"template":"","meta":{"_acf_changed":false},"product_brand":[],"product_cat":[1895],"product_tag":[4408,8919,447,599,434,9116],"class_list":{"0":"post-52777","1":"product","2":"type-product","3":"status-publish","4":"has-post-thumbnail","6":"product_cat-kinder","7":"product_tag-kinder","8":"product_tag-kinder-de","9":"product_tag-ringelblume","10":"product_tag-shampoo-de","11":"product_tag-spagyrik","12":"product_tag-zarte-de","14":"first","15":"instock","16":"taxable","17":"shipping-taxable","18":"purchasable","19":"product-type-simple"},"acf":[],"jetpack_sharing_enabled":true,"_links":{"self":[{"href":"https:\/\/cndestetik.ch\/de\/wp-json\/wp\/v2\/product\/52777","targetHints":{"allow":["GET"]}}],"collection":[{"href":"https:\/\/cndestetik.ch\/de\/wp-json\/wp\/v2\/product"}],"about":[{"href":"https:\/\/cndestetik.ch\/de\/wp-json\/wp\/v2\/types\/product"}],"wp:featuredmedia":[{"embeddable":true,"href":"https:\/\/cndestetik.ch\/de\/wp-json\/wp\/v2\/media\/36744"}],"wp:attachment":[{"href":"https:\/\/cndestetik.ch\/de\/wp-json\/wp\/v2\/media?parent=52777"}],"wp:term":[{"taxonomy":"product_brand","embeddable":true,"href":"https:\/\/cndestetik.ch\/de\/wp-json\/wp\/v2\/product_brand?post=52777"},{"taxonomy":"product_cat","embeddable":true,"href":"https:\/\/cndestetik.ch\/de\/wp-json\/wp\/v2\/product_cat?post=52777"},{"taxonomy":"product_tag","embeddable":true,"href":"https:\/\/cndestetik.ch\/de\/wp-json\/wp\/v2\/product_tag?post=52777"}],"curies":[{"name":"wp","href":"https:\/\/api.w.org\/{rel}","templated":true}]}}