{"id":52773,"date":"2020-10-15T11:41:56","date_gmt":"2020-10-15T09:41:56","guid":{"rendered":"https:\/\/cndestetik.ch\/prodotto\/wohltuend-beruhigendes-wasser\/"},"modified":"2022-11-15T17:03:11","modified_gmt":"2022-11-15T16:03:11","slug":"wohltuend-beruhigendes-wasser","status":"publish","type":"product","link":"https:\/\/cndestetik.ch\/de\/prodotto\/wohltuend-beruhigendes-wasser\/","title":{"rendered":"Wohltuend beruhigendes Wasser"},"content":{"rendered":"<p><span data-sheets-value=\"{\"1\":2,\"2\":\"Dona idratazione e freschezza. E' rilassante e calma il prurito della pelle.\\n\\nE' molto semplice da utilizzare, \u00e8 sufficente vaporizzarla direttamente sulla pelle.\\n\\nNon contenendo alcool pu\u00f2 essere vaporizzata anche sul viso, non brucer\u00e0 a contatto con gli occhi.\\n\\nVaporizzala sempre prima di passare un olio o una crema, darai ancora pi\u00f9 idratazione!\\n\\n\\nDurante il processo di distillazione in corrente di vapore delle piante fresche, raccolte nel loro momento balsamico, si ottengono oltre agli oli essenziali, anche gli idrolati, ovvero le acque aromatiche che rimangono impregnate di olio essenziale e di altri principi potenziati.\\nGli idrolati Microcosmo sono semplici e puri, una valida alternativa agli estratti in alcool e agli oli essenziali, che non avendo le stesse controindicazioni, possono essere usati direttamenti sulla pelle, per rinfrescare tonificare e rimuovere impurit\u00e0.\"}\" data-sheets-userformat=\"{\"2\":15297,\"3\":{\"1\":0},\"9\":0,\"10\":2,\"11\":0,\"12\":0,\"14\":{\"1\":2,\"2\":0},\"15\":\"Calibri\",\"16\":11}\">Spendet Feuchtigkeit und Frische. Es wirkt entspannend und beruhigt juckende Haut.<\/span><\/p>\n<p>Die Anwendung ist sehr einfach: Spr\u00fchen Sie es einfach direkt auf die Haut.<\/p>\n<p>Da es keinen Alkohol enth\u00e4lt, kann es auch auf das Gesicht gespr\u00fcht werden und brennt bei Kontakt mit den Augen nicht.<\/p>\n<p>Spr\u00fchen Sie es immer auf, bevor Sie ein \u00d6l oder eine Creme auftragen, es spendet noch mehr Feuchtigkeit!<\/p>\n<p>Bei der Wasserdampfdestillation der frischen Pflanzen, die zum Zeitpunkt ihrer Balsamierung geerntet werden, werden nicht nur \u00e4therische \u00d6le, sondern auch Hydrolate gewonnen, d. h. aromatische W\u00e4sser, die mit \u00e4therischem \u00d6l und anderen verbesserten Wirkstoffen impr\u00e4gniert bleiben.<br \/>\nDie Hydrolate von Microcosmo sind einfach und rein, eine gute Alternative zu Alkoholextrakten und \u00e4therischen \u00d6len, die nicht die gleichen Gegenanzeigen haben und direkt auf der Haut angewendet werden k\u00f6nnen, um den Tonus aufzufrischen und Unreinheiten zu entfernen.<\/p>\n<p>Gr\u00f6\u00dfe: 100ml<\/p>\n","protected":false},"excerpt":{"rendered":"<p>Beruhigendes Wasser, n\u00fctzlich zur Beruhigung juckender Haut. Kann auch auf das Gesicht aufgetragen werden.<\/p>\n","protected":false},"featured_media":36741,"template":"","meta":{"_acf_changed":false},"product_brand":[],"product_cat":[1895],"product_tag":[4126,4185,3649,757,3572,434,4173],"class_list":{"0":"post-52773","1":"product","2":"type-product","3":"status-publish","4":"has-post-thumbnail","6":"product_cat-kinder","7":"product_tag-beruhigend-de","8":"product_tag-beruhigend-de-3","9":"product_tag-entspannend","10":"product_tag-gesicht","11":"product_tag-prurito-de","12":"product_tag-spagyrik","13":"product_tag-wasser","15":"first","16":"instock","17":"taxable","18":"shipping-taxable","19":"purchasable","20":"product-type-simple"},"acf":[],"jetpack_sharing_enabled":true,"_links":{"self":[{"href":"https:\/\/cndestetik.ch\/de\/wp-json\/wp\/v2\/product\/52773","targetHints":{"allow":["GET"]}}],"collection":[{"href":"https:\/\/cndestetik.ch\/de\/wp-json\/wp\/v2\/product"}],"about":[{"href":"https:\/\/cndestetik.ch\/de\/wp-json\/wp\/v2\/types\/product"}],"wp:featuredmedia":[{"embeddable":true,"href":"https:\/\/cndestetik.ch\/de\/wp-json\/wp\/v2\/media\/36741"}],"wp:attachment":[{"href":"https:\/\/cndestetik.ch\/de\/wp-json\/wp\/v2\/media?parent=52773"}],"wp:term":[{"taxonomy":"product_brand","embeddable":true,"href":"https:\/\/cndestetik.ch\/de\/wp-json\/wp\/v2\/product_brand?post=52773"},{"taxonomy":"product_cat","embeddable":true,"href":"https:\/\/cndestetik.ch\/de\/wp-json\/wp\/v2\/product_cat?post=52773"},{"taxonomy":"product_tag","embeddable":true,"href":"https:\/\/cndestetik.ch\/de\/wp-json\/wp\/v2\/product_tag?post=52773"}],"curies":[{"name":"wp","href":"https:\/\/api.w.org\/{rel}","templated":true}]}}