{"id":52764,"date":"2020-10-15T11:41:46","date_gmt":"2020-10-15T09:41:46","guid":{"rendered":"https:\/\/cndestetik.ch\/prodotto\/beruhigendes-spagyrisches-oleolyt\/"},"modified":"2022-11-15T17:03:12","modified_gmt":"2022-11-15T16:03:12","slug":"oleolytisch-spagyrisch-beruhigend","status":"publish","type":"product","link":"https:\/\/cndestetik.ch\/de\/prodotto\/oleolytisch-spagyrisch-beruhigend\/","title":{"rendered":"Beruhigendes spagyrisches Oleolyt"},"content":{"rendered":"<p><span data-sheets-value=\"{\"1\":2,\"2\":\"Ottimo quotidianamente durante il cambio del pannolino, lenisce ed evita gli arrossamenti.\\n\\nMolto utile anche in caso di irritazioni cutanee, sfoghi, pruriti; lo puoi utilizzare in combinazione con l'olio di mandorla oppure anche da solo.\\n\\nIngredienti 100% Organici e Naturali\\nVegan\\nCruelty Free\"}\" data-sheets-userformat=\"{\"2\":15297,\"3\":{\"1\":0},\"9\":0,\"10\":2,\"11\":0,\"12\":0,\"14\":{\"1\":2,\"2\":0},\"15\":\"Calibri\",\"16\":11}\">Hervorragend geeignet f\u00fcr den t\u00e4glichen Windelwechsel, beruhigt und beugt R\u00f6tungen vor.<\/span><\/p>\n<p>Es ist auch sehr n\u00fctzlich bei Hautreizungen, Ausschl\u00e4gen und Juckreiz; Sie k\u00f6nnen es in Kombination mit Mandel\u00f6l oder auch allein verwenden.<\/p>\n<p><span data-sheets-value=\"{\"1\":2,\"2\":\"Ottimo quotidianamente durante il cambio del pannolino, lenisce ed evita gli arrossamenti.\\n\\nMolto utile anche in caso di irritazioni cutanee, sfoghi, pruriti; lo puoi utilizzare in combinazione con l'olio di mandorla oppure anche da solo.\\n\\nIngredienti 100% Organici e Naturali\\nVegan\\nCruelty Free\"}\" data-sheets-userformat=\"{\"2\":15297,\"3\":{\"1\":0},\"9\":0,\"10\":2,\"11\":0,\"12\":0,\"14\":{\"1\":2,\"2\":0},\"15\":\"Calibri\",\"16\":11}\">Gr\u00f6\u00dfe: 50ml<\/span><\/p>\n<p>100% biologische und nat\u00fcrliche Inhaltsstoffe<br \/>\nVegan<br \/>\nGrausamkeitsfrei<\/p>\n","protected":false},"excerpt":{"rendered":"<p>Beruhigendes, \u00f6liges \u00d6l, das Hautr\u00f6tungen und -reizungen vorbeugt.<\/p>\n","protected":false},"featured_media":36738,"template":"","meta":{"_acf_changed":false},"product_brand":[],"product_cat":[1895,9904],"product_tag":[9104,569,9106,8919,4408,3572,9103,434,9108],"class_list":{"0":"post-52764","1":"product","2":"type-product","3":"status-publish","4":"has-post-thumbnail","6":"product_cat-kinder","7":"product_cat-pink-bird","8":"product_tag-ausbruche","9":"product_tag-beruhigend","10":"product_tag-juckt","11":"product_tag-kinder-de","12":"product_tag-kinder","13":"product_tag-prurito-de","14":"product_tag-rotung-de-2","15":"product_tag-spagyrik","16":"product_tag-windel","18":"first","19":"instock","20":"taxable","21":"shipping-taxable","22":"purchasable","23":"product-type-simple"},"acf":[],"jetpack_sharing_enabled":true,"_links":{"self":[{"href":"https:\/\/cndestetik.ch\/de\/wp-json\/wp\/v2\/product\/52764","targetHints":{"allow":["GET"]}}],"collection":[{"href":"https:\/\/cndestetik.ch\/de\/wp-json\/wp\/v2\/product"}],"about":[{"href":"https:\/\/cndestetik.ch\/de\/wp-json\/wp\/v2\/types\/product"}],"wp:featuredmedia":[{"embeddable":true,"href":"https:\/\/cndestetik.ch\/de\/wp-json\/wp\/v2\/media\/36738"}],"wp:attachment":[{"href":"https:\/\/cndestetik.ch\/de\/wp-json\/wp\/v2\/media?parent=52764"}],"wp:term":[{"taxonomy":"product_brand","embeddable":true,"href":"https:\/\/cndestetik.ch\/de\/wp-json\/wp\/v2\/product_brand?post=52764"},{"taxonomy":"product_cat","embeddable":true,"href":"https:\/\/cndestetik.ch\/de\/wp-json\/wp\/v2\/product_cat?post=52764"},{"taxonomy":"product_tag","embeddable":true,"href":"https:\/\/cndestetik.ch\/de\/wp-json\/wp\/v2\/product_tag?post=52764"}],"curies":[{"name":"wp","href":"https:\/\/api.w.org\/{rel}","templated":true}]}}