{"id":52758,"date":"2020-10-15T11:41:53","date_gmt":"2020-10-15T09:41:53","guid":{"rendered":"https:\/\/cndestetik.ch\/prodotto\/shea-butter\/"},"modified":"2025-01-23T09:39:53","modified_gmt":"2025-01-23T08:39:53","slug":"butter-aus-karit","status":"publish","type":"product","link":"https:\/\/cndestetik.ch\/de\/prodotto\/butter-aus-karit\/","title":{"rendered":"Shea-Butter"},"content":{"rendered":"<p><span data-sheets-value=\"{\"1\":2,\"2\":\"\\nIl Karit\u00e8 \u00e8 un albero dell'Africa centrale. Ha fiori profumati e il suo frutto carnoso, simile ad una prugna, racchiude un nocciolo dal quale si ricava il prezioso burro che possiede propriet\u00e0 rigeneranti straordinarie. Le donne dei paesi tropicali, note per la loro pelle vellutata lo usano come protettivo contro l'azione del sole, del vento e della salsedine inoltre per nutrire, rigenerare e ammorbidire la pelle. L'impiego del burro di Karit\u00e8 nella moderna dermatologia e cosmetica \u00e8 importante per le sue propriet\u00e0: cicatrizzanti, emollienti, antismagliature, antirughe, elasticizzanti, idratanti, antiossidanti, lenitive, riepitelizzanti, filmogene e protettive. Da usare in presenza di pelli secche, arrossate; capelli sfibrati e secchi; callosit\u00e0, ragadi, tagli alle mani e ai piedi; sul culetto dei bimbi arrossato e crosta lattea.\\nCome usare il burro di Karit\u00e8:\\n- Secchezza cutanea, dermatiti, eritemi, irritazioni ed arrossamenti in quanto \u00e8 ricco di molecole antinfiammatorie e contiene un'alta % di vitamine A, B, E, F (impacco e applicazione)\\n-Maschera viso nutriente per la pelle secca e rovinata grazie al suo alto potere nutritivo, idratante ed elasticizzante a livello cutaneo\\n-Su mani e piedi al posto della crema a fine mani\/pedicure (meglio durante l'inverno) o come impacco per le pelli pi\u00f9 secche o rovinate che tendono a tagliarsi\\n-Massaggio caldo nutriente e antinfiammatorio per la cute di tutto il corpo (da evitare durante l'estate)\\n-Vettore per altri estratti Pelle delicata dei bimbi sia viso che corpo per le irritazioni da pannolino.\\n\\nE' ottimo anche per: capelli prima dell'esposizione al sole, vento, salsedine, freddo e smog. Sui capelli spessi, sottili, sfibrati, crespi o con doppie punte. Sulle punte dei capelli crespi e spessi.\\nPer attivare il supporto dello screen reader, premi Ctrl+Alt+Z Per informazioni sulle scorciatoie da tastiera, premi Ctrl+barra\\n\"}\" data-sheets-userformat=\"{\"2\":15297,\"3\":{\"1\":0},\"9\":0,\"10\":2,\"11\":0,\"12\":0,\"14\":{\"1\":2,\"2\":0},\"15\":\"Calibri\",\"16\":11}\"><br \/>\nShea ist ein Baum aus Zentralafrika. Sie hat duftende Bl\u00fcten und ihre fleischige, pflaumenartige Frucht umschlie\u00dft einen Stein, aus dem die kostbare Butter mit au\u00dfergew\u00f6hnlichen regenerativen Eigenschaften gewonnen wird. Frauen aus tropischen L\u00e4ndern, die f\u00fcr ihre samtige Haut bekannt sind, verwenden es zum Schutz vor Sonne, Wind und Salz, aber auch um die Haut zu n\u00e4hren, zu regenerieren und weich zu machen. Die Verwendung von Sheabutter in der modernen Dermatologie und Kosmetik ist aufgrund ihrer heilenden, lindernden, dehnungshemmenden, faltenverhindernden, elastifizierenden, feuchtigkeitsspendenden, antioxidativen, beruhigenden, reepithelialen, filmbildenden und sch\u00fctzenden Eigenschaften wichtig.<br \/>\nF\u00fcr trockene, ger\u00f6tete Haut, spr\u00f6des, trockenes Haar, Schwielen, Risse, Schnitte an H\u00e4nden und F\u00fc\u00dfen, ger\u00f6tete Babypopos und Milchkrusten. Anwendung von Sheabutter:<br \/>\n<\/span><\/p>\n<p><span data-sheets-value=\"{\"1\":2,\"2\":\"\\nIl Karit\u00e8 \u00e8 un albero dell'Africa centrale. Ha fiori profumati e il suo frutto carnoso, simile ad una prugna, racchiude un nocciolo dal quale si ricava il prezioso burro che possiede propriet\u00e0 rigeneranti straordinarie. Le donne dei paesi tropicali, note per la loro pelle vellutata lo usano come protettivo contro l'azione del sole, del vento e della salsedine inoltre per nutrire, rigenerare e ammorbidire la pelle. L'impiego del burro di Karit\u00e8 nella moderna dermatologia e cosmetica \u00e8 importante per le sue propriet\u00e0: cicatrizzanti, emollienti, antismagliature, antirughe, elasticizzanti, idratanti, antiossidanti, lenitive, riepitelizzanti, filmogene e protettive. Da usare in presenza di pelli secche, arrossate; capelli sfibrati e secchi; callosit\u00e0, ragadi, tagli alle mani e ai piedi; sul culetto dei bimbi arrossato e crosta lattea.\\nCome usare il burro di Karit\u00e8:\\n- Secchezza cutanea, dermatiti, eritemi, irritazioni ed arrossamenti in quanto \u00e8 ricco di molecole antinfiammatorie e contiene un'alta % di vitamine A, B, E, F (impacco e applicazione)\\n-Maschera viso nutriente per la pelle secca e rovinata grazie al suo alto potere nutritivo, idratante ed elasticizzante a livello cutaneo\\n-Su mani e piedi al posto della crema a fine mani\/pedicure (meglio durante l'inverno) o come impacco per le pelli pi\u00f9 secche o rovinate che tendono a tagliarsi\\n-Massaggio caldo nutriente e antinfiammatorio per la cute di tutto il corpo (da evitare durante l'estate)\\n-Vettore per altri estratti Pelle delicata dei bimbi sia viso che corpo per le irritazioni da pannolino.\\n\\nE' ottimo anche per: capelli prima dell'esposizione al sole, vento, salsedine, freddo e smog. Sui capelli spessi, sottili, sfibrati, crespi o con doppie punte. Sulle punte dei capelli crespi e spessi.\\nPer attivare il supporto dello screen reader, premi Ctrl+Alt+Z Per informazioni sulle scorciatoie da tastiera, premi Ctrl+barra\\n\"}\" data-sheets-userformat=\"{\"2\":15297,\"3\":{\"1\":0},\"9\":0,\"10\":2,\"11\":0,\"12\":0,\"14\":{\"1\":2,\"2\":0},\"15\":\"Calibri\",\"16\":11}\">&#8211; Hauttrockenheit, Dermatitis, Erytheme, Reizungen und R\u00f6tungen, da es reich an entz\u00fcndungshemmenden Molek\u00fclen ist und einen hohen Anteil an den Vitaminen A, B, E, F enth\u00e4lt (Verpackung und Anwendung)<br \/>\n<\/span><\/p>\n<p><span data-sheets-value=\"{\"1\":2,\"2\":\"\\nIl Karit\u00e8 \u00e8 un albero dell'Africa centrale. Ha fiori profumati e il suo frutto carnoso, simile ad una prugna, racchiude un nocciolo dal quale si ricava il prezioso burro che possiede propriet\u00e0 rigeneranti straordinarie. Le donne dei paesi tropicali, note per la loro pelle vellutata lo usano come protettivo contro l'azione del sole, del vento e della salsedine inoltre per nutrire, rigenerare e ammorbidire la pelle. L'impiego del burro di Karit\u00e8 nella moderna dermatologia e cosmetica \u00e8 importante per le sue propriet\u00e0: cicatrizzanti, emollienti, antismagliature, antirughe, elasticizzanti, idratanti, antiossidanti, lenitive, riepitelizzanti, filmogene e protettive. Da usare in presenza di pelli secche, arrossate; capelli sfibrati e secchi; callosit\u00e0, ragadi, tagli alle mani e ai piedi; sul culetto dei bimbi arrossato e crosta lattea.\\nCome usare il burro di Karit\u00e8:\\n- Secchezza cutanea, dermatiti, eritemi, irritazioni ed arrossamenti in quanto \u00e8 ricco di molecole antinfiammatorie e contiene un'alta % di vitamine A, B, E, F (impacco e applicazione)\\n-Maschera viso nutriente per la pelle secca e rovinata grazie al suo alto potere nutritivo, idratante ed elasticizzante a livello cutaneo\\n-Su mani e piedi al posto della crema a fine mani\/pedicure (meglio durante l'inverno) o come impacco per le pelli pi\u00f9 secche o rovinate che tendono a tagliarsi\\n-Massaggio caldo nutriente e antinfiammatorio per la cute di tutto il corpo (da evitare durante l'estate)\\n-Vettore per altri estratti Pelle delicata dei bimbi sia viso che corpo per le irritazioni da pannolino.\\n\\nE' ottimo anche per: capelli prima dell'esposizione al sole, vento, salsedine, freddo e smog. Sui capelli spessi, sottili, sfibrati, crespi o con doppie punte. Sulle punte dei capelli crespi e spessi.\\nPer attivare il supporto dello screen reader, premi Ctrl+Alt+Z Per informazioni sulle scorciatoie da tastiera, premi Ctrl+barra\\n\"}\" data-sheets-userformat=\"{\"2\":15297,\"3\":{\"1\":0},\"9\":0,\"10\":2,\"11\":0,\"12\":0,\"14\":{\"1\":2,\"2\":0},\"15\":\"Calibri\",\"16\":11}\">-Pflegende Gesichtsmaske f\u00fcr trockene und gesch\u00e4digte Haut dank ihrer hohen n\u00e4hrenden, feuchtigkeitsspendenden und hautelastizierenden Wirkung<br \/>\n<\/span><\/p>\n<p><span data-sheets-value=\"{\"1\":2,\"2\":\"\\nIl Karit\u00e8 \u00e8 un albero dell'Africa centrale. Ha fiori profumati e il suo frutto carnoso, simile ad una prugna, racchiude un nocciolo dal quale si ricava il prezioso burro che possiede propriet\u00e0 rigeneranti straordinarie. Le donne dei paesi tropicali, note per la loro pelle vellutata lo usano come protettivo contro l'azione del sole, del vento e della salsedine inoltre per nutrire, rigenerare e ammorbidire la pelle. L'impiego del burro di Karit\u00e8 nella moderna dermatologia e cosmetica \u00e8 importante per le sue propriet\u00e0: cicatrizzanti, emollienti, antismagliature, antirughe, elasticizzanti, idratanti, antiossidanti, lenitive, riepitelizzanti, filmogene e protettive. Da usare in presenza di pelli secche, arrossate; capelli sfibrati e secchi; callosit\u00e0, ragadi, tagli alle mani e ai piedi; sul culetto dei bimbi arrossato e crosta lattea.\\nCome usare il burro di Karit\u00e8:\\n- Secchezza cutanea, dermatiti, eritemi, irritazioni ed arrossamenti in quanto \u00e8 ricco di molecole antinfiammatorie e contiene un'alta % di vitamine A, B, E, F (impacco e applicazione)\\n-Maschera viso nutriente per la pelle secca e rovinata grazie al suo alto potere nutritivo, idratante ed elasticizzante a livello cutaneo\\n-Su mani e piedi al posto della crema a fine mani\/pedicure (meglio durante l'inverno) o come impacco per le pelli pi\u00f9 secche o rovinate che tendono a tagliarsi\\n-Massaggio caldo nutriente e antinfiammatorio per la cute di tutto il corpo (da evitare durante l'estate)\\n-Vettore per altri estratti Pelle delicata dei bimbi sia viso che corpo per le irritazioni da pannolino.\\n\\nE' ottimo anche per: capelli prima dell'esposizione al sole, vento, salsedine, freddo e smog. Sui capelli spessi, sottili, sfibrati, crespi o con doppie punte. Sulle punte dei capelli crespi e spessi.\\nPer attivare il supporto dello screen reader, premi Ctrl+Alt+Z Per informazioni sulle scorciatoie da tastiera, premi Ctrl+barra\\n\"}\" data-sheets-userformat=\"{\"2\":15297,\"3\":{\"1\":0},\"9\":0,\"10\":2,\"11\":0,\"12\":0,\"14\":{\"1\":2,\"2\":0},\"15\":\"Calibri\",\"16\":11}\">Auf H\u00e4nden und F\u00fc\u00dfen anstelle von Creme am Ende einer Hand-\/Pedik\u00fcre (am besten im Winter) oder als Kompresse bei trockener oder besch\u00e4digter Haut, die zum Einschneiden neigt<br \/>\n<\/span><\/p>\n<p><span data-sheets-value=\"{\"1\":2,\"2\":\"\\nIl Karit\u00e8 \u00e8 un albero dell'Africa centrale. Ha fiori profumati e il suo frutto carnoso, simile ad una prugna, racchiude un nocciolo dal quale si ricava il prezioso burro che possiede propriet\u00e0 rigeneranti straordinarie. Le donne dei paesi tropicali, note per la loro pelle vellutata lo usano come protettivo contro l'azione del sole, del vento e della salsedine inoltre per nutrire, rigenerare e ammorbidire la pelle. L'impiego del burro di Karit\u00e8 nella moderna dermatologia e cosmetica \u00e8 importante per le sue propriet\u00e0: cicatrizzanti, emollienti, antismagliature, antirughe, elasticizzanti, idratanti, antiossidanti, lenitive, riepitelizzanti, filmogene e protettive. Da usare in presenza di pelli secche, arrossate; capelli sfibrati e secchi; callosit\u00e0, ragadi, tagli alle mani e ai piedi; sul culetto dei bimbi arrossato e crosta lattea.\\nCome usare il burro di Karit\u00e8:\\n- Secchezza cutanea, dermatiti, eritemi, irritazioni ed arrossamenti in quanto \u00e8 ricco di molecole antinfiammatorie e contiene un'alta % di vitamine A, B, E, F (impacco e applicazione)\\n-Maschera viso nutriente per la pelle secca e rovinata grazie al suo alto potere nutritivo, idratante ed elasticizzante a livello cutaneo\\n-Su mani e piedi al posto della crema a fine mani\/pedicure (meglio durante l'inverno) o come impacco per le pelli pi\u00f9 secche o rovinate che tendono a tagliarsi\\n-Massaggio caldo nutriente e antinfiammatorio per la cute di tutto il corpo (da evitare durante l'estate)\\n-Vettore per altri estratti Pelle delicata dei bimbi sia viso che corpo per le irritazioni da pannolino.\\n\\nE' ottimo anche per: capelli prima dell'esposizione al sole, vento, salsedine, freddo e smog. Sui capelli spessi, sottili, sfibrati, crespi o con doppie punte. Sulle punte dei capelli crespi e spessi.\\nPer attivare il supporto dello screen reader, premi Ctrl+Alt+Z Per informazioni sulle scorciatoie da tastiera, premi Ctrl+barra\\n\"}\" data-sheets-userformat=\"{\"2\":15297,\"3\":{\"1\":0},\"9\":0,\"10\":2,\"11\":0,\"12\":0,\"14\":{\"1\":2,\"2\":0},\"15\":\"Calibri\",\"16\":11}\">-Warme, n\u00e4hrende und entz\u00fcndungshemmende Massage f\u00fcr die Haut des gesamten K\u00f6rpers (im Sommer zu vermeiden)<br \/>\n<\/span><\/p>\n<p><span data-sheets-value=\"{\"1\":2,\"2\":\"\\nIl Karit\u00e8 \u00e8 un albero dell'Africa centrale. Ha fiori profumati e il suo frutto carnoso, simile ad una prugna, racchiude un nocciolo dal quale si ricava il prezioso burro che possiede propriet\u00e0 rigeneranti straordinarie. Le donne dei paesi tropicali, note per la loro pelle vellutata lo usano come protettivo contro l'azione del sole, del vento e della salsedine inoltre per nutrire, rigenerare e ammorbidire la pelle. L'impiego del burro di Karit\u00e8 nella moderna dermatologia e cosmetica \u00e8 importante per le sue propriet\u00e0: cicatrizzanti, emollienti, antismagliature, antirughe, elasticizzanti, idratanti, antiossidanti, lenitive, riepitelizzanti, filmogene e protettive. Da usare in presenza di pelli secche, arrossate; capelli sfibrati e secchi; callosit\u00e0, ragadi, tagli alle mani e ai piedi; sul culetto dei bimbi arrossato e crosta lattea.\\nCome usare il burro di Karit\u00e8:\\n- Secchezza cutanea, dermatiti, eritemi, irritazioni ed arrossamenti in quanto \u00e8 ricco di molecole antinfiammatorie e contiene un'alta % di vitamine A, B, E, F (impacco e applicazione)\\n-Maschera viso nutriente per la pelle secca e rovinata grazie al suo alto potere nutritivo, idratante ed elasticizzante a livello cutaneo\\n-Su mani e piedi al posto della crema a fine mani\/pedicure (meglio durante l'inverno) o come impacco per le pelli pi\u00f9 secche o rovinate che tendono a tagliarsi\\n-Massaggio caldo nutriente e antinfiammatorio per la cute di tutto il corpo (da evitare durante l'estate)\\n-Vettore per altri estratti Pelle delicata dei bimbi sia viso che corpo per le irritazioni da pannolino.\\n\\nE' ottimo anche per: capelli prima dell'esposizione al sole, vento, salsedine, freddo e smog. Sui capelli spessi, sottili, sfibrati, crespi o con doppie punte. Sulle punte dei capelli crespi e spessi.\\nPer attivare il supporto dello screen reader, premi Ctrl+Alt+Z Per informazioni sulle scorciatoie da tastiera, premi Ctrl+barra\\n\"}\" data-sheets-userformat=\"{\"2\":15297,\"3\":{\"1\":0},\"9\":0,\"10\":2,\"11\":0,\"12\":0,\"14\":{\"1\":2,\"2\":0},\"15\":\"Calibri\",\"16\":11}\">-Vektor f\u00fcr andere Extrakte Zarte Babyhaut im Gesicht und am K\u00f6rper bei Windelreizungen.<\/span><\/p>\n<p>Es ist auch gut f\u00fcr: Haare, die Sonne, Wind, Salz, K\u00e4lte und Smog ausgesetzt sind. Bei dicken, d\u00fcnnen, spr\u00f6den, krausen oder gespaltenen Spitzen. F\u00fcr die Spitzen von krausem, dickem Haar.<\/p>\n","protected":false},"excerpt":{"rendered":"<p>Sheabutter, die sowohl f\u00fcr Erwachsene als auch f\u00fcr Kinder geeignet ist. Erh\u00e4ltlich in zwei Gr\u00f6\u00dfen.<\/p>\n","protected":false},"featured_media":37498,"template":"","meta":{"_acf_changed":false},"product_brand":[],"product_cat":[12985,1895,1495,12980,9904],"product_tag":[4147,757,4729,432,434,9619],"class_list":{"0":"post-52758","1":"product","2":"type-product","3":"status-publish","4":"has-post-thumbnail","6":"product_cat-body","7":"product_cat-kinder","8":"product_cat-kosmetik","9":"product_cat-mikrokosmos","10":"product_cat-pink-bird","11":"product_tag-butter-de","12":"product_tag-gesicht","13":"product_tag-maske-de-2","14":"product_tag-shea","15":"product_tag-spagyrik","16":"product_tag-trockenheit","17":"pa_formato-500ml-de","18":"pa_formato-50ml-de","20":"first","21":"instock","22":"taxable","23":"shipping-taxable","24":"purchasable","25":"product-type-variable"},"acf":[],"jetpack_sharing_enabled":true,"_links":{"self":[{"href":"https:\/\/cndestetik.ch\/de\/wp-json\/wp\/v2\/product\/52758","targetHints":{"allow":["GET"]}}],"collection":[{"href":"https:\/\/cndestetik.ch\/de\/wp-json\/wp\/v2\/product"}],"about":[{"href":"https:\/\/cndestetik.ch\/de\/wp-json\/wp\/v2\/types\/product"}],"wp:featuredmedia":[{"embeddable":true,"href":"https:\/\/cndestetik.ch\/de\/wp-json\/wp\/v2\/media\/37498"}],"wp:attachment":[{"href":"https:\/\/cndestetik.ch\/de\/wp-json\/wp\/v2\/media?parent=52758"}],"wp:term":[{"taxonomy":"product_brand","embeddable":true,"href":"https:\/\/cndestetik.ch\/de\/wp-json\/wp\/v2\/product_brand?post=52758"},{"taxonomy":"product_cat","embeddable":true,"href":"https:\/\/cndestetik.ch\/de\/wp-json\/wp\/v2\/product_cat?post=52758"},{"taxonomy":"product_tag","embeddable":true,"href":"https:\/\/cndestetik.ch\/de\/wp-json\/wp\/v2\/product_tag?post=52758"}],"curies":[{"name":"wp","href":"https:\/\/api.w.org\/{rel}","templated":true}]}}