{"id":52754,"date":"2020-10-15T11:41:39","date_gmt":"2020-10-15T09:41:39","guid":{"rendered":"https:\/\/cndestetik.ch\/prodotto\/koerperoel-lavendel\/"},"modified":"2022-11-15T17:03:14","modified_gmt":"2022-11-15T16:03:14","slug":"korperol-lavendel","status":"publish","type":"product","link":"https:\/\/cndestetik.ch\/de\/prodotto\/korperol-lavendel\/","title":{"rendered":"K\u00f6rper\u00f6l Lavendel"},"content":{"rendered":"<p><span data-sheets-value=\"{\"1\":2,\"2\":\"Una coccola prima della buonanotte, rilassa il corpo e la mente grazie alla presenza della Lavanda che con le sue caratteristiche rilassanti aiuta e concilia il riposo.\\n\\nIdeale anche in caso di infiammazioni e-o arrossamenti cutanei.\\n\\nIngredienti 100% Organici e Naturali\\nVegan\\nCruelty Free\"}\" data-sheets-userformat=\"{\"2\":15297,\"3\":{\"1\":0},\"9\":0,\"10\":2,\"11\":0,\"12\":0,\"14\":{\"1\":2,\"2\":0},\"15\":\"Calibri\",\"16\":11}\">Vor dem Schlafengehen entspannt es K\u00f6rper und Geist dank der Anwesenheit von Lavendel, der mit seinen entspannenden Eigenschaften die Ruhe f\u00f6rdert und vers\u00f6hnt.<\/span><\/p>\n<p>Ideal auch bei Entz\u00fcndungen und\/oder R\u00f6tungen der Haut.<\/p>\n<p><span data-sheets-value=\"{\"1\":2,\"2\":\"Una coccola prima della buonanotte, rilassa il corpo e la mente grazie alla presenza della Lavanda che con le sue caratteristiche rilassanti aiuta e concilia il riposo.\\n\\nIdeale anche in caso di infiammazioni e-o arrossamenti cutanei.\\n\\nIngredienti 100% Organici e Naturali\\nVegan\\nCruelty Free\"}\" data-sheets-userformat=\"{\"2\":15297,\"3\":{\"1\":0},\"9\":0,\"10\":2,\"11\":0,\"12\":0,\"14\":{\"1\":2,\"2\":0},\"15\":\"Calibri\",\"16\":11}\">Gr\u00f6\u00dfe: 125ml<\/span><\/p>\n<p>100% biologische und nat\u00fcrliche Inhaltsstoffe<br \/>\nVegan<br \/>\nGrausamkeitsfrei<\/p>\n","protected":false},"excerpt":{"rendered":"<p>Das K\u00f6rper\u00f6l ist f\u00fcr Kinder geeignet und entspannt K\u00f6rper und Geist.<\/p>\n","protected":false},"featured_media":37507,"template":"","meta":{"_acf_changed":false},"product_brand":[],"product_cat":[1895],"product_tag":[8919,9099,2345,515,2192,434],"class_list":{"0":"post-52754","1":"product","2":"type-product","3":"status-publish","4":"has-post-thumbnail","6":"product_cat-kinder","7":"product_tag-kinder-de","8":"product_tag-kinderlinie","9":"product_tag-korper","10":"product_tag-lavendel","11":"product_tag-ol-de","12":"product_tag-spagyrik","14":"first","15":"instock","16":"taxable","17":"shipping-taxable","18":"purchasable","19":"product-type-simple"},"acf":[],"jetpack_sharing_enabled":true,"_links":{"self":[{"href":"https:\/\/cndestetik.ch\/de\/wp-json\/wp\/v2\/product\/52754","targetHints":{"allow":["GET"]}}],"collection":[{"href":"https:\/\/cndestetik.ch\/de\/wp-json\/wp\/v2\/product"}],"about":[{"href":"https:\/\/cndestetik.ch\/de\/wp-json\/wp\/v2\/types\/product"}],"wp:featuredmedia":[{"embeddable":true,"href":"https:\/\/cndestetik.ch\/de\/wp-json\/wp\/v2\/media\/37507"}],"wp:attachment":[{"href":"https:\/\/cndestetik.ch\/de\/wp-json\/wp\/v2\/media?parent=52754"}],"wp:term":[{"taxonomy":"product_brand","embeddable":true,"href":"https:\/\/cndestetik.ch\/de\/wp-json\/wp\/v2\/product_brand?post=52754"},{"taxonomy":"product_cat","embeddable":true,"href":"https:\/\/cndestetik.ch\/de\/wp-json\/wp\/v2\/product_cat?post=52754"},{"taxonomy":"product_tag","embeddable":true,"href":"https:\/\/cndestetik.ch\/de\/wp-json\/wp\/v2\/product_tag?post=52754"}],"curies":[{"name":"wp","href":"https:\/\/api.w.org\/{rel}","templated":true}]}}