{"id":52730,"date":"2020-10-15T11:44:02","date_gmt":"2020-10-15T09:44:02","guid":{"rendered":"https:\/\/cndestetik.ch\/prodotto\/creme-zur-behandlung-von-cellulite\/"},"modified":"2025-02-07T09:00:22","modified_gmt":"2025-02-07T08:00:22","slug":"creme-cellulite-behandlung","status":"publish","type":"product","link":"https:\/\/cndestetik.ch\/de\/prodotto\/creme-cellulite-behandlung\/","title":{"rendered":"Creme zur Behandlung von Cellulite"},"content":{"rendered":"<p>E<span data-sheets-value=\"{\"1\":2,\"2\":\"Stimola il drenaggio dei liquidi lasciando una piacevole sensazione di leggerezza.\\n\\nE' ottima da utilizzare dopo un trattamento domestico come il bagno con i sali di epsom, oppure un fango snellente ... ma anche come mantenimento nella lotta contro la lipolisi.\\nL'ideale sarebbe utilizzarla sempre dopo la doccia, con la pelle leggermente umida che favorisce il suo assorbimento.\\n\\nE' molto consigliata anche alle donne in gravidanza, da applicare soprattutto sulle cosce, in quanto maniene la pelle molto elastica e di conseguenza riducono il rischio di formazione di smagliature.\"}\" data-sheets-userformat=\"{\"2\":15297,\"3\":{\"1\":0},\"9\":0,\"10\":2,\"11\":0,\"12\":0,\"14\":{\"1\":2,\"2\":0},\"15\":\"Calibri\",\"16\":11}\">s regt den Fl\u00fcssigkeitsabfluss an und hinterl\u00e4sst ein angenehmes Gef\u00fchl der Leichtigkeit.<\/span> Es eignet sich hervorragend f\u00fcr die Anwendung nach einer Heimbehandlung wie einem Bad mit Bittersalz oder einem Schlammbad, aber auch als Pflege im Kampf gegen die Lipolyse. Idealerweise sollte es immer nach dem Duschen angewendet werden, wobei die Haut leicht angefeuchtet sein sollte, was die Absorption beg\u00fcnstigt. Es ist auch sehr empfehlenswert f\u00fcr schwangere Frauen, insbesondere f\u00fcr die Oberschenkel, da es die Haut sehr elastisch h\u00e4lt und somit das Risiko der Bildung von Dehnungsstreifen verringert.<\/p>\n","protected":false},"excerpt":{"rendered":"<p>Creme, die nach einem Bad zusammen mit Bittersalz oder Schlamm zum Abnehmen verwendet werden kann.<\/p>\n","protected":false},"featured_media":37407,"template":"","meta":{"_acf_changed":false},"product_brand":[],"product_cat":[12985,1495,12980],"product_tag":[1030,3606,3836,2023,488,434],"class_list":{"0":"post-52730","1":"product","2":"type-product","3":"status-publish","4":"has-post-thumbnail","6":"product_cat-body","7":"product_cat-kosmetik","8":"product_cat-mikrokosmos","9":"product_tag-behandlung","10":"product_tag-cellulite-de","11":"product_tag-creme-de","12":"product_tag-entleerung","13":"product_tag-rosmarin","14":"product_tag-spagyrik","15":"pa_formato-200ml-de","16":"pa_formato-500ml-de","18":"first","19":"instock","20":"taxable","21":"shipping-taxable","22":"purchasable","23":"product-type-variable","24":"has-default-attributes"},"acf":[],"jetpack_sharing_enabled":true,"_links":{"self":[{"href":"https:\/\/cndestetik.ch\/de\/wp-json\/wp\/v2\/product\/52730","targetHints":{"allow":["GET"]}}],"collection":[{"href":"https:\/\/cndestetik.ch\/de\/wp-json\/wp\/v2\/product"}],"about":[{"href":"https:\/\/cndestetik.ch\/de\/wp-json\/wp\/v2\/types\/product"}],"wp:featuredmedia":[{"embeddable":true,"href":"https:\/\/cndestetik.ch\/de\/wp-json\/wp\/v2\/media\/37407"}],"wp:attachment":[{"href":"https:\/\/cndestetik.ch\/de\/wp-json\/wp\/v2\/media?parent=52730"}],"wp:term":[{"taxonomy":"product_brand","embeddable":true,"href":"https:\/\/cndestetik.ch\/de\/wp-json\/wp\/v2\/product_brand?post=52730"},{"taxonomy":"product_cat","embeddable":true,"href":"https:\/\/cndestetik.ch\/de\/wp-json\/wp\/v2\/product_cat?post=52730"},{"taxonomy":"product_tag","embeddable":true,"href":"https:\/\/cndestetik.ch\/de\/wp-json\/wp\/v2\/product_tag?post=52730"}],"curies":[{"name":"wp","href":"https:\/\/api.w.org\/{rel}","templated":true}]}}