{"id":52727,"date":"2020-10-15T11:44:22","date_gmt":"2020-10-15T09:44:22","guid":{"rendered":"https:\/\/cndestetik.ch\/prodotto\/hyaluronsaeure-serum-augen-und-lippenkontur\/"},"modified":"2025-02-07T08:28:24","modified_gmt":"2025-02-07T07:28:24","slug":"serum-saure-hyaluronsaure-augen-und-lippen","status":"publish","type":"product","link":"https:\/\/cndestetik.ch\/de\/prodotto\/serum-saure-hyaluronsaure-augen-und-lippen\/","title":{"rendered":"Hyalurons\u00e4ure-Serum Augen- und Lippenkontur"},"content":{"rendered":"<p><span data-sheets-value=\"{\"1\":2,\"2\":\"I sieri all'acido ialuronico sono da applicare prima della crema o dell'oleolito viso, ottimi durante un trattamento e da consigliare per l'utilizzo quotidiano a casa. Caratterizzati da un ottimo assorbimento, se applicati a fine trattamento generano un leggero effetto tensore sulla pelle.\\nContiene Acido Ialuronico ed Estratto Spagirico di Echinacea. Adatto su tutto il viso, ma specifico per le rughe nei punti pi\u00f9 sollecitati dalle espressioni. Ottimo per combattere l'invecchiamento cutaneo; agisce come rigeneratore cellulare. Dona un piacevole effetto tensore e fresco molto benefico per occhi affaticati e stanchi.\"}\" data-sheets-userformat=\"{\"2\":15297,\"3\":{\"1\":0},\"9\":0,\"10\":2,\"11\":0,\"12\":0,\"14\":{\"1\":2,\"2\":0},\"15\":\"Calibri\",\"16\":11}\">Die Hyalurons\u00e4ure-Seren werden vor der Gesichtscreme oder dem Gesichts\u00f6l aufgetragen, eignen sich hervorragend f\u00fcr eine Behandlung und werden f\u00fcr die t\u00e4gliche Anwendung zu Hause empfohlen. Sie zeichnen sich durch eine hervorragende Absorption aus und haben bei der Anwendung am Ende der Behandlung eine leicht straffende Wirkung auf die Haut.<br \/>\n<\/span><\/p>\n<p><span data-sheets-value=\"{\"1\":2,\"2\":\"I sieri all'acido ialuronico sono da applicare prima della crema o dell'oleolito viso, ottimi durante un trattamento e da consigliare per l'utilizzo quotidiano a casa. Caratterizzati da un ottimo assorbimento, se applicati a fine trattamento generano un leggero effetto tensore sulla pelle.\\nContiene Acido Ialuronico ed Estratto Spagirico di Echinacea. Adatto su tutto il viso, ma specifico per le rughe nei punti pi\u00f9 sollecitati dalle espressioni. Ottimo per combattere l'invecchiamento cutaneo; agisce come rigeneratore cellulare. Dona un piacevole effetto tensore e fresco molto benefico per occhi affaticati e stanchi.\"}\" data-sheets-userformat=\"{\"2\":15297,\"3\":{\"1\":0},\"9\":0,\"10\":2,\"11\":0,\"12\":0,\"14\":{\"1\":2,\"2\":0},\"15\":\"Calibri\",\"16\":11}\">Enth\u00e4lt Hyalurons\u00e4ure und spagyrischen Echinacea-Extrakt. Geeignet f\u00fcr das ganze Gesicht, aber speziell f\u00fcr Falten in den Bereichen, die am meisten von Mimik betroffen sind.  <\/span><\/p>\n<p><span data-sheets-value=\"{\"1\":2,\"2\":\"I sieri all'acido ialuronico sono da applicare prima della crema o dell'oleolito viso, ottimi durante un trattamento e da consigliare per l'utilizzo quotidiano a casa. Caratterizzati da un ottimo assorbimento, se applicati a fine trattamento generano un leggero effetto tensore sulla pelle.\\nContiene Acido Ialuronico ed Estratto Spagirico di Echinacea. Adatto su tutto il viso, ma specifico per le rughe nei punti pi\u00f9 sollecitati dalle espressioni. Ottimo per combattere l'invecchiamento cutaneo; agisce come rigeneratore cellulare. Dona un piacevole effetto tensore e fresco molto benefico per occhi affaticati e stanchi.\"}\" data-sheets-userformat=\"{\"2\":15297,\"3\":{\"1\":0},\"9\":0,\"10\":2,\"11\":0,\"12\":0,\"14\":{\"1\":2,\"2\":0},\"15\":\"Calibri\",\"16\":11}\">Ausgezeichnet zur Bek\u00e4mpfung der Hautalterung; wirkt zellregenerierend. Es hat eine angenehm straffende und k\u00fchlende Wirkung, die f\u00fcr m\u00fcde und ersch\u00f6pfte Augen sehr wohltuend ist.<\/span><\/p>\n<p>Gr\u00f6\u00dfe: 30ml<\/p>\n","protected":false},"excerpt":{"rendered":"<p>Serum mit<span data-sheets-value=\"{\"1\":2,\"2\":\"I sieri all'acido ialuronico sono da applicare prima della crema o dell'oleolito viso, ottimi durante un trattamento e da consigliare per l'utilizzo quotidiano a casa. Caratterizzati da un ottimo assorbimento, se applicati a fine trattamento generano un leggero effetto tensore sulla pelle.\\nContiene Acido Ialuronico ed Estratto Spagirico di Echinacea. Adatto su tutto il viso, ma specifico per le rughe nei punti pi\u00f9 sollecitati dalle espressioni. Ottimo per combattere l'invecchiamento cutaneo; agisce come rigeneratore cellulare. Dona un piacevole effetto tensore e fresco molto benefico per occhi affaticati e stanchi.\"}\" data-sheets-userformat=\"{\"2\":15297,\"3\":{\"1\":0},\"9\":0,\"10\":2,\"11\":0,\"12\":0,\"14\":{\"1\":2,\"2\":0},\"15\":\"Calibri\",\"16\":11}\">spagyrischem Echinacea-Extrakt<\/span>.<\/p>\n","protected":false},"featured_media":37392,"template":"","meta":{"_acf_changed":false},"product_brand":[],"product_cat":[12988,1495,12980],"product_tag":[723,7278,2169,9085,742,8952,7567],"class_list":{"0":"post-52727","1":"product","2":"type-product","3":"status-publish","4":"has-post-thumbnail","6":"product_cat-gesicht","7":"product_cat-kosmetik","8":"product_cat-mikrokosmos","9":"product_tag-augen","10":"product_tag-echinacea-de","11":"product_tag-hyaluronsaure-de","12":"product_tag-kontur-de","13":"product_tag-lippen","14":"product_tag-saure","15":"product_tag-serum-de-2","17":"first","18":"instock","19":"taxable","20":"shipping-taxable","21":"purchasable","22":"product-type-simple"},"acf":[],"jetpack_sharing_enabled":true,"_links":{"self":[{"href":"https:\/\/cndestetik.ch\/de\/wp-json\/wp\/v2\/product\/52727","targetHints":{"allow":["GET"]}}],"collection":[{"href":"https:\/\/cndestetik.ch\/de\/wp-json\/wp\/v2\/product"}],"about":[{"href":"https:\/\/cndestetik.ch\/de\/wp-json\/wp\/v2\/types\/product"}],"wp:featuredmedia":[{"embeddable":true,"href":"https:\/\/cndestetik.ch\/de\/wp-json\/wp\/v2\/media\/37392"}],"wp:attachment":[{"href":"https:\/\/cndestetik.ch\/de\/wp-json\/wp\/v2\/media?parent=52727"}],"wp:term":[{"taxonomy":"product_brand","embeddable":true,"href":"https:\/\/cndestetik.ch\/de\/wp-json\/wp\/v2\/product_brand?post=52727"},{"taxonomy":"product_cat","embeddable":true,"href":"https:\/\/cndestetik.ch\/de\/wp-json\/wp\/v2\/product_cat?post=52727"},{"taxonomy":"product_tag","embeddable":true,"href":"https:\/\/cndestetik.ch\/de\/wp-json\/wp\/v2\/product_tag?post=52727"}],"curies":[{"name":"wp","href":"https:\/\/api.w.org\/{rel}","templated":true}]}}