{"id":52725,"date":"2020-10-15T11:44:32","date_gmt":"2020-10-15T09:44:32","guid":{"rendered":"https:\/\/cndestetik.ch\/prodotto\/hoelzerner-kamm\/"},"modified":"2022-11-15T17:29:37","modified_gmt":"2022-11-15T16:29:37","slug":"kamm-in-holz","status":"publish","type":"product","link":"https:\/\/cndestetik.ch\/de\/prodotto\/kamm-in-holz\/","title":{"rendered":"H\u00f6lzerner Kamm"},"content":{"rendered":"<p>Holzkamm, n\u00fctzlich zum Entwirren der Haare, ohne sie zu brechen oder zu schw\u00e4chen. Es ist besonders f\u00fcr mittellanges und langes, glattes oder gewelltes Haar geeignet. Es ist von Natur aus antistatisch, d.h. das Haar wird beim K\u00e4mmen nicht elektrisch.<\/p>\n<p>Dank der abgerundeten Spitzen ist beim K\u00e4mmen eine angenehme Kopfhautmassage m\u00f6glich. Die Durchblutung der Haarzellen wird angeregt und Giftstoffe werden abtransportiert.<\/p>\n<p>Dank seiner geringen Gr\u00f6\u00dfe l\u00e4sst er sich leicht in der Tasche oder im Urlaub mitnehmen.<\/p>\n","protected":false},"excerpt":{"rendered":"<p>Dank seiner geringen Gr\u00f6\u00dfe l\u00e4sst er sich leicht in der Tasche oder im Urlaub mitnehmen.<\/p>\n","protected":false},"featured_media":36690,"template":"","meta":{"_acf_changed":false},"product_brand":[],"product_cat":[1924],"product_tag":[2045,3649,4352,9084],"class_list":{"0":"post-52725","1":"product","2":"type-product","3":"status-publish","4":"has-post-thumbnail","6":"product_cat-ermittlung","7":"product_tag-entgiftung","8":"product_tag-entspannend","9":"product_tag-holz","10":"product_tag-kamm-de","12":"first","13":"instock","14":"taxable","15":"shipping-taxable","16":"purchasable","17":"product-type-simple"},"acf":[],"jetpack_sharing_enabled":true,"_links":{"self":[{"href":"https:\/\/cndestetik.ch\/de\/wp-json\/wp\/v2\/product\/52725","targetHints":{"allow":["GET"]}}],"collection":[{"href":"https:\/\/cndestetik.ch\/de\/wp-json\/wp\/v2\/product"}],"about":[{"href":"https:\/\/cndestetik.ch\/de\/wp-json\/wp\/v2\/types\/product"}],"wp:featuredmedia":[{"embeddable":true,"href":"https:\/\/cndestetik.ch\/de\/wp-json\/wp\/v2\/media\/36690"}],"wp:attachment":[{"href":"https:\/\/cndestetik.ch\/de\/wp-json\/wp\/v2\/media?parent=52725"}],"wp:term":[{"taxonomy":"product_brand","embeddable":true,"href":"https:\/\/cndestetik.ch\/de\/wp-json\/wp\/v2\/product_brand?post=52725"},{"taxonomy":"product_cat","embeddable":true,"href":"https:\/\/cndestetik.ch\/de\/wp-json\/wp\/v2\/product_cat?post=52725"},{"taxonomy":"product_tag","embeddable":true,"href":"https:\/\/cndestetik.ch\/de\/wp-json\/wp\/v2\/product_tag?post=52725"}],"curies":[{"name":"wp","href":"https:\/\/api.w.org\/{rel}","templated":true}]}}